{"id":108,"date":"2019-09-27T17:04:56","date_gmt":"2019-09-27T17:04:56","guid":{"rendered":"https:\/\/deafmoroccotours.com\/wp\/?page_id=108"},"modified":"2022-08-29T11:44:38","modified_gmt":"2022-08-29T11:44:38","slug":"excursion-dune-journee-de-marrakech-a-la-vallee-de-lourika","status":"publish","type":"page","link":"https:\/\/deafmoroccotours.com\/fr\/excursion-dune-journee-de-marrakech-a-la-vallee-de-lourika\/","title":{"rendered":"Excursion d&#8217;une journ\u00e9e de Marrakech \u00e0 la vall\u00e9e de l&#8217;Ourika"},"content":{"rendered":"<p>D\u00e9part de l&#8217;H\u00f4tel\/Riad \u00e0 09h30 : Un beau trajet en voiture vous emm\u00e8ne au pied de l&#8217;Atlas o\u00f9 vous d\u00e9couvrirez les petits villages de pis\u00e9, rouges accroch\u00e9s aux flancs de la montagne, l&#8217;agriculture en terrasse, et les rives de la rivi\u00e8re fra\u00eeche.<\/p>\n<p>Vous visiterez une maison berb\u00e8re pour explorer leur mode de vie, la simplicit\u00e9 des \u00e9quipements et avoir une id\u00e9e sur la vie priv\u00e9e berb\u00e8re, puis vous assisterez \u00e0 la pr\u00e9paration du th\u00e9 \u00e0 la menthe et le d\u00e9gusterez en famille.<\/p>\n","protected":false},"excerpt":{"rendered":"<p>D\u00e9part de l&#8217;H\u00f4tel\/Riad \u00e0 09h30 : Un beau trajet en voiture vous emm\u00e8ne au pied de l&#8217;Atlas o\u00f9 vous d\u00e9couvrirez les petits villages de pis\u00e9, rouges<span class=\"excerpt-hellip\"> [\u2026]<\/span><\/p>\n","protected":false},"author":1,"featured_media":0,"parent":0,"menu_order":0,"comment_status":"closed","ping_status":"closed","template":"","meta":{"ngg_post_thumbnail":0},"_links":{"self":[{"href":"https:\/\/deafmoroccotours.com\/fr\/wp-json\/wp\/v2\/pages\/108"}],"collection":[{"href":"https:\/\/deafmoroccotours.com\/fr\/wp-json\/wp\/v2\/pages"}],"about":[{"href":"https:\/\/deafmoroccotours.com\/fr\/wp-json\/wp\/v2\/types\/page"}],"author":[{"embeddable":true,"href":"https:\/\/deafmoroccotours.com\/fr\/wp-json\/wp\/v2\/users\/1"}],"replies":[{"embeddable":true,"href":"https:\/\/deafmoroccotours.com\/fr\/wp-json\/wp\/v2\/comments?post=108"}],"version-history":[{"count":4,"href":"https:\/\/deafmoroccotours.com\/fr\/wp-json\/wp\/v2\/pages\/108\/revisions"}],"predecessor-version":[{"id":375,"href":"https:\/\/deafmoroccotours.com\/fr\/wp-json\/wp\/v2\/pages\/108\/revisions\/375"}],"wp:attachment":[{"href":"https:\/\/deafmoroccotours.com\/fr\/wp-json\/wp\/v2\/media?parent=108"}],"curies":[{"name":"wp","href":"https:\/\/api.w.org\/{rel}","templated":true}]}}