{"id":111,"date":"2019-09-27T17:05:35","date_gmt":"2019-09-27T17:05:35","guid":{"rendered":"https:\/\/deafmoroccotours.com\/wp\/?page_id=111"},"modified":"2022-08-29T11:44:49","modified_gmt":"2022-08-29T11:44:49","slug":"excursion-a-marrakech-et-excursion-a-la-cascade-douzoud","status":"publish","type":"page","link":"https:\/\/deafmoroccotours.com\/fr\/excursion-a-marrakech-et-excursion-a-la-cascade-douzoud\/","title":{"rendered":"Excursion \u00e0 Marrakech et excursion \u00e0 la cascade d&#8217;Ouzoud"},"content":{"rendered":"<p>Les cascades sont situ\u00e9es dans le village du Grand atlas de Tanaghmeilt, C&#8217;est le site le plus visit\u00e9 de la r\u00e9gion. Dans les environs, on trouve des vall\u00e9es vertes, des moulins, des vergers et un superbe circuit des gorges de la rivi\u00e8re des Esclaves. Ouzoud est le mot berb\u00e8re qui signifie &#8220;olive&#8221;, en r\u00e9f\u00e9rence aux oliviers situ\u00e9s \u00e0 proximit\u00e9.<\/p>\n<p>Le bas des chutes est accessible par un chemin ombrag\u00e9 d&#8217;oliviers. Au sommet des chutes, il existe une douzaine d&#8217;anciens petits moulins qui sont toujours en activit\u00e9. Au cr\u00e9puscule, on peut observer des troupes enti\u00e8res de Singes. On peut \u00e9galement suivre une piste \u00e9troite et difficile menant \u00e0 la route de Benni Malal en descendant les gorges du &#8220;Wadi el-Abid&#8221; par un canyon dont on ne distingue parfois pas le fond \u00e0 pr\u00e8s de 600 m\u00e8tres.<\/p>\n","protected":false},"excerpt":{"rendered":"<p>Les cascades sont situ\u00e9es dans le village du Grand atlas de Tanaghmeilt, C&#8217;est le site le plus visit\u00e9 de la r\u00e9gion. Dans les environs, on trouve<span class=\"excerpt-hellip\"> [\u2026]<\/span><\/p>\n","protected":false},"author":1,"featured_media":0,"parent":0,"menu_order":0,"comment_status":"closed","ping_status":"closed","template":"","meta":{"ngg_post_thumbnail":0},"_links":{"self":[{"href":"https:\/\/deafmoroccotours.com\/fr\/wp-json\/wp\/v2\/pages\/111"}],"collection":[{"href":"https:\/\/deafmoroccotours.com\/fr\/wp-json\/wp\/v2\/pages"}],"about":[{"href":"https:\/\/deafmoroccotours.com\/fr\/wp-json\/wp\/v2\/types\/page"}],"author":[{"embeddable":true,"href":"https:\/\/deafmoroccotours.com\/fr\/wp-json\/wp\/v2\/users\/1"}],"replies":[{"embeddable":true,"href":"https:\/\/deafmoroccotours.com\/fr\/wp-json\/wp\/v2\/comments?post=111"}],"version-history":[{"count":3,"href":"https:\/\/deafmoroccotours.com\/fr\/wp-json\/wp\/v2\/pages\/111\/revisions"}],"predecessor-version":[{"id":353,"href":"https:\/\/deafmoroccotours.com\/fr\/wp-json\/wp\/v2\/pages\/111\/revisions\/353"}],"wp:attachment":[{"href":"https:\/\/deafmoroccotours.com\/fr\/wp-json\/wp\/v2\/media?parent=111"}],"curies":[{"name":"wp","href":"https:\/\/api.w.org\/{rel}","templated":true}]}}