{"id":113,"date":"2019-09-27T17:07:05","date_gmt":"2019-09-27T17:07:05","guid":{"rendered":"https:\/\/deafmoroccotours.com\/wp\/?page_id=113"},"modified":"2022-08-29T11:44:46","modified_gmt":"2022-08-29T11:44:46","slug":"excursion-dune-journee-de-marrakech-a-ait-ben-haddou","status":"publish","type":"page","link":"https:\/\/deafmoroccotours.com\/fr\/excursion-dune-journee-de-marrakech-a-ait-ben-haddou\/","title":{"rendered":"Excursion d&#8217;une journ\u00e9e de Marrakech \u00e0 Ait Ben Haddou"},"content":{"rendered":"<p>ette excursion d&#8217;une journ\u00e9e vers ait ben haddou et ouarzazate, traversera compl\u00e8tement la cha\u00eene du Haut Atlas par la route de Tizi n&#8217;Tichka, en passant par la route la plus haute d&#8217;Afrique ; admirez les montagnes des beaux et traditionnels villages berb\u00e8res.<\/p>\n<p>Vous remarquerez la diff\u00e9rence entre les deux c\u00f4t\u00e9s de la cha\u00eene : le Nord conserve un caract\u00e8re m\u00e9diterran\u00e9en \u00e9vident, tandis que le Sud est beaucoup plus aride et saharien. Cela se marque dans la v\u00e9g\u00e9tation, mais aussi dans le mode de construction de l&#8217;habitat traditionnel qui tient compte de conditions climatiques tr\u00e8s diff\u00e9rentes.<\/p>\n","protected":false},"excerpt":{"rendered":"<p>ette excursion d&#8217;une journ\u00e9e vers ait ben haddou et ouarzazate, traversera compl\u00e8tement la cha\u00eene du Haut Atlas par la route de Tizi n&#8217;Tichka, en passant par<span class=\"excerpt-hellip\"> [\u2026]<\/span><\/p>\n","protected":false},"author":1,"featured_media":0,"parent":0,"menu_order":0,"comment_status":"closed","ping_status":"closed","template":"","meta":{"ngg_post_thumbnail":0},"_links":{"self":[{"href":"https:\/\/deafmoroccotours.com\/fr\/wp-json\/wp\/v2\/pages\/113"}],"collection":[{"href":"https:\/\/deafmoroccotours.com\/fr\/wp-json\/wp\/v2\/pages"}],"about":[{"href":"https:\/\/deafmoroccotours.com\/fr\/wp-json\/wp\/v2\/types\/page"}],"author":[{"embeddable":true,"href":"https:\/\/deafmoroccotours.com\/fr\/wp-json\/wp\/v2\/users\/1"}],"replies":[{"embeddable":true,"href":"https:\/\/deafmoroccotours.com\/fr\/wp-json\/wp\/v2\/comments?post=113"}],"version-history":[{"count":3,"href":"https:\/\/deafmoroccotours.com\/fr\/wp-json\/wp\/v2\/pages\/113\/revisions"}],"predecessor-version":[{"id":352,"href":"https:\/\/deafmoroccotours.com\/fr\/wp-json\/wp\/v2\/pages\/113\/revisions\/352"}],"wp:attachment":[{"href":"https:\/\/deafmoroccotours.com\/fr\/wp-json\/wp\/v2\/media?parent=113"}],"curies":[{"name":"wp","href":"https:\/\/api.w.org\/{rel}","templated":true}]}}