{"id":115,"date":"2019-09-27T17:08:23","date_gmt":"2019-09-27T17:08:23","guid":{"rendered":"https:\/\/deafmoroccotours.com\/wp\/?page_id=115"},"modified":"2022-08-29T11:44:43","modified_gmt":"2022-08-29T11:44:43","slug":"excursion-dune-journee-de-marrakech-a-essaouira","status":"publish","type":"page","link":"https:\/\/deafmoroccotours.com\/fr\/excursion-dune-journee-de-marrakech-a-essaouira\/","title":{"rendered":"Excursion d&#8217;une journ\u00e9e de Marrakech \u00e0 Essaouira"},"content":{"rendered":"<p>D\u00e9part de Marrakech \u00e0 08h00, pr\u00eat pour un voyage de 3 heures vers la belle Essaouira sur la c\u00f4te atlantique. Une fois arriv\u00e9 dans la ville portuaire, anciennement connue sous le nom de Mogador, vous aurez le temps d&#8217;appr\u00e9cier les charmants sites d&#8217;Essaouira, notamment ses murs de couleur ocre, la belle place Moulay El Hassan, et les souks, ainsi que les petites rues de l&#8217;ancienne m\u00e9dina de la ville. Profitez d&#8217;un d\u00e9jeuner de poisson frais dans un restaurant local.<\/p>\n<p>Au cours de votre voyage, visitez une association de femmes berb\u00e8res produisant de l&#8217;huile d&#8217;argan, voyez les march\u00e9s locaux et \u00e9merveillez-vous devant les pierres pr\u00e9cieuses du quartier des bijoutiers.<\/p>\n<p>Vous retournerez \u00e0 Marrakech en fin d&#8217;apr\u00e8s-midi, pour arriver dans la &#8220;Ville Rouge&#8221; vers 19h00.<\/p>\n","protected":false},"excerpt":{"rendered":"<p>D\u00e9part de Marrakech \u00e0 08h00, pr\u00eat pour un voyage de 3 heures vers la belle Essaouira sur la c\u00f4te atlantique. Une fois arriv\u00e9 dans la ville<span class=\"excerpt-hellip\"> [\u2026]<\/span><\/p>\n","protected":false},"author":1,"featured_media":0,"parent":0,"menu_order":0,"comment_status":"closed","ping_status":"closed","template":"","meta":{"ngg_post_thumbnail":0},"_links":{"self":[{"href":"https:\/\/deafmoroccotours.com\/fr\/wp-json\/wp\/v2\/pages\/115"}],"collection":[{"href":"https:\/\/deafmoroccotours.com\/fr\/wp-json\/wp\/v2\/pages"}],"about":[{"href":"https:\/\/deafmoroccotours.com\/fr\/wp-json\/wp\/v2\/types\/page"}],"author":[{"embeddable":true,"href":"https:\/\/deafmoroccotours.com\/fr\/wp-json\/wp\/v2\/users\/1"}],"replies":[{"embeddable":true,"href":"https:\/\/deafmoroccotours.com\/fr\/wp-json\/wp\/v2\/comments?post=115"}],"version-history":[{"count":2,"href":"https:\/\/deafmoroccotours.com\/fr\/wp-json\/wp\/v2\/pages\/115\/revisions"}],"predecessor-version":[{"id":351,"href":"https:\/\/deafmoroccotours.com\/fr\/wp-json\/wp\/v2\/pages\/115\/revisions\/351"}],"wp:attachment":[{"href":"https:\/\/deafmoroccotours.com\/fr\/wp-json\/wp\/v2\/media?parent=115"}],"curies":[{"name":"wp","href":"https:\/\/api.w.org\/{rel}","templated":true}]}}