{"id":117,"date":"2019-09-27T17:12:07","date_gmt":"2019-09-27T17:12:07","guid":{"rendered":"https:\/\/deafmoroccotours.com\/wp\/?page_id=117"},"modified":"2022-08-29T10:26:13","modified_gmt":"2022-08-29T10:26:13","slug":"4-jours-de-marrakech-a-fes-via-le-desert-du-sahara","status":"publish","type":"page","link":"https:\/\/deafmoroccotours.com\/fr\/4-jours-de-marrakech-a-fes-via-le-desert-du-sahara\/","title":{"rendered":"4 jours de Marrakech \u00e0 F\u00e8s via le d\u00e9sert du Sahara"},"content":{"rendered":"<h4>Jour 01 Marrakech &#8211; Ait Ben Haddou Kasbah-Ouarzazate &#8211; Skoura Oasis &#8211; Vall\u00e9e des Roses &#8211; Boumalene Dades .<\/h4>\n<p>Le premier jour de l&#8217;excursion commencera \u00e0 8h du matin de Marrakech vers les montagnes du Haut Atlas en passant par le chemin de Tizi n&#8217;Tichka o\u00f9 vous vous arr\u00eaterez pour appr\u00e9cier les paysages de montagne. En passant par les virages de Tizi n&#8217; Tichka, vous vous dirigerez vers la Kasbah d&#8217;Ait Ben Haddou qui est la plus grande Kasbah du Maroc et qui est aussi un site du patrimoine mondial de l&#8217;UNESCO depuis 1987 et plusieurs films ont \u00e9t\u00e9 tourn\u00e9s ici. Vous ferez une pause pour le d\u00e9jeuner \u00e0 Ait Ben Haddou et continuerez votre route vers la ville de Ouarzazate qui est surnomm\u00e9e le &#8220;Hollywood du Maroc&#8221; et le lieu de tournage du Maroc. Il y existait le plus grand studio de cin\u00e9ma du monde, les Atlas Studios. Vous visiterez les monuments historiques de la Kasbah de Taourirt. Apr\u00e8s Ouarzazate, vous conduirez et exp\u00e9rimenterez le charme des paysages des Kasbahs \u00e0 travers les villages berb\u00e8res de Skoura et la vall\u00e9e des Roses renomm\u00e9e pour le festival des roses qui est organis\u00e9 chaque ann\u00e9e en mai. La nuit sera \u00e0 Bomaln Dades la vall\u00e9e des oiseaux.<\/p>\n<h4>Jour 02 : Bomaln Dades &#8211; Gorges du Todgha &#8211; Tinjdad &#8211; Merzouga. Promenade \u00e0 dos de chameau et nuit dans un camp<\/h4>\n<p>Le deuxi\u00e8me jour de l&#8217;excursion commencera de Bomaln Dades \u00e0 Merzouga qui a les plus grandes et les plus hautes dunes de sable au Maroc, Erg Chebbi. Nous passerons ensuite par Tinghir et nous dirigerons vers les gorges de Todra, qui sont les gorges les plus \u00e9troites du Maroc. Lorsque nous quitterons les gorges de Todra, nous passerons par diff\u00e9rents villages berb\u00e8res de Tinjdad, Mallab et Tourog. Le prochain arr\u00eat sera \u00e0 Jourf o\u00f9 vous verrez un ancien syst\u00e8me d&#8217;irrigation utilis\u00e9 par les anciens peuples au 16\u00e8me si\u00e8cle. Ensuite, vous continuerez vers Erfoud, la terre des fossiles, o\u00f9 il existe de nombreuses mines de fossiles. Le d\u00e9jeuner sera dans l&#8217;un des nombreux restaurants sur le chemin. Vous faites votre chemin vers Merzouga o\u00f9 vous trouverez vos chameaux qui vous attendent pour les monter pour profiter du coucher du soleil et rester dans un camp berb\u00e8re traditionnel pendant la nuit au milieu des dunes de sable et \u00e9couter de la musique de tambour berb\u00e8re sous la lune et les \u00e9toiles.<\/p>\n<h4>Jour 03 Merzouga -Gnawa music house-Errisani-Arfoud- trecking et nuit dans la vall\u00e9e du Ziz.<\/h4>\n<p>Le troisi\u00e8me jour sera une excursion dans la r\u00e9gion de Merzouga en commen\u00e7ant par la musique Gnawa dans un petit village appel\u00e9 Khamlia (un village de personnes noires qui ont \u00e9t\u00e9 amen\u00e9es de diff\u00e9rents pays africains en tant qu&#8217;esclaves et qui se sont install\u00e9es dans cette r\u00e9gion dans les ann\u00e9es 50 et 60) puis en conduisant \u00e0 Errisani, l&#8217;une des principales stations des caravanes commerciales dans le pass\u00e9 o\u00f9 vous visiterez un vieux march\u00e9 traditionnel. Ensuite, Arfoud, la terre des fossiles, o\u00f9 nous verrons l&#8217;une des nombreuses mines de fossiles (le d\u00e9jeuner sera \u00e0 Arfoud ou Errisani ou peut-\u00eatre un pique-nique), apr\u00e8s Erfoud, vous conduirez vers la vall\u00e9e de Ziz, l&#8217;une des plus grandes palmeraies d&#8217;Afrique du Nord, o\u00f9 vous passerez la nuit apr\u00e8s une heure de trekking dans la vall\u00e9e.<\/p>\n<h4>Jour 04 Vall\u00e9e du Ziz-Gorges du Ziz-Midalt-Timhdit-For\u00eat de c\u00e8dres d&#8217;Azrou-Ifran-Fez.<\/h4>\n<p>Depuis la vall\u00e9e du Ziz, vous commencerez la journ\u00e9e en vous arr\u00eatant pour admirer la vue panoramique de la vall\u00e9e du Ziz, puis vous traverserez les hautes montagnes de l&#8217;Atlas, les gorges du Ziz et le col de Tizi n&#8217;Talghomt, Midalt, la capitale des pommes, et Timhdit, le pays des cigognes. Puis vous verrez la for\u00eat de c\u00e8dres d&#8217;Azrou (qui est c\u00e9l\u00e8bre pour ses c\u00e8dres aromatiques) ; arr\u00eatez-vous-y quelques minutes pour voir les singes macaques de Barbarie et prendre quelques photos. Apr\u00e8s la for\u00eat d&#8217;Azrou, nous passerons par Ifran qui est connu comme la &#8220;Suisse marocaine&#8221;. A l&#8217;arriv\u00e9e \u00e0 F\u00e8s, notre \u00e9quipe vous conduira \u00e0 votre riad\/h\u00f4tel.<\/p>\n","protected":false},"excerpt":{"rendered":"<p>Jour 01 Marrakech &#8211; Ait Ben Haddou Kasbah-Ouarzazate &#8211; Skoura Oasis &#8211; Vall\u00e9e des Roses &#8211; Boumalene Dades . Le premier jour de l&#8217;excursion commencera \u00e0<span class=\"excerpt-hellip\"> [\u2026]<\/span><\/p>\n","protected":false},"author":1,"featured_media":0,"parent":0,"menu_order":0,"comment_status":"closed","ping_status":"closed","template":"","meta":{"ngg_post_thumbnail":0},"_links":{"self":[{"href":"https:\/\/deafmoroccotours.com\/fr\/wp-json\/wp\/v2\/pages\/117"}],"collection":[{"href":"https:\/\/deafmoroccotours.com\/fr\/wp-json\/wp\/v2\/pages"}],"about":[{"href":"https:\/\/deafmoroccotours.com\/fr\/wp-json\/wp\/v2\/types\/page"}],"author":[{"embeddable":true,"href":"https:\/\/deafmoroccotours.com\/fr\/wp-json\/wp\/v2\/users\/1"}],"replies":[{"embeddable":true,"href":"https:\/\/deafmoroccotours.com\/fr\/wp-json\/wp\/v2\/comments?post=117"}],"version-history":[{"count":5,"href":"https:\/\/deafmoroccotours.com\/fr\/wp-json\/wp\/v2\/pages\/117\/revisions"}],"predecessor-version":[{"id":355,"href":"https:\/\/deafmoroccotours.com\/fr\/wp-json\/wp\/v2\/pages\/117\/revisions\/355"}],"wp:attachment":[{"href":"https:\/\/deafmoroccotours.com\/fr\/wp-json\/wp\/v2\/media?parent=117"}],"curies":[{"name":"wp","href":"https:\/\/api.w.org\/{rel}","templated":true}]}}