{"id":119,"date":"2019-09-27T17:12:48","date_gmt":"2019-09-27T17:12:48","guid":{"rendered":"https:\/\/deafmoroccotours.com\/wp\/?page_id=119"},"modified":"2022-08-29T10:27:45","modified_gmt":"2022-08-29T10:27:45","slug":"5-jours-de-marrakech-au-desert-de-merzouga","status":"publish","type":"page","link":"https:\/\/deafmoroccotours.com\/fr\/5-jours-de-marrakech-au-desert-de-merzouga\/","title":{"rendered":"5 jours de Marrakech au d\u00e9sert de Merzouga"},"content":{"rendered":"<h4>Jour 1 : Marrakech &#8211; Ouarzazate &#8211; Gorges du Dad\u00e8s<\/h4>\n<p>Notre circuit part \u00e0 7h00 de votre Riad ou H\u00f4tel \u00e0 Marrakech en direction de Ait Ben Haddou et Ouarzazate en traversant les montagnes du haut Atlas. Apr\u00e8s le col de Tizi n&#8217;Tichka, vous quittez la route principale et prenez une route secondaire vers le village de Telouet pour visiter la Kasbah qui \u00e9tait une ancienne r\u00e9sidence de la famille Glaoui. La vall\u00e9e que nous traversons \u00e9tait une route importante pour les caravanes de commer\u00e7ants. Nous continuons sur une route d&#8217;une beaut\u00e9 \u00e9poustouflante jusqu&#8217;\u00e0 Ait Ben Haddou o\u00f9 nous d\u00e9jeunons. C&#8217;est la Kasbah fortifi\u00e9e la plus c\u00e9l\u00e8bre du sud du Maroc et elle est class\u00e9e au patrimoine mondial de l&#8217;UNESCO. Elle a \u00e9t\u00e9 utilis\u00e9e comme toile de fond pour de nombreux films hollywoodiens. &#8220;Le Hollywood de l&#8217;Afrique&#8221;. Apr\u00e8s le d\u00e9jeuner, nous visitons la Kasbah. Ensuite, \u00e0 travers la &#8220;Route des mille Kasbahs&#8221; &#8211; les fascinants &#8220;ch\u00e2teaux de sable&#8221;, nous continuerons notre voyage pour nous arr\u00eater \u00e0 Kalaat M&#8217;gouna, &#8220;la ville des roses&#8221; connue pour les roses et son festival annuel lors de la r\u00e9colte des roses en mai, puis nous continuerons vers notre h\u00f4tel, situ\u00e9 dans une belle kasbah. D\u00eener et nuit \u00e0 l&#8217;h\u00f4tel.<\/p>\n<h4>Jour 2 : Gorges du Dad\u00e8s &#8211; Merzouga<\/h4>\n<p>Apr\u00e8s le petit-d\u00e9jeuner \u00e0 l&#8217;h\u00f4tel, retour par la vall\u00e9e pour voir l&#8217;\u00e9tonnante formation rocheuse &#8220;les orteils de singe&#8221;, et la Kasbah d&#8217;Ait Yul, datant du 19\u00e8me si\u00e8cle, encore debout. Quittez la vall\u00e9e du Dad\u00e8s en direction de Tinrghir et de la vall\u00e9e du Todra. Admirez les vues panoramiques des vieux villages berb\u00e8res en terre qui surplombent la vall\u00e9e. Arrivez aux Gorges et marchez sous la falaise rouge de 300 m de haut, o\u00f9 de nombreux escaladeurs viennent pratiquer leur sport pr\u00e9f\u00e9r\u00e9. Poursuite de notre voyage vers Erfoud et Rissani o\u00f9 nous d\u00e9jeunons ; ensuite, nous partons pour le village de Merzouga. Une fois arriv\u00e9s \u00e0 Merzouga, nous nous pr\u00e9parons \u00e0 nous rendre dans le d\u00e9sert \u00e0 dos de chameau pour assister au coucher du soleil et dormir dans des tentes berb\u00e8res au milieu du d\u00e9sert. D\u00eener et nuit dans un camp dans le d\u00e9sert.<\/p>\n<h4>Jour 3 : Merzouga &#8211; Nkoub &#8211; Agdez<\/h4>\n<p>D\u00e9part t\u00f4t le matin pour profiter du lever du soleil dans le d\u00e9sert du Sahara. Ensuite, nous chevaucherons les chameaux jusqu&#8217;\u00e0 l&#8217;h\u00f4tel pour prendre le petit-d\u00e9jeuner et une douche chaude r\u00e9confortante, puis nous partirons pour Rissani. Cette ville a \u00e9t\u00e9 fond\u00e9e par la dynastie des Alaouites. Avec la plupart des femmes voil\u00e9es, et les hommes encapuchonn\u00e9s, c&#8217;est une ville marocaine tr\u00e8s traditionnelle. Nous continuerons \u00e0 rouler vers Agdez, via Alnif et Tazzarine, avant d&#8217;arriver \u00e0 la fascinante vall\u00e9e du Draa, puis nous passerons la nuit dans une maison d&#8217;h\u00f4tes \u00e0 Agdez.<\/p>\n<h4>Jour 4 : Agdez &#8211; Taroudant<\/h4>\n<p>Apr\u00e8s le petit-d\u00e9jeuner, d\u00e9part pour Taroudant en passant par Taznakht, connue pour ses tapis \u00e0 dominante orange provenant du safran. Continuation par Taliouine, situ\u00e9 sur un plateau fertile d&#8217;arganiers. Arr\u00eat au petit village d&#8217;Ouled Berhil pour le d\u00e9jeuner, puis continuation vers Taroudant. Nous visiterons cette ville, entour\u00e9e de sa belle ceinture de murs dor\u00e9s et de son labyrinthe de rues \u00e9troites aux maisons rouges. Nuit dans une maison d&#8217;h\u00f4tes.<\/p>\n<h4>Jour 5 : Taroudant &#8211; Essaouira<\/h4>\n<p>Apr\u00e8s le petit-d\u00e9jeuner, prise en charge et route vers Essaouira, une petite ville ancienne sur la c\u00f4te atlantique, \u00e9galement appel\u00e9e Mogador. Elle est situ\u00e9e \u00e0 275 km de Taroudant et nous passerons par Agadir, la ville moderne du Maroc o\u00f9 nous d\u00e9jeunerons. Nous suivons le littoral vers le ch\u00e2teau de Jimi Hendrix au sud-est d&#8217;Essaouira.<\/p>\n","protected":false},"excerpt":{"rendered":"<p>Jour 1 : Marrakech &#8211; Ouarzazate &#8211; Gorges du Dad\u00e8s Notre circuit part \u00e0 7h00 de votre Riad ou H\u00f4tel \u00e0 Marrakech en direction de Ait<span class=\"excerpt-hellip\"> [\u2026]<\/span><\/p>\n","protected":false},"author":1,"featured_media":0,"parent":0,"menu_order":0,"comment_status":"closed","ping_status":"closed","template":"","meta":{"ngg_post_thumbnail":0},"_links":{"self":[{"href":"https:\/\/deafmoroccotours.com\/fr\/wp-json\/wp\/v2\/pages\/119"}],"collection":[{"href":"https:\/\/deafmoroccotours.com\/fr\/wp-json\/wp\/v2\/pages"}],"about":[{"href":"https:\/\/deafmoroccotours.com\/fr\/wp-json\/wp\/v2\/types\/page"}],"author":[{"embeddable":true,"href":"https:\/\/deafmoroccotours.com\/fr\/wp-json\/wp\/v2\/users\/1"}],"replies":[{"embeddable":true,"href":"https:\/\/deafmoroccotours.com\/fr\/wp-json\/wp\/v2\/comments?post=119"}],"version-history":[{"count":4,"href":"https:\/\/deafmoroccotours.com\/fr\/wp-json\/wp\/v2\/pages\/119\/revisions"}],"predecessor-version":[{"id":360,"href":"https:\/\/deafmoroccotours.com\/fr\/wp-json\/wp\/v2\/pages\/119\/revisions\/360"}],"wp:attachment":[{"href":"https:\/\/deafmoroccotours.com\/fr\/wp-json\/wp\/v2\/media?parent=119"}],"curies":[{"name":"wp","href":"https:\/\/api.w.org\/{rel}","templated":true}]}}