{"id":121,"date":"2019-09-27T17:13:23","date_gmt":"2019-09-27T17:13:23","guid":{"rendered":"https:\/\/deafmoroccotours.com\/wp\/?page_id=121"},"modified":"2022-08-29T10:34:35","modified_gmt":"2022-08-29T10:34:35","slug":"6-jours-de-marrakech-au-desert-de-merzouga","status":"publish","type":"page","link":"https:\/\/deafmoroccotours.com\/fr\/6-jours-de-marrakech-au-desert-de-merzouga\/","title":{"rendered":"6 jours de Marrakech au d\u00e9sert de Merzouga"},"content":{"rendered":"<h4>Jour 1 : Marrakech &#8211; Montagnes de l&#8217;Atlas &#8211; Ait Ben Haddou &#8211; Ouarzazate<\/h4>\n<p>D\u00e9part de Marrakech \u00e0 8h00 du matin et d\u00e9part pour Ouarzazate. En chemin, nous traverserons l&#8217;Atlas par le surprenant port de Tizi n&#8217;Tichka, \u00e0 2.260 m\u00e8tres d&#8217;altitude. Peu apr\u00e8s avoir travers\u00e9 l&#8217;Atlas, nous prendrons une piste pour visiter la Kasbah du Pacha Glaoui \u00e0 Telouet. En passant par divers villages berb\u00e8res, nous arrivons \u00e0 la Kasbah d&#8217;Ait Ben Haddou, une incroyable ville fortifi\u00e9e de plus de 800 ans. C&#8217;est dans cette ville qu&#8217;ont \u00e9t\u00e9 tourn\u00e9s des films tels que Gladiator ou le Royaume des cieux. A la fin des visites, nous nous rendrons \u00e0 Ouarzazate, o\u00f9 vous pourrez visiter les studios de cin\u00e9ma.<\/p>\n<h4>Jour 2 : Ouarzazate &#8211; Agdez &#8211; Vall\u00e9e du Draa &#8211; Tazarine &#8211; Gorges de Mharech<\/h4>\n<p>Apr\u00e8s le petit d\u00e9jeuner et la visite de la Kasbah de Taourirt, nous partons en direction de Zagora en traversant les montagnes de l&#8217;Anti-Atlas et en passant par le port de Tizi n Tinifift, \u00e0 1.600 m\u00e8tres d&#8217;altitude.en entrant dans la vall\u00e9e du Draa par une piste nous verrons diff\u00e9rents villages berb\u00e8res et kasbahs \u00e0 l&#8217;int\u00e9rieur. Laissant derri\u00e8re nous les peuples N&#8217;kob, Tarazine et Alnif, nous prendrons une autre piste qui traverse des villes perdues jusqu&#8217;\u00e0 atteindre les Gorges de Mharech. Beaucoup de ces sections seront travers\u00e9es lors du Rallye Dakar. D\u00eener et nuit dans un Riad.<\/p>\n<h4>Jour 3 : Mharech &#8211; Oasis Ramlia &#8211; Dunes d&#8217;Ouzina &#8211; Merzouga<\/h4>\n<p>Continuation sur la piste du Rallye Dakar, travers\u00e9e de peuples plus solitaires, de plantes \u00e9piphytes, d&#8217;oueds (lits de rivi\u00e8res ass\u00e9ch\u00e9es), d&#8217;oasis et de dunes d&#8217;Ouzina. En suivant l&#8217;itin\u00e9raire nous visiterons les villages berb\u00e8res, nous prendrons la route en direction de l&#8217;Erg Chebbi, les plus hautes dunes du Maroc. Il a eu le d\u00e9jeuner avec la famille berb\u00e8re pizza avec berb\u00e8re . et nous arrivons \u00e0 Merzouga, par rapport aux hautes dunes de l&#8217;Erg Chebbi. Dans l&#8217;h\u00f4tel, nous laisserons ce qui n&#8217;est pas n\u00e9cessaire et nous attendons les dromadaires pour plonger dans le d\u00e9sert, tandis que le soleil se couche, jusqu&#8217;\u00e0 ce que vous atteignez le camp jaimas au milieu du d\u00e9sert de hautes dunes, o\u00f9 nous passons la nuit dans un al Khaimah. D\u00eener et nuit dans un camp dans le d\u00e9sert<\/p>\n<h4>Jour 4 : Merzouga &#8211; Tour du d\u00e9sert hors route &#8211; Visite des nomades &#8211; Merzouga<\/h4>\n<p>Nous nous levons avant l&#8217;aube pour assister au lever du soleil. Retour \u00e0 l&#8217;h\u00f4tel en dromadaire. Douche et petit d\u00e9jeuner. Nous partons encercler l&#8217;Erg Chebbi, extension de d\u00e9sert de sable o\u00f9 se situe la Grande Dune du Maroc, de plus de 250 m\u00e8tres d&#8217;altitude, reliant par piste une partie de l&#8217;itin\u00e9raire suivi par l&#8217;ancien Paris-Dakar, aux montagnes bordant l&#8217;Alg\u00e9rie de fonds. Arr\u00eat \u00e0 l&#8217;oasis de Tissardmin et poursuite jusqu&#8217;\u00e0 un campement o\u00f9 les nomades connaissent quelques secrets de leur vie et de leurs coutumes. Arr\u00eat dans un point panoramique o\u00f9 l&#8217;on peut contempler l&#8217;Erg Chebbi dans son ensemble. Arr\u00eat \u00e0 Khamlia, peuple originaire du Mali, pour se d\u00e9tendre avec une tasse de th\u00e9 pendant qu&#8217;on appr\u00e9cie un petit concert de musique gnawa. Retour au lodge, d\u00e9jeuner et apr\u00e8s-midi libre pour escalader les dunes et profiter d&#8217;un coucher de soleil romantique. Apr\u00e8s le d\u00eener, nous attendons un spectacle berb\u00e8re avec des moulinets. D\u00eener et nuit \u00e0 l&#8217;h\u00f4tel<\/p>\n<h4>Jour 5 : Merzouga &#8211; Rissani &#8211; Gorges du Todra &#8211; Vall\u00e9e du Dad\u00e8s<\/h4>\n<p>Nous prenons la route en direction d&#8217;Erfoud, riche en pierre noire et en fossiles marins (si vous voulez, nous pouvons nous arr\u00eater \u00e0 une usine de fossiles) et vous arriverez au Palmeral de Tafilalet. Nous visiterons les gorges de la Roda et vous arriverez \u00e0 la vall\u00e9e du Dad\u00e8s, D\u00eener et nuit \u00e0 l&#8217;h\u00f4tel.<\/p>\n<h4>Jour 6 : Vall\u00e9e du Dad\u00e8s &#8211; Vall\u00e9e des Roses &#8211; Skoura &#8211; Marrakech<\/h4>\n<p>En laissant la vall\u00e9e derri\u00e8re nous, nous prendrons la route des &#8220;Mille Kasbahs&#8221;, en passant par la magnifique vall\u00e9e des Roses et nous arriverons \u00e0 la palmeraie de Skoura, o\u00f9 se trouve la kasbah la plus c\u00e9l\u00e8bre de la r\u00e9gion.<\/p>\n","protected":false},"excerpt":{"rendered":"<p>Jour 1 : Marrakech &#8211; Montagnes de l&#8217;Atlas &#8211; Ait Ben Haddou &#8211; Ouarzazate D\u00e9part de Marrakech \u00e0 8h00 du matin et d\u00e9part pour Ouarzazate. En<span class=\"excerpt-hellip\"> [\u2026]<\/span><\/p>\n","protected":false},"author":1,"featured_media":0,"parent":0,"menu_order":0,"comment_status":"closed","ping_status":"closed","template":"","meta":{"ngg_post_thumbnail":0},"_links":{"self":[{"href":"https:\/\/deafmoroccotours.com\/fr\/wp-json\/wp\/v2\/pages\/121"}],"collection":[{"href":"https:\/\/deafmoroccotours.com\/fr\/wp-json\/wp\/v2\/pages"}],"about":[{"href":"https:\/\/deafmoroccotours.com\/fr\/wp-json\/wp\/v2\/types\/page"}],"author":[{"embeddable":true,"href":"https:\/\/deafmoroccotours.com\/fr\/wp-json\/wp\/v2\/users\/1"}],"replies":[{"embeddable":true,"href":"https:\/\/deafmoroccotours.com\/fr\/wp-json\/wp\/v2\/comments?post=121"}],"version-history":[{"count":5,"href":"https:\/\/deafmoroccotours.com\/fr\/wp-json\/wp\/v2\/pages\/121\/revisions"}],"predecessor-version":[{"id":366,"href":"https:\/\/deafmoroccotours.com\/fr\/wp-json\/wp\/v2\/pages\/121\/revisions\/366"}],"wp:attachment":[{"href":"https:\/\/deafmoroccotours.com\/fr\/wp-json\/wp\/v2\/media?parent=121"}],"curies":[{"name":"wp","href":"https:\/\/api.w.org\/{rel}","templated":true}]}}