{"id":123,"date":"2019-09-27T17:14:11","date_gmt":"2019-09-27T17:14:11","guid":{"rendered":"https:\/\/deafmoroccotours.com\/wp\/?page_id=123"},"modified":"2022-08-29T10:32:28","modified_gmt":"2022-08-29T10:32:28","slug":"7-jours-de-marrakech-aux-dunes-derg-chabbi","status":"publish","type":"page","link":"https:\/\/deafmoroccotours.com\/fr\/7-jours-de-marrakech-aux-dunes-derg-chabbi\/","title":{"rendered":"7 jours de Marrakech aux dunes d&#8217;Erg Chabbi"},"content":{"rendered":"<h4>Jour 1 : Arriv\u00e9e \u00e0 Marrakech<\/h4>\n<p>Arriv\u00e9e \u00e0 Marrakech.journ\u00e9e libre pour prendre contact avec le lieu : une des quatre villes imp\u00e9riales du Maroc. C\u00e9l\u00e8bre pour avoir de nombreux monuments reconnus comme patrimoine mondial, et sa c\u00e9l\u00e8bre place de Jemaa El Fna, vous pouvez visiter ses diff\u00e9rents quartiers caract\u00e9ristiques, la ville moderne : Gueliz Hivernage, Palmeraie, Mellah (quartier juif)&#8230; ou bien parcourir les rues de la M\u00e9dina, la place Jmaa El Fna, qui \u00e9tait le th\u00e9\u00e2tre de nombreuses activit\u00e9s de plein air : jongleurs, musiciens, fakirs, charmeurs de serpents, jongleurs&#8230; pour mettre tous vos sens en \u00e9veil avec ses multiples sons, odeurs, saveurs et couleurs qui la caract\u00e9risent. H\u00e9bergement \u00e0 Riyadh.<\/p>\n<h4>Jour 2 : Marrakeh Gorges du Dad\u00e8s<\/h4>\n<p>Apr\u00e8s le petit d\u00e9jeuner, nous nous occuperons de Marrakech Dades gorges.sur le chemin traverse les montagnes du Haut Atlas, en traversant le Tizi n&#8217;Tichka, le fil du chemin parmi de nombreux peuples de Berb\u00e8res nomades qui vivent dans la r\u00e9gion. Des paysages spectaculaires qui nous am\u00e8neront jusqu&#8217;\u00e0 la Kasbah d&#8217;Ait Benhaddou, c\u00e9l\u00e8bre pour avoir \u00e9t\u00e9 la sc\u00e8ne de plus de deux douzaines de films, dont &#8221; Babel &#8220;&#8230; Continuation vers Ouarzazate \u00e0 travers la Vall\u00e9e des Roses, arriv\u00e9e aux Gorges du Dad\u00e8s, o\u00f9 commence la &#8221; route des mille kasbahs &#8220;&#8230; H\u00e9bergement dans la Vall\u00e9e du Dad\u00e8s et d\u00eener \u00e0 l&#8217;h\u00f4tel.<\/p>\n<h4>Jour 3 : Gorges du Dad\u00e8s Gorges du Todra Merzouga<\/h4>\n<p>Petit d\u00e9jeuner \u00e0 l&#8217;h\u00f4tel, direction les gorges du Todra, un endroit o\u00f9 l&#8217;on peut se promener \u00e0 travers les parois de son grand canyon de plus de 200 m\u00e8tres de haut, pour sortir dans le d\u00e9sert \u00e0 travers le palmier de Tafilalet. Arriv\u00e9e \u00e0 l&#8217;h\u00f4tel au pied des dunes, o\u00f9 vous pourrez vous promener sur le sable fin de l&#8217;Erg Chebbi, vous d\u00e9tendre et profiter de la beaut\u00e9 de ses paysages. Le soir, vous d\u00e9gusterez un d\u00e9licieux plat marocain. Nuit dans la chambre d&#8217;h\u00f4tel.<\/p>\n<h4>Jour 4 : Tour Merzouga Erg Chebbi Merzouga autour :<\/h4>\n<p>Apr\u00e8s un copieux petit d\u00e9jeuner marocain, on monte en 4 \u00d74 pour commencer le circuit dans les dunes de l&#8217;Erg Chebbi, r\u00e9gion peupl\u00e9e du d\u00e9sert de sable : Parmi les nombreux arr\u00eats que nous attendons, nous d\u00e9couvrirons comment et o\u00f9 vivent les familles de voyageurs dans la r\u00e9gion, des oasis sauvages au milieu de nulle part et les paysages spectaculaires du d\u00e9sert et des petits villages, des palmiers&#8230; Arr\u00eat in\u00e9vitable en passant par le village des Khamelia, peuple originaire du Mali, qui nous fera profiter d&#8217;un bon concert de musique Gnawa, tout en d\u00e9gustant le d\u00e9licieux go\u00fbt du th\u00e9. De retour \u00e0 l&#8217;h\u00f4tel, nous attendons les chameaux pendant plus d&#8217;une heure et demie, le chemin de fils entre les dunes et au c\u0153ur du d\u00e9sert pour voir le magnifique coucher de soleil. Envelopp\u00e9 par la grande dune de sable, et appr\u00e9ciant la musique des tambours, le d\u00eener et le th\u00e9 marocain, vous pouvez voir l&#8217;immense ciel d&#8217;\u00e9toiles et dormir dans des tentes nomades.<\/p>\n<h4>Jour 5 : Merzouga Rissani chemin en zigzag \u00e0 la sortie de la vall\u00e9e du Moyen Atlas F\u00e8s<\/h4>\n<p>Nous nous levons t\u00f4t le matin, pour voir un autre grand spectacle dans les dunes du Sahara marocain : le lever du soleil spectaculaire. une fois de plus de son chameau \u00e0 une autre route de retour \u00e0 l&#8217;h\u00f4tel. Petit-d\u00e9jeuner et douche, puis d\u00e9part pour Rissani. Nous avons march\u00e9 jusqu&#8217;\u00e0 l&#8217;endroit o\u00f9 il est connu comme le plus authentique et traditionnel souks du Maroc, et le plus grand dans le sud du pays, o\u00f9 il est \u00e9chang\u00e9 avec toutes sortes d&#8217;artisanat, la nourriture, et les animaux. nous continuons \u00e0 Erfoud, l&#8217;ancienne porte du d\u00e9sert, est c\u00e9l\u00e8bre pour le travail des fossiles, en traversant le chemin en zigzag \u00e0 Exit vall\u00e9e \u00e0 couper le souffle, avec plus de 18.000 palmiers, pour arriver \u00e0 Midelt a \u00e9t\u00e9 interrog\u00e9e pour.stop pour le d\u00e9jeuner et de continuer notre chemin \u00e0 travers Ifrane Fez (\u00e9galement connu comme la Suisse marocaine esth\u00e9tique de leurs b\u00e2timents) arrivent \u00e0 Fez, et le transfert \u00e0 l&#8217;h\u00f4tel.<\/p>\n<h4>Jour 6 : F\u00e8s F\u00e8s<\/h4>\n<p>Journ\u00e9e libre pour explorer la ville de F\u00e8s, une autre des quatre villes imp\u00e9riales. Au Maroc, elle est consid\u00e9r\u00e9e comme le centre religieux et culturel du pays. Son universit\u00e9, c\u00e9l\u00e8bre pour l&#8217;\u00e9tude de la langue arabe et de l&#8217;islam, est un point de passage oblig\u00e9 pour de nombreux \u00e9tudiants marocains. Vous aurez le temps de vous promener et de rencontrer ses diff\u00e9rents quartiers, le nouveau quartier ou Fez el-Jdid, o\u00f9 se trouve le Mellah (quartier juif), la Ville Nouvelle, quartier fran\u00e7ais au nord-ouest de la ville et, bien s\u00fbr, le Fez de Bali, le vieux, dans les limites des murs. Vous pouvez vous promener dans les rues et vous sentir transport\u00e9 dans des mondes du pass\u00e9 o\u00f9 les potiers, les forgerons, les artisans et les \u00e2nes charg\u00e9s de marchandises de diff\u00e9rentes cultures vivent c\u00f4te \u00e0 c\u00f4te avec les touristes qui traversent ses ruelles labyrinthiques.<\/p>\n<p>\u00c9galement c\u00e9l\u00e8bre pour le souk des tanneurs, vous pourrez participer au processus artisanal de racines m\u00e9di\u00e9vales dans lequel ils sont les couleurs vives du cuir.<\/p>\n<h4>Jour 7 : A\u00e9roport de F\u00e8s<\/h4>\n<p>Transfert \u00e0 l&#8217;a\u00e9roport pour votre vol de d\u00e9part (doit \u00eatre le dernier jour du voyage) .<\/p>\n","protected":false},"excerpt":{"rendered":"<p>Jour 1 : Arriv\u00e9e \u00e0 Marrakech Arriv\u00e9e \u00e0 Marrakech.journ\u00e9e libre pour prendre contact avec le lieu : une des quatre villes imp\u00e9riales du Maroc. C\u00e9l\u00e8bre pour<span class=\"excerpt-hellip\"> [\u2026]<\/span><\/p>\n","protected":false},"author":1,"featured_media":0,"parent":0,"menu_order":0,"comment_status":"closed","ping_status":"closed","template":"","meta":{"ngg_post_thumbnail":0},"_links":{"self":[{"href":"https:\/\/deafmoroccotours.com\/fr\/wp-json\/wp\/v2\/pages\/123"}],"collection":[{"href":"https:\/\/deafmoroccotours.com\/fr\/wp-json\/wp\/v2\/pages"}],"about":[{"href":"https:\/\/deafmoroccotours.com\/fr\/wp-json\/wp\/v2\/types\/page"}],"author":[{"embeddable":true,"href":"https:\/\/deafmoroccotours.com\/fr\/wp-json\/wp\/v2\/users\/1"}],"replies":[{"embeddable":true,"href":"https:\/\/deafmoroccotours.com\/fr\/wp-json\/wp\/v2\/comments?post=123"}],"version-history":[{"count":4,"href":"https:\/\/deafmoroccotours.com\/fr\/wp-json\/wp\/v2\/pages\/123\/revisions"}],"predecessor-version":[{"id":363,"href":"https:\/\/deafmoroccotours.com\/fr\/wp-json\/wp\/v2\/pages\/123\/revisions\/363"}],"wp:attachment":[{"href":"https:\/\/deafmoroccotours.com\/fr\/wp-json\/wp\/v2\/media?parent=123"}],"curies":[{"name":"wp","href":"https:\/\/api.w.org\/{rel}","templated":true}]}}