{"id":126,"date":"2019-09-27T17:14:44","date_gmt":"2019-09-27T17:14:44","guid":{"rendered":"https:\/\/deafmoroccotours.com\/wp\/?page_id=126"},"modified":"2022-08-29T10:41:25","modified_gmt":"2022-08-29T10:41:25","slug":"8-jours-dans-le-desert-du-sahara-au-depart-de-marrakech","status":"publish","type":"page","link":"https:\/\/deafmoroccotours.com\/fr\/8-jours-dans-le-desert-du-sahara-au-depart-de-marrakech\/","title":{"rendered":"8 jours dans le d\u00e9sert du Sahara au d\u00e9part de Marrakech"},"content":{"rendered":"<h4>Jour 1 : Marrakech &#8211; Taliouine<\/h4>\n<p>Nous quitterons Marrakech t\u00f4t pour nous rendre \u00e0 Taliouine. En chemin, nous visiterons le village berb\u00e8re d&#8217;Asni, la vall\u00e9e de Ouirgane, les montagnes du Haut Atlas et le Tizi-n-Test (2200 m\u00e8tres). Une fois \u00e0 Taliouine, vous pourrez visiter le village et profiter de la soir\u00e9e. Nuit \u00e0 l&#8217;h\u00f4tel.<\/p>\n<h4>Jour 2 : Taliouine &#8211; Cheguagua<\/h4>\n<p>Aujourd&#8217;hui nous faisons un d\u00e9part matinal pour Foum Zguid o\u00f9 nous d\u00e9jeunerons, en nous arr\u00eatant en chemin \u00e0 Taznakhte. Dans l&#8217;apr\u00e8s-midi, nous atteignons Cheguagua, o\u00f9 vous pouvez visiter les nomades vivant dans des tentes, et ensuite sillonner le lac sec d&#8217;iriqui et le plateau d\u00e9sertique plein d&#8217;acacias. Arriv\u00e9e en fin d&#8217;apr\u00e8s-midi aux dunes de sable de Cheguagua pour profiter du coucher de soleil. Dans cet endroit, nous d\u00eenerons et passerons la nuit sous la tente.<\/p>\n<h4>Jour 3 : Cheguagua &#8211; Zagora<\/h4>\n<p>D&#8217;abord se r\u00e9veiller t\u00f4t pour regarder le beau lever du soleil sur les dunes. Apr\u00e8s le petit-d\u00e9jeuner, nous nous rendrons \u00e0 M&#8217;hamid en traversant l&#8217;oasis sacr\u00e9e d&#8217;Um L\u00c3\u00a2alag. D\u00e9jeuner \u00e0 M&#8217;hamid, puis direction Tagounite, Tamegroute, o\u00f9 vous aurez l&#8217;occasion de visiter une ancienne biblioth\u00e8que coranique, des fabricants de poterie locaux et une casbah souterraine \u00e0 Zaouia. De l\u00e0, nous continuerons vers Zagora pour le d\u00eener et la nuit \u00e0 l&#8217;h\u00f4tel.<\/p>\n<h4>Jour 4 : Zagora &#8211; Merzouga<\/h4>\n<p>Apr\u00e8s le petit-d\u00e9jeuner, nous traverserons la vall\u00e9e du Draa vers Tansikht et N&#8217;kob, en passant par de magnifiques paysages sahariens et des villages berb\u00e8res. Nous d\u00e9jeunons \u00e0 Alnif, puis nous partons pour les impressionnantes dunes de Merzouga. En chemin, nous visiterons Rissani, le berceau de la dynastie Alaoui. Arriv\u00e9e en fin d&#8217;apr\u00e8s-midi \u00e0 Merzouga o\u00f9 vous pourrez vous d\u00e9tendre avant de d\u00eener et de passer la nuit \u00e0 l&#8217;auberge.<\/p>\n<h4>Jour 5 : Merzouga &#8211; Erg Chebbi<\/h4>\n<p>Apr\u00e8s le petit-d\u00e9jeuner, nous vous emm\u00e8nerons faire un grand tour dans les dunes sahariennes de l&#8217;Erg Chebbi en v\u00e9hicule 4&#215;4. Vous verrez les deux oasis de Merzouga, le village de KHAMLIA (village des noirs), le plateau d\u00e9sertique, l&#8217;oasis TISSARDMINE, et plus encore ! Vous serez de retour \u00e0 l&#8217;auberge en milieu d&#8217;apr\u00e8s-midi pour le d\u00e9part de votre caravane chameli\u00e8re pour vivre la magie du coucher de soleil dans les dunes. Apr\u00e8s deux heures de voyage \u00e0 dos de chameau, vous arriverez \u00e0 votre oasis sauvage o\u00f9 vous passerez la nuit. D\u00eener et nuit sous tente.<\/p>\n<h4>Jour 6 : Erg Chebbi &#8211; Tinghir<\/h4>\n<p>R\u00e9veil matinal pour assister au lever du soleil sur les dunes. Apr\u00e8s le lever du soleil, vous voyagerez \u00e0 dos de chameau jusqu&#8217;au d\u00e9but des dunes. Apr\u00e8s le petit-d\u00e9jeuner, nous quitterons Merzouga pour nous diriger vers la vaste palmeraie de Tafilalet puis continuerons vers la vall\u00e9e du Ziz. Vous pourrez d\u00e9guster une cuisine locale pour le d\u00e9jeuner au c\u0153ur de la vall\u00e9e. Dans l&#8217;apr\u00e8s-midi, nous rejoignons Tinghir via Goulmima et la palmeraie de Tinjdad. D\u00eener et nuit \u00e0 l&#8217;h\u00f4tel.<\/p>\n<h4>Jour 7 : Tinghir &#8211; Ouarzazate<\/h4>\n<p>Le matin, vous vous dirigerez vers les montagnes pour explorer les gorges du Todra et les gorges du Dad\u00e8s. Apr\u00e8s le d\u00e9jeuner dans les gorges, nous prendrons une piste \u00e0 travers la magnifique vall\u00e9e des Roses qui m\u00e8ne \u00e0 la capitale des Roses Kalaa M&#8217;gouna. De l\u00e0, nous verrons la palmeraie de Skoura et la Kasbah d&#8217;Amredhyle, puis nous continuerons vers Ouarzazate. D\u00eener et nuit \u00e0 l&#8217;h\u00f4tel.<\/p>\n<h4>Jour 8 : Ouarzazate &#8211; Marrakech<\/h4>\n<p>Apr\u00e8s le petit-d\u00e9jeuner, vous verrez les sites de Ouarzazate, notamment la Kasbah de Taourirt et la c\u00e9l\u00e8bre Kasbah d&#8217;Ait Ben Haddou, class\u00e9e au patrimoine mondial de l&#8217;UNESCO. De l\u00e0, nous emprunterons le col de la montagne en direction de Marrakech, en nous arr\u00eatant pour visiter la Kasbah de Telouet, l&#8217;ancienne r\u00e9sidence du Pacha Glaoui, l&#8217;une des familles les plus influentes de la r\u00e9gion. Le d\u00e9jeuner sera pris dans un caf\u00e9 local en cours de route. Nous rejoindrons Marrakech via le Col du Tizi&#8217;N&#8217;Tichka (point culminant : 2260m d&#8217;altitude). Nous vous d\u00e9poserons \u00e0 l&#8217;endroit de votre choix \u00e0 Marrakech. Merci d&#8217;avoir particip\u00e9 \u00e0 notre excursion !<\/p>\n","protected":false},"excerpt":{"rendered":"<p>Jour 1 : Marrakech &#8211; Taliouine Nous quitterons Marrakech t\u00f4t pour nous rendre \u00e0 Taliouine. En chemin, nous visiterons le village berb\u00e8re d&#8217;Asni, la vall\u00e9e de<span class=\"excerpt-hellip\"> [\u2026]<\/span><\/p>\n","protected":false},"author":1,"featured_media":0,"parent":0,"menu_order":0,"comment_status":"closed","ping_status":"closed","template":"","meta":{"ngg_post_thumbnail":0},"_links":{"self":[{"href":"https:\/\/deafmoroccotours.com\/fr\/wp-json\/wp\/v2\/pages\/126"}],"collection":[{"href":"https:\/\/deafmoroccotours.com\/fr\/wp-json\/wp\/v2\/pages"}],"about":[{"href":"https:\/\/deafmoroccotours.com\/fr\/wp-json\/wp\/v2\/types\/page"}],"author":[{"embeddable":true,"href":"https:\/\/deafmoroccotours.com\/fr\/wp-json\/wp\/v2\/users\/1"}],"replies":[{"embeddable":true,"href":"https:\/\/deafmoroccotours.com\/fr\/wp-json\/wp\/v2\/comments?post=126"}],"version-history":[{"count":5,"href":"https:\/\/deafmoroccotours.com\/fr\/wp-json\/wp\/v2\/pages\/126\/revisions"}],"predecessor-version":[{"id":373,"href":"https:\/\/deafmoroccotours.com\/fr\/wp-json\/wp\/v2\/pages\/126\/revisions\/373"}],"wp:attachment":[{"href":"https:\/\/deafmoroccotours.com\/fr\/wp-json\/wp\/v2\/media?parent=126"}],"curies":[{"name":"wp","href":"https:\/\/api.w.org\/{rel}","templated":true}]}}