{"id":128,"date":"2019-09-27T17:15:16","date_gmt":"2019-09-27T17:15:16","guid":{"rendered":"https:\/\/deafmoroccotours.com\/wp\/?page_id=128"},"modified":"2022-08-29T10:39:02","modified_gmt":"2022-08-29T10:39:02","slug":"9-jours-de-voyage-dans-le-desert-de-marrakech","status":"publish","type":"page","link":"https:\/\/deafmoroccotours.com\/fr\/9-jours-de-voyage-dans-le-desert-de-marrakech\/","title":{"rendered":"9 jours de voyage dans le d\u00e9sert de Marrakech"},"content":{"rendered":"<h4>Jour 1 : Arriv\u00e9e \u00e0 Marrakech<\/h4>\n<p>Une fois que vous arrivez \u00e0 Marrakech, nous vous transf\u00e9rons \u00e0 votre h\u00f4tel\/riad.<\/p>\n<h4>Jour 2 : Visite de Marrakech<\/h4>\n<p>Vous aurez une visite guid\u00e9e pour d\u00e9couvrir les endroits les plus exotiques de Marrakech, la c\u00e9l\u00e8bre place Jamaa El fna, la mosqu\u00e9e koutoubia, les jardins Majorelle, les tombeaux Saadiens avec une balade dans le labyrinthe des rues \u00e9troites de la M\u00e9dina parmi ses c\u00e9l\u00e8bres Souks.Nuit \u00e0 l&#8217;h\u00f4tel\/riad.<\/p>\n<h4>Jour 3 : Marrakech &#8211; Ait Benhaddou &#8211; Ouarzazate &#8211; Vall\u00e9e du Dad\u00e8s<\/h4>\n<p>Nous commencerons notre voyage de Marrakech aux Gorges du Dad\u00e8s en traversant le myst\u00e9rieux col de Tizi-n-Tichka, avec des vues fascinantes sur les montagnes du Haut Atlas, ainsi que les villages berb\u00e8res traditionnels du Haut Atlas ; nous continuerons notre chemin vers le site du patrimoine mondial de l&#8217;UNESCO d&#8217;Ait Ben Haddou, un village fortifi\u00e9 spectaculaire (Ksar). Apr\u00e8s le d\u00e9jeuner, nous partirons pour Ouarzazate, le Hollywood du Maroc, avant d&#8217;arriver \u00e0 la vall\u00e9e du Dad\u00e8s.<\/p>\n<h4>Jour 4 : Gorges du Dad\u00e8s &#8211; Gorges du Todgha &#8211; Erfoud &#8211; Rissani &#8211; Merzouga<\/h4>\n<p>Apr\u00e8s un petit d\u00e9jeuner matinal, nous traverserons la vall\u00e9e du Dad\u00e8s pour voir les formations rocheuses \u00e9tonnantes, et nous ferons une pause dans l&#8217;un des beaux endroits des gorges. En quittant la vall\u00e9e du Dad\u00e8s, vers Tinrghir et la vall\u00e9e du Todra, nous verrons les vues panoramiques des vieux villages berb\u00e8res en terre, avec ses palmeraies surplombant la vall\u00e9e. En arrivant aux gorges du Todra, vous marcherez sous de hautes falaises rouges qui s&#8217;\u00e9l\u00e8vent jusqu&#8217;\u00e0 (300m) \u00e0 son point le plus \u00e9troit. Continuant vers Erfoud et Rissani autrefois appel\u00e9 sijilmassa (la fondation de la dynastie Alaouit, la famille r\u00e9gnante actuelle) le d\u00e9jeuner sera sur le chemin apr\u00e8s, nous partirons pour Merzouga \u00e0 notre arriv\u00e9e, vous serez tr\u00e8s bien accueillis avec une tasse de th\u00e9 chaude avant d&#8217;avoir votre nuit dans un h\u00f4tel\/riad.<\/p>\n<h4>Jour 5 : La r\u00e9gion de Merzouga et la randonn\u00e9e chameli\u00e8re<\/h4>\n<p>Apr\u00e8s le petit d\u00e9jeuner, nous commencerons \u00e0 explorer la r\u00e9gion, nous commencerons par visiter le village des noirs originaires du Mali pour appr\u00e9cier leur musique et leur mode de vie. Apr\u00e8s cela, nous nous rendrons aux mines de Miffis pour d\u00e9couvrir comment ils travaillent l\u00e0-bas avant d&#8217;aller derri\u00e8re les dunes dans un d\u00e9sert complet avec des vues charmantes o\u00f9 nous nous assi\u00e9rons pour une tasse de th\u00e9 avec les b\u00e9douins berb\u00e8res (vivant dans des tentes), vous serez pr\u00e9sent\u00e9 aux membres de la famille et vous apprendrez \u00e0 conna\u00eetre leur mode de vie, Avant de retourner \u00e0 l&#8217;h\u00f4tel, apr\u00e8s vous \u00eatre pr\u00e9par\u00e9s, vos guides locaux vous apprendront comment monter et descendre du chameau et d&#8217;autres conseils de s\u00e9curit\u00e9 pratiques, puis vous commencerez \u00e0 explorer la myst\u00e9rieuse mer de sable de l&#8217;Erg-Chebbi pour (1h -1h:30m). Nuit sous une tente berb\u00e8re.<\/p>\n<h4>Jour 6 : Merzouga-Rissani-Agdez-Ouarzazate<\/h4>\n<p>Nous nous l\u00e8verons t\u00f4t le matin pour assister au plus beau lever de soleil de votre vie, projetant diff\u00e9rentes ombres et couleurs sur la mer de dunes de sable, les plus hautes du Maroc, avant de retourner \u00e0 notre h\u00f4tel du d\u00e9sert, apr\u00e8s le petit d\u00e9jeuner et une douche, nous partirons pour Rissani, nous pourrons explorer le grand march\u00e9 de Rissani, selon le march\u00e9 du jour, puis nous continuerons \u00e0 rouler vers Agdez, via Alnif et Tazarine, avant d&#8217;arriver \u00e0 la fascinante vall\u00e9e du Draa et ensuite \u00e0 Ouarzazate.<\/p>\n<h4>Jour 7 : Ouarzazate-Tizi-n-Tichka Pass-Marrakech<\/h4>\n<p>Apr\u00e8s le petit d\u00e9jeuner \u00e0 votre h\u00f4tel, nous prenons la route pour Marrakech, notre voyage comprendra la visite du studio atlas movies, Kasbah Taourirt, puis continuer par le majestueux col de Tizi n&#8217;tichka (2260m) sur les montagnes du Haut Atlas \u00e0 Marrakech. Nuit \u00e0 l&#8217;h\u00f4tel \/riad.<\/p>\n<h4>Jour 8 : Excursion de Marrakech \u00e0 Essaouira<\/h4>\n<p>Apr\u00e8s le petit d\u00e9jeuner, nous partons pour Essaouira, une petite ville fortifi\u00e9e, anciennement connue sous son nom portugais de &#8220;Mogador&#8221;, baign\u00e9e par l&#8217;Atlantique et d\u00e9clar\u00e9e patrimoine mondial de l&#8217;Unesco en 2001, et qui a traditionnellement re\u00e7u des noms tels que &#8220;la perle de l&#8217;Atlantique&#8221;. Vous pourrez ensuite vous promener et profiter des plages, des remparts et de la m\u00e9dina. D\u00e9jeuner puis retour \u00e0 Marrakech dans l&#8217;apr\u00e8s-midi.<\/p>\n","protected":false},"excerpt":{"rendered":"<p>Jour 1 : Arriv\u00e9e \u00e0 Marrakech Une fois que vous arrivez \u00e0 Marrakech, nous vous transf\u00e9rons \u00e0 votre h\u00f4tel\/riad. Jour 2 : Visite de Marrakech Vous<span class=\"excerpt-hellip\"> [\u2026]<\/span><\/p>\n","protected":false},"author":1,"featured_media":0,"parent":0,"menu_order":0,"comment_status":"closed","ping_status":"closed","template":"","meta":{"ngg_post_thumbnail":0},"_links":{"self":[{"href":"https:\/\/deafmoroccotours.com\/fr\/wp-json\/wp\/v2\/pages\/128"}],"collection":[{"href":"https:\/\/deafmoroccotours.com\/fr\/wp-json\/wp\/v2\/pages"}],"about":[{"href":"https:\/\/deafmoroccotours.com\/fr\/wp-json\/wp\/v2\/types\/page"}],"author":[{"embeddable":true,"href":"https:\/\/deafmoroccotours.com\/fr\/wp-json\/wp\/v2\/users\/1"}],"replies":[{"embeddable":true,"href":"https:\/\/deafmoroccotours.com\/fr\/wp-json\/wp\/v2\/comments?post=128"}],"version-history":[{"count":5,"href":"https:\/\/deafmoroccotours.com\/fr\/wp-json\/wp\/v2\/pages\/128\/revisions"}],"predecessor-version":[{"id":369,"href":"https:\/\/deafmoroccotours.com\/fr\/wp-json\/wp\/v2\/pages\/128\/revisions\/369"}],"wp:attachment":[{"href":"https:\/\/deafmoroccotours.com\/fr\/wp-json\/wp\/v2\/media?parent=128"}],"curies":[{"name":"wp","href":"https:\/\/api.w.org\/{rel}","templated":true}]}}