{"id":130,"date":"2019-09-27T17:16:51","date_gmt":"2019-09-27T17:16:51","guid":{"rendered":"https:\/\/deafmoroccotours.com\/wp\/?page_id=130"},"modified":"2022-08-29T10:26:35","modified_gmt":"2022-08-29T10:26:35","slug":"4-jours-circuit-de-fes-a-marrakech","status":"publish","type":"page","link":"https:\/\/deafmoroccotours.com\/fr\/4-jours-circuit-de-fes-a-marrakech\/","title":{"rendered":"4 jours Circuit de F\u00e8s \u00e0 Marrakech"},"content":{"rendered":"<h4>Jour 1 : F\u00e8s &#8211; Midelt &#8211; Vall\u00e9e du Ziz &#8211; Merzouga :<\/h4>\n<p>D\u00e9part pour Merzouga via Ifran qui est aussi connu comme la Suisse du Maroc, la for\u00eat d&#8217;Azrou o\u00f9 nous nous arr\u00eaterons pour profiter de l&#8217;observation des singes qui grimpent sur les c\u00e8dres puis vous continuerez via les montagnes du Moyen Atlas puis vous continuerez via la vall\u00e9e du Ziz et ses gorges et Errachidia, vous continuerez jusqu&#8217;\u00e0 la ville d&#8217;Erfoud, c\u00e9l\u00e8bre pour \u00eatre la capitale des fossiles. Lledaga Merzouga, la journ\u00e9e sera consacr\u00e9e \u00e0 appr\u00e9cier la paix du d\u00e9sert. H\u00e9bergement en Albergue pr\u00e8s des dunes.<\/p>\n<h4>Jour 2 : Merzouga &#8211; Erg Chebbi &#8211; Merzouga :<\/h4>\n<p>Ce sera une \u00e9tape o\u00f9, apr\u00e8s le petit-d\u00e9jeuner, nous traverserons une autre des pistes utilis\u00e9es dans le &#8220;Paris-Dakar Rally&#8221;, en visitant des nomades du d\u00e9sert avec lesquels nous prendrons le th\u00e9 et nous verrons l&#8217;oasis o\u00f9 ont \u00e9t\u00e9 tourn\u00e9s certains films comme &#8220;Sahara&#8221;, avec Penelope Cruz. Nous visiterons le village de &#8220;los negros&#8221;, appel\u00e9s ainsi \u00e0 cause de la traite des esclaves qu&#8217;ils ont apport\u00e9e du Soudan. Et apr\u00e8s le repas, nous changerons la traction du 4\u00d74 pour celle de la traction animale. Les dromadaires nous emm\u00e8neront dans le d\u00e9sert des dunes pour contempler un coucher de soleil inoubliable. Cette nuit sera sp\u00e9ciale, nous dormirons dans les dunes dans des tentes nomades (Jaimas), comme le font les Berb\u00e8res. Nous y d\u00e9gusterons un d\u00eener berb\u00e8re, de la musique et un ciel \u00e9toil\u00e9 comme vous n&#8217;en avez jamais vu. D\u00eener et nuit dans l&#8217;inoubliable Jaima.<\/p>\n<h4>Jour 3 : Merzouga &#8211; Gorges du Todra &#8211; Vall\u00e9e des Roses &#8211; Ouarzazate :<\/h4>\n<p>Vous vous r\u00e9veillerez t\u00f4t pour voir le magnifique lever de soleil et pour grimper les dunes, puis vous monterez les chameaux jusqu&#8217;\u00e0 l&#8217;auberge o\u00f9 vous prendrez le petit d\u00e9jeuner et continuerez vers Ouarzazate via Rissani o\u00f9 vous vous arr\u00eaterez un peu pour visiter son Souk traditionnel qui est consid\u00e9r\u00e9 comme le plus grand de tout le Sud du Maroc et ensuite continuer vers les Gorges de Todra, la Vall\u00e9e de Dades, la Vall\u00e9e des Roses et les oasis de Skoura. Arriv\u00e9e \u00e0 Ouarzazate et installation \u00e0 l&#8217;h\u00f4tel.<\/p>\n<h4>Jour 4 : Ouarzazate &#8211; Ait Ben Haddou &#8211; Marrakech :<\/h4>\n<p>Ce voyage est une succession de points forts. Aujourd&#8217;hui en est un autre. Les 200 km qui s\u00e9parent Ouarzazate de Marrakech traversent le Haut Atlas. La route doit \u00eatre parcourue lentement, en raison de sa beaut\u00e9 et parce que c&#8217;est un col qui traverse l&#8217;Atlas \u00e0 pr\u00e8s de 2.300m. Pour compl\u00e9ter cette journ\u00e9e spectaculaire, nous suivrons l&#8217;ancienne route caravani\u00e8re qui reliait les deux villes \u00e0 travers la vall\u00e9e d&#8217;Ounila, o\u00f9 se trouvent des kasbahs construites dans des grottes et qui nous m\u00e8nera \u00e9galement \u00e0 Telouet. Enfin, arriv\u00e9e \u00e0 Marrakech. Transfert \u00e0 votre h\u00e9bergement, fin de nos services.<\/p>\n","protected":false},"excerpt":{"rendered":"<p>Jour 1 : F\u00e8s &#8211; Midelt &#8211; Vall\u00e9e du Ziz &#8211; Merzouga : D\u00e9part pour Merzouga via Ifran qui est aussi connu comme la Suisse du<span class=\"excerpt-hellip\"> [\u2026]<\/span><\/p>\n","protected":false},"author":1,"featured_media":0,"parent":0,"menu_order":0,"comment_status":"closed","ping_status":"closed","template":"","meta":{"ngg_post_thumbnail":0},"_links":{"self":[{"href":"https:\/\/deafmoroccotours.com\/fr\/wp-json\/wp\/v2\/pages\/130"}],"collection":[{"href":"https:\/\/deafmoroccotours.com\/fr\/wp-json\/wp\/v2\/pages"}],"about":[{"href":"https:\/\/deafmoroccotours.com\/fr\/wp-json\/wp\/v2\/types\/page"}],"author":[{"embeddable":true,"href":"https:\/\/deafmoroccotours.com\/fr\/wp-json\/wp\/v2\/users\/1"}],"replies":[{"embeddable":true,"href":"https:\/\/deafmoroccotours.com\/fr\/wp-json\/wp\/v2\/comments?post=130"}],"version-history":[{"count":4,"href":"https:\/\/deafmoroccotours.com\/fr\/wp-json\/wp\/v2\/pages\/130\/revisions"}],"predecessor-version":[{"id":356,"href":"https:\/\/deafmoroccotours.com\/fr\/wp-json\/wp\/v2\/pages\/130\/revisions\/356"}],"wp:attachment":[{"href":"https:\/\/deafmoroccotours.com\/fr\/wp-json\/wp\/v2\/media?parent=130"}],"curies":[{"name":"wp","href":"https:\/\/api.w.org\/{rel}","templated":true}]}}