{"id":132,"date":"2019-09-27T17:17:59","date_gmt":"2019-09-27T17:17:59","guid":{"rendered":"https:\/\/deafmoroccotours.com\/wp\/?page_id=132"},"modified":"2022-08-29T10:27:30","modified_gmt":"2022-08-29T10:27:30","slug":"5-jours-de-visite-du-desert-a-partir-de-fes","status":"publish","type":"page","link":"https:\/\/deafmoroccotours.com\/fr\/5-jours-de-visite-du-desert-a-partir-de-fes\/","title":{"rendered":"5 jours de visite du d\u00e9sert \u00e0 partir de F\u00e8s"},"content":{"rendered":"<h4>Jour 1 : F\u00e8s &#8211; Ifrane &#8211; For\u00eat de c\u00e8dres &#8211; Midelt &#8211; Vall\u00e9e du Ziz &#8211; Merzouga<\/h4>\n<p>D\u00e9part matinal de F\u00e8s, nous voyageons \u00e0 travers le c\u0153ur des montagnes du Moyen-Atlas jusqu&#8217;\u00e0 Ifrane, connue sous le nom de &#8221; Suisse du Maroc &#8221; en raison de sa ressemblance avec une station de ski suisse. Ensuite, nous nous dirigeons vers la for\u00eat de c\u00e8dres, la plus grande d&#8217;Afrique du Nord, qui abrite des singes de Barbarie, le temps de les nourrir et de prendre des photos avec eux. Nous continuons vers le sud en passant par des villages berb\u00e8res, la campagne, et nous voyons des bergers nomades avec leurs troupeaux r\u00e9partis sur le terrain. A mi-chemin, un arr\u00eat pour le d\u00e9jeuner \u00e0 Midelt. Le premier jour de notre excursion de 5 jours dans le d\u00e9sert de F\u00e8s et de Marrakech nous fera passer par le col de Talghmt, puis par la gorge de Ziz, avant d&#8217;arriver dans le d\u00e9sert du Sahara, nous nous arr\u00eaterons pour admirer l&#8217;impressionnante oasis cach\u00e9e de la vall\u00e9e de Ziz, remplie de palmiers et de villages en terre. Apr\u00e8s environ une heure de route, nous arriverons au d\u00e9sert du Sahara en fin d&#8217;apr\u00e8s-midi, d\u00eener et nuit \u00e0 l&#8217;h\u00f4tel.<\/p>\n<h4>Jour 2 : Merzouga &#8211; Visite du d\u00e9sert de l&#8217;Erg Chebbi &#8211; Randonn\u00e9e \u00e0 dos de chameau &#8211; Campement<\/h4>\n<p>Apr\u00e8s le petit-d\u00e9jeuner, nous commencerons notre excursion dans le d\u00e9sert pour une demi-journ\u00e9e dans le Sahara. Nous conduisons pour visiter les nomades qui vivent encore dans des tentes au milieu du d\u00e9sert du Sahara ; voir comment ils vivent, siroter une tasse de th\u00e9 avec eux. Ensuite, nous continuerons notre route pour visiter les anciennes mines qui \u00e9taient autrefois exploit\u00e9es par les Fran\u00e7ais. Plus tard, nous visiterons le village de Khamlia qui abrite des Berb\u00e8res noirs, descendants du Soudan, du Mali&#8230; Nous aurons la chance d&#8217;\u00e9couter leur musique Gnaoua et de d\u00e9jeuner dans le village. Avant la promenade en chameau, nous verrons une oasis au bord du d\u00e9sert du Sahara. Apr\u00e8s un repos, commencez la randonn\u00e9e \u00e0 dos de chameau sur les hautes dunes du d\u00e9sert de l&#8217;erg-Chebbi. Vous verrez le magnifique coucher de soleil au sommet d&#8217;une haute dune, vous atteindrez le camp du d\u00e9sert au c\u0153ur du Sahara. Apr\u00e8s un d\u00e9licieux d\u00eener, il sera temps d&#8217;\u00e9couter la musique berb\u00e8re jou\u00e9e par les nomades locaux sous un ciel \u00e9toil\u00e9.<\/p>\n<h4>Jour 3 : Merzouga &#8211; Rissani- Vall\u00e9e et Gorges du Todra &#8211; Vall\u00e9e du Dad\u00e8s<\/h4>\n<p>Se lever t\u00f4t le matin est un &#8220;must&#8221; pour voir le lever du soleil de votre vie. Ensuite, monter les chameaux retour \u00e0 l&#8217;h\u00f4tel o\u00f9 vous rencontrerez votre chauffeur \u00e0 nouveau. Nous nous dirigeons vers l&#8217;ouest en passant par la ville de Rissani : une fois un arr\u00eat important pour les caravanes commerciales \u00e0 travers et \u00e0 partir du Maroc vers les pays voisins. Si cela co\u00efncide avec les march\u00e9s qui ont lieu tous les mardis, jeudis et dimanches, nous visiterons le souk, le plus grand de la r\u00e9gion. Ensuite, nous continuons vers Arfoud &#8211; ville de fossiles, conduire \u00e0 travers les montagnes de l&#8217;Atlas, les villes vers la vall\u00e9e de Todra ; une vall\u00e9e verte fertile entour\u00e9e de vieux villages de boue. D\u00e9jeuner dans la ville, puis conduire environ 15 km, nous arrivons aux gorges de Todra ; un couloir s&#8217;\u00e9levant de fa\u00e7on spectaculaire jusqu&#8217;\u00e0 300m avec des falaises verticales et de l&#8217;eau coulant de sources naturelles, le temps d&#8217;en profiter. Plus tard, nous traverserons la vall\u00e9e du Dad\u00e8s, o\u00f9 vous verrez les spectaculaires ch\u00e2teaux de sable et les \u00e9tonnantes formations rocheuses connues localement sous le nom de &#8220;doigts de singe&#8221;. Passez la nuit dans un h\u00f4tel\/riad surplombant la vall\u00e9e du Dad\u00e8s.<\/p>\n<h4>Jour 4 : Vall\u00e9e du Dad\u00e8s &#8211; Skoura &#8211; Ouarzazate<\/h4>\n<p>Ce matin, apr\u00e8s le petit-d\u00e9jeuner, nous partons pour Ouarzazate via Boutghrar, la Vall\u00e9e des Roses et Skoura. Nous commen\u00e7ons notre voyage par la visite de la route sinueuse &#8211; une toile de fond pour tant de publicit\u00e9s automobiles et les gorges du Dad\u00e8s avec ses formations rocheuses impressionnantes. Nous voyageons hors route jusqu&#8217;\u00e0 Boutghrar, un endroit o\u00f9 la nature et les couleurs se rencontrent, le chemin nous m\u00e8nera \u00e0 des nomades qui vivent dans des grottes, nous les visitons, sirotons une tasse de th\u00e9 avec eux. Nous continuons vers El Kalaa Mgouna ( Rose Town) o\u00f9 les habitants cueillent plus de 400 tonnes de p\u00e9tales de rose qui sont transform\u00e9s en eau de rose, cr\u00e8mes et parfums dans des coop\u00e9ratives locales. Un festival a lieu ici chaque ann\u00e9e au mois de mai. Temps pour profiter de votre d\u00e9jeuner dans la ville. Ensuite, nous prenons la route des mille kasbahs vers Skoura qui abrite les plus belles kasbahs du Maroc, nous visitons la kasbah d&#8217;Amridil datant du 17\u00e8me si\u00e8cle, nous roulons dans les oasis de Skoura vers Ouarzazate. D\u00eener et nuit dans un H\u00f4tel\/Riad.<\/p>\n<h4>Jour 5 : Ouarzazate &#8211; Kasbah d&#8217;Ait Benhaddou &#8211; Marrakech<\/h4>\n<p>Aujourd&#8217;hui, nous commen\u00e7ons notre voyage en visitant les plus grands studios de cin\u00e9ma de &#8220;Hollywood d&#8217;Afrique&#8221;, Ouarzazate o\u00f9 tant de films ont \u00e9t\u00e9 tourn\u00e9s tels que Games of Thrones, Prison break saison 4&#8230;Ouarzazate abrite \u00e9galement la plus grande centrale solaire en Afrique, et est c\u00e9l\u00e8bre par son artisanat (portes en bois, argent, tapis&#8230;) ainsi. Plus tard, nous nous dirigerons vers la c\u00e9l\u00e8bre Kasbah d&#8217;Ait Ben Haddou, site class\u00e9 au patrimoine mondial de l&#8217;Unesco, o\u00f9 de nombreux films internationaux ont \u00e9t\u00e9 tourn\u00e9s (Gladiator, Lawrence d&#8217;Arabie, Games of Thrones&#8230;). Votre aventure se poursuivra par l&#8217;\u00e9poustouflant col de Tizi n&#8217;Tichka (2260m) au-dessus des montagnes du Haut Atlas o\u00f9 vous admirerez les villages berb\u00e8res particuliers avant d&#8217;arriver \u00e0 votre h\u00f4tel \u00e0 Marrakech, fin de notre circuit de 5 jours dans le d\u00e9sert de F\u00e8s \u00e0 Marrakech.<\/p>\n","protected":false},"excerpt":{"rendered":"<p>Jour 1 : F\u00e8s &#8211; Ifrane &#8211; For\u00eat de c\u00e8dres &#8211; Midelt &#8211; Vall\u00e9e du Ziz &#8211; Merzouga D\u00e9part matinal de F\u00e8s, nous voyageons \u00e0 travers<span class=\"excerpt-hellip\"> [\u2026]<\/span><\/p>\n","protected":false},"author":1,"featured_media":0,"parent":0,"menu_order":0,"comment_status":"closed","ping_status":"closed","template":"","meta":{"ngg_post_thumbnail":0},"_links":{"self":[{"href":"https:\/\/deafmoroccotours.com\/fr\/wp-json\/wp\/v2\/pages\/132"}],"collection":[{"href":"https:\/\/deafmoroccotours.com\/fr\/wp-json\/wp\/v2\/pages"}],"about":[{"href":"https:\/\/deafmoroccotours.com\/fr\/wp-json\/wp\/v2\/types\/page"}],"author":[{"embeddable":true,"href":"https:\/\/deafmoroccotours.com\/fr\/wp-json\/wp\/v2\/users\/1"}],"replies":[{"embeddable":true,"href":"https:\/\/deafmoroccotours.com\/fr\/wp-json\/wp\/v2\/comments?post=132"}],"version-history":[{"count":4,"href":"https:\/\/deafmoroccotours.com\/fr\/wp-json\/wp\/v2\/pages\/132\/revisions"}],"predecessor-version":[{"id":359,"href":"https:\/\/deafmoroccotours.com\/fr\/wp-json\/wp\/v2\/pages\/132\/revisions\/359"}],"wp:attachment":[{"href":"https:\/\/deafmoroccotours.com\/fr\/wp-json\/wp\/v2\/media?parent=132"}],"curies":[{"name":"wp","href":"https:\/\/api.w.org\/{rel}","templated":true}]}}