{"id":134,"date":"2019-09-27T17:18:53","date_gmt":"2019-09-27T17:18:53","guid":{"rendered":"https:\/\/deafmoroccotours.com\/wp\/?page_id=134"},"modified":"2022-08-29T10:34:54","modified_gmt":"2022-08-29T10:34:54","slug":"6-jours-de-fes-a-marrakech-via-le-desert-de-merzouga","status":"publish","type":"page","link":"https:\/\/deafmoroccotours.com\/fr\/6-jours-de-fes-a-marrakech-via-le-desert-de-merzouga\/","title":{"rendered":"6 jours de F\u00e8s \u00e0 Marrakech via le d\u00e9sert de Merzouga"},"content":{"rendered":"<h4>JOUR 1 : FES IFRAN AZROU ZIZ ERRACHIDIA VALL\u00c9E DU ZIZ ERFOUD MERZOUGA<\/h4>\n<p>Apr\u00e8s le petit d\u00e9jeuner, nous quittons Fes en direction du Sahara en passant par Ifrane pour arriver aux for\u00eats de c\u00e8dres d&#8217;Azrou o\u00f9 vivent les singes. Ensuite, nous traversons le centre du pays, Errachidia, la vall\u00e9e du Ziz et Erfoud, puis nous continuons vers Merzouga. Apr\u00e8s s&#8217;\u00eatre repos\u00e9s quelques minutes \u00e0 Merzouga, nous allons monter les chameaux qui nous attendent pour nous emmener \u00e0 l&#8217;aventure dans les dunes de sable. Nous passerons la nuit dans un campement (tentes nomades berb\u00e8res) avec musique de tambours au milieu du sahara. C&#8217;est une excellente occasion de prendre de belles photos du coucher et du lever du soleil.<\/p>\n<h4>JOUR 2 : MERZOUGA- VISITE DE PETITS VILLAGES -KHAMLIA VILLAGE<\/h4>\n<p>Apr\u00e8s avoir vu le lever du soleil dans les dunes, nous retournons \u00e0 dos de chameau \u00e0 Merzouga. Nous prenons un petit d\u00e9jeuner rapide et une douche \u00e0 l&#8217;h\u00f4tel puis nous commen\u00e7ons notre voyage pour visiter quelques villages berb\u00e8res autour de Merzouga o\u00f9 nous aurons la chance de d\u00e9couvrir la vie nomade. Nous continuerons ensuite \u00e0 visiter le village de Khamlia o\u00f9 vous pourrez d\u00e9jeuner et \u00e9couter de la musique Gnawa. Nous passerons la nuit dans un h\u00f4tel, un riad ou une tente.<\/p>\n<h4>JOUR 3 : MERZOUGA RISSANI VISITE DU MARCH\u00c9 PROMENADE \u00c0 DOS DE CHAMEAU<\/h4>\n<p>Apr\u00e8s le petit-d\u00e9jeuner, nous commen\u00e7ons notre voyage vers Rissani o\u00f9 nous visiterons un march\u00e9 (souk). Apr\u00e8s avoir visit\u00e9 la ville et pris notre d\u00e9jeuner, nous retournons \u00e0 Khamlia o\u00f9 nous passerons la nuit avec de la musique merveilleuse.<\/p>\n<h4>JOUR 4 : MERZOUGA- RISSANI -ERFOUD- JORF- TINJDAD GORGES DE TOUDRA &#8211; VALL\u00c9E DE DADES<\/h4>\n<p>Apr\u00e8s le petit-d\u00e9jeuner, nous commen\u00e7ons notre voyage vers la vall\u00e9e du Dad\u00e8s via Rissani. Puis nous continuons notre route \u00e0 travers les villages berb\u00e8res de Tinjdad et Tinghir. Nous arrivons \u00e0 Boumalne du Dades en soir\u00e9e\/nuit.<\/p>\n<h4>JOUR 5 : VALL\u00c9E DU DADES- VALL\u00c9E DE SKOURA- VALL\u00c9E DE ROCES- OUARZAZTE<\/h4>\n<p>Apr\u00e8s votre petit d\u00e9jeuner nous quittons Boumalne vers Ouarzazate en passant par la vall\u00e9e de skoura et la vall\u00e9e des roses de kalaa magona. Puis nous continuons notre route vers Ouarzazate o\u00f9 vous prendrez votre d\u00e9jeuner. Nuit dans un h\u00f4tel riad \u00e0 Ouarzazate.<\/p>\n<h4>JOUR 6 : OURZAZATE MARRAKECH<\/h4>\n<p>Apr\u00e8s votre petit d\u00e9jeuner dans votre h\u00f4tel\/riad nous commen\u00e7ons notre voyage pour visiter quelques sites d&#8217;ouarzazate (studio de cin\u00e9ma, kasbah de taourirt, kasbah de tifeltout). Apr\u00e8s cela, nous nous dirigeons vers les majestueuses montagnes de l&#8217;Atlas, traversons le haut atlas via le plus haut col routier du Maroc, le Tizi n Tichka (2260m d&#8217;altitude) offrant des vues impressionnantes sur les vall\u00e9es, les montagnes et de nombreux villages berb\u00e8res \u00e0 proximit\u00e9. Arriv\u00e9e \u00e0 Marrakech dans la soir\u00e9e\/la nuit.<\/p>\n","protected":false},"excerpt":{"rendered":"<p>JOUR 1 : FES IFRAN AZROU ZIZ ERRACHIDIA VALL\u00c9E DU ZIZ ERFOUD MERZOUGA Apr\u00e8s le petit d\u00e9jeuner, nous quittons Fes en direction du Sahara en passant<span class=\"excerpt-hellip\"> [\u2026]<\/span><\/p>\n","protected":false},"author":1,"featured_media":0,"parent":0,"menu_order":0,"comment_status":"closed","ping_status":"closed","template":"","meta":{"ngg_post_thumbnail":0},"_links":{"self":[{"href":"https:\/\/deafmoroccotours.com\/fr\/wp-json\/wp\/v2\/pages\/134"}],"collection":[{"href":"https:\/\/deafmoroccotours.com\/fr\/wp-json\/wp\/v2\/pages"}],"about":[{"href":"https:\/\/deafmoroccotours.com\/fr\/wp-json\/wp\/v2\/types\/page"}],"author":[{"embeddable":true,"href":"https:\/\/deafmoroccotours.com\/fr\/wp-json\/wp\/v2\/users\/1"}],"replies":[{"embeddable":true,"href":"https:\/\/deafmoroccotours.com\/fr\/wp-json\/wp\/v2\/comments?post=134"}],"version-history":[{"count":4,"href":"https:\/\/deafmoroccotours.com\/fr\/wp-json\/wp\/v2\/pages\/134\/revisions"}],"predecessor-version":[{"id":367,"href":"https:\/\/deafmoroccotours.com\/fr\/wp-json\/wp\/v2\/pages\/134\/revisions\/367"}],"wp:attachment":[{"href":"https:\/\/deafmoroccotours.com\/fr\/wp-json\/wp\/v2\/media?parent=134"}],"curies":[{"name":"wp","href":"https:\/\/api.w.org\/{rel}","templated":true}]}}