{"id":136,"date":"2019-09-27T17:19:34","date_gmt":"2019-09-27T17:19:34","guid":{"rendered":"https:\/\/deafmoroccotours.com\/wp\/?page_id=136"},"modified":"2022-08-29T10:32:43","modified_gmt":"2022-08-29T10:32:43","slug":"7-jours-de-fes-a-merzouga-dans-le-desert","status":"publish","type":"page","link":"https:\/\/deafmoroccotours.com\/fr\/7-jours-de-fes-a-merzouga-dans-le-desert\/","title":{"rendered":"7 jours de F\u00e8s \u00e0 Merzouga dans le d\u00e9sert"},"content":{"rendered":"<h4>Jour 1 : F\u00e8s -Ifrane-Azrou-Midelt<\/h4>\n<p>Accueil \u00e0 votre h\u00e9bergement \u00e0 F\u00e8s \u00e0 8 heures par votre chauffeur\/guide, route via Merzouga, en passant par Ifrane pour arriver aux for\u00eats de c\u00e8dres d&#8217;Azrou o\u00f9 se trouvent les singes sauvages. Ce sera une bonne occasion de prendre des photos de la nature sauvage au Maroc. Prenez une pause pour le d\u00e9jeuner dans un petit village berb\u00e8re de Zaida, nous avons continu\u00e9 notre route vers les montagnes de l&#8217;Atlas vers le sud du Maroc en appr\u00e9ciant les paysages de Midelt, nuit \u00e0 l&#8217;h\u00f4tel.<\/p>\n<h4>Jour 2 : Midelt &#8211; Erdoud-Rissani- d\u00e9sert de Merzouga<\/h4>\n<p>Profitez du petit-d\u00e9jeuner avant de commencer votre voyage vers le Sahara. Merzouga sera la prochaine destination, vous voyagez \u00e0 travers les belles gorges du Ziz pour admirer les structures g\u00e9ologiques, arriv\u00e9e \u00e0 Errachidia une ville principale dans le sud-est du Maroc, continuez \u00e0 Rissani via la vall\u00e9e du Ziz et arrivez \u00e0 Merzouga o\u00f9 votre guide de chameau vous attendra pour vous transporter \u00e0 travers les hautes dunes de sable des dunes Erg Chebbi du Maroc, la promenade en chameau pendant 2 heures \u00e0 travers les hautes dunes apr\u00e8s avoir regard\u00e9 le magnifique coucher de soleil du haut des dunes. Votre nuit\u00e9e est au pied des dunes dans une tente berb\u00e8re o\u00f9 vous d\u00eenerez et \u00e9couterez la musique tam tam des f\u00eates berb\u00e8res.<\/p>\n<h4>Jour 3 : Merzouga- Gorges de Toudra &#8211; Gorges du Dad\u00e8s<\/h4>\n<p>D\u00e9part matinal pour assister au lever du soleil sur les dunes, retour en dromadaires \u00e0 l&#8217;auberge, apr\u00e8s le petit d\u00e9jeuner, d\u00e9part vers l&#8217;immense palmeraie de Tafilalet en passant par Rissani. Visite de l&#8217;ancien souk public de Rissani pour les animaux. chemin vers les gorges de Toudra, nous nous arr\u00eatons pour d\u00e9jeuner et prendre des photos, nous marchons un peu dans les gorges, et continuons par les gorges du Dad\u00e8s, traversez le chemin des gorges, prenez des photos des montagnes de pattes de singes, nuit \u00e0 l&#8217;h\u00f4tel.<\/p>\n<h4>Jour 4 : Gorges du Dad\u00e8s- Kelaa Magouna &#8211; Ouarzazat-Ait Ben Hadhadou<\/h4>\n<p>Matin \u00e0 9 heures, travers\u00e9e de la vall\u00e9e des roses et de la vall\u00e9e du Dad\u00e8s, l&#8217;oasis de Skoura avec son authentique kasbah du 17\u00e8me si\u00e8cle, la vall\u00e9e des mille kasbahs o\u00f9 l&#8217;on traverse 50 km hors route sur les pistes de la vall\u00e9e. La Kasbah d&#8217;Ait Youl. puis arriv\u00e9e \u00e0 la ville d&#8217;Ouarzazatte, connue pour ses studios de cin\u00e9ma et la kasbah de Tawrirt. continuation vers la fameuse Kasbah d&#8217;Ait Benhadou, site class\u00e9 \u00e0 l&#8217;UNESCO depuis 1987, o\u00f9 quelques familles vivent encore \u00e0 Ait Ben Haddou. Nous passons la nuit \u00e0 l&#8217;h\u00f4tel.<\/p>\n<h4>Jour 5 : Ait ben Hadou &#8211; Tizi n Tichka -Marrakesh<\/h4>\n<p>Apr\u00e8s le petit d\u00e9jeuner, nous visiterons la kasbah d&#8217;Ait Ben Hadou (inscrite au patrimoine mondial), o\u00f9 plusieurs films am\u00e9ricains ont \u00e9t\u00e9 tourn\u00e9s comme &#8220;Le Gladiateur&#8221;, &#8220;Ast\u00e9rix et Ob\u00e9lix&#8221;, puis nous prendrons une route secondaire vers la kasbah de Telouet, qui est maintenant en ruines apr\u00e8s que le dernier Pacha l&#8217;ait quitt\u00e9e suite au d\u00e9part des Fran\u00e7ais. Nous traverserons la cha\u00eene montagneuse du Haut Atlas par le Tizin-Tichka, le plus haut chemin \u00e9troit du pays. Arriv\u00e9e \u00e0 Marrakech.<\/p>\n<h4>Jour 6 : Marrakech-Casablanca-Rabat<\/h4>\n<p>Apr\u00e8s le petit d\u00e9jeuner, 9h de route via la ville de Casablanca, visite des points forts de la ville, la place Mohamed V, la place des Nations Unies, et enfin une visite ext\u00e9rieure de la mosqu\u00e9e Hassan II. Construite en bord de mer, son minaret est haut de 200m, ce qui en fait l&#8217;\u00e9difice religieux le plus haut du monde.arr\u00eat pour le d\u00e9jeuner, puis continuation via Rabat, visite de la capitale administrative et si\u00e8ge du gouvernement, ses monuments \u00e9taient connus par la kasbah d&#8217;alwadaya, un lieu historique pr\u00e8s de l&#8217;oc\u00e9an, puis la tour d&#8217;Hassan 2 qui devait \u00eatre le plus grand minaret du monde, avec la mosqu\u00e9e le Mausol\u00e9e moderne de Mohammed 5, le tout forme un important complexe historique et touristique \u00e0 Rabat. D\u00eener et nuit \u00e0 l&#8217;h\u00f4tel.<\/p>\n<h4>Jour 7 : Rabat -Meknas- Fes<\/h4>\n<p>Le matin \u00e0 9h00, nous continuons notre voyage vers Mekn\u00e8s avec un arr\u00eat en cours de route pour visiter Volubilis et d\u00e9couvrir ses ruines romaines. Arriv\u00e9e \u00e0 la ville de Moulay Ismail, visite du Mausol\u00e9e de Moulay Ismail, de nombreux \u00e9difices, jardins, portes monumentales comme Bab El-Mansour, mosqu\u00e9es et grandes murailles. Nous continuons vers F\u00e8s o\u00f9 nous restons pour le d\u00eener et la nuit \u00e0 l&#8217;h\u00f4tel.<\/p>\n","protected":false},"excerpt":{"rendered":"<p>Jour 1 : F\u00e8s -Ifrane-Azrou-Midelt Accueil \u00e0 votre h\u00e9bergement \u00e0 F\u00e8s \u00e0 8 heures par votre chauffeur\/guide, route via Merzouga, en passant par Ifrane pour arriver<span class=\"excerpt-hellip\"> [\u2026]<\/span><\/p>\n","protected":false},"author":1,"featured_media":0,"parent":0,"menu_order":0,"comment_status":"closed","ping_status":"closed","template":"","meta":{"ngg_post_thumbnail":0},"_links":{"self":[{"href":"https:\/\/deafmoroccotours.com\/fr\/wp-json\/wp\/v2\/pages\/136"}],"collection":[{"href":"https:\/\/deafmoroccotours.com\/fr\/wp-json\/wp\/v2\/pages"}],"about":[{"href":"https:\/\/deafmoroccotours.com\/fr\/wp-json\/wp\/v2\/types\/page"}],"author":[{"embeddable":true,"href":"https:\/\/deafmoroccotours.com\/fr\/wp-json\/wp\/v2\/users\/1"}],"replies":[{"embeddable":true,"href":"https:\/\/deafmoroccotours.com\/fr\/wp-json\/wp\/v2\/comments?post=136"}],"version-history":[{"count":7,"href":"https:\/\/deafmoroccotours.com\/fr\/wp-json\/wp\/v2\/pages\/136\/revisions"}],"predecessor-version":[{"id":364,"href":"https:\/\/deafmoroccotours.com\/fr\/wp-json\/wp\/v2\/pages\/136\/revisions\/364"}],"wp:attachment":[{"href":"https:\/\/deafmoroccotours.com\/fr\/wp-json\/wp\/v2\/media?parent=136"}],"curies":[{"name":"wp","href":"https:\/\/api.w.org\/{rel}","templated":true}]}}