{"id":139,"date":"2019-09-27T17:22:39","date_gmt":"2019-09-27T17:22:39","guid":{"rendered":"https:\/\/deafmoroccotours.com\/wp\/?page_id=139"},"modified":"2022-08-29T10:28:15","modified_gmt":"2022-08-29T10:28:15","slug":"5-jours-de-casablanca-a-marrakech-et-au-desert","status":"publish","type":"page","link":"https:\/\/deafmoroccotours.com\/fr\/5-jours-de-casablanca-a-marrakech-et-au-desert\/","title":{"rendered":"5 jours de Casablanca \u00e0 Marrakech et au d\u00e9sert"},"content":{"rendered":"<h4>JOUR 1 : DE CASABLANCA A MARRAKECH<\/h4>\n<p>Notre voyage commence par votre accueil \u00e0 l&#8217;a\u00e9roport de Casablanca, o\u00f9 vous rencontrerez notre chauffeur et notre personnel, qui seront vos compagnons de voyage. Directement, vous serez transf\u00e9r\u00e9 \u00e0 la belle ville rouge de &#8220;Marrakech&#8221;, o\u00f9 vous d\u00e9jeunerez \u00e0 l&#8217;arriv\u00e9e, vous vous enregistrerez dans l&#8217;h\u00f4tel\/riad o\u00f9 vous serez log\u00e9, puis nous vous emm\u00e8nerons dans une visite priv\u00e9e autour des monuments les plus \u00e9tonnants de la ville, en commen\u00e7ant par la belle vieille m\u00e9dina et, son vieux march\u00e9 aux \u00e9pices qui confondra votre nez avec un m\u00e9lange de belles odeurs ; Tout de suite apr\u00e8s, vous visiterez la majestueuse mosqu\u00e9e Koutoubia, la plus grande et la plus ancienne mosqu\u00e9e de la ville, avec sa minara bien d\u00e9sol\u00e9e qui se fraie un chemin dans le ciel de Marrakech et, non loin de la mosqu\u00e9e, vous visiterez les jardins de la M\u00e9nara. Apr\u00e8s un s\u00e9jour tranquille, vous partirez \u00e0 la d\u00e9couverte du palais Bahia, un v\u00e9ritable exemple de Riad marocain, avec son architecture et sa d\u00e9coration uniques. Le soir, vous terminerez la journ\u00e9e, devant la charmante place de Jamaa Lefna, o\u00f9 musiciens, diseuses de bonne aventure et acrobates viendront attirer votre attention. D\u00eener et nuit \u00e0 l&#8217;h\u00f4tel.<\/p>\n<h4>JOUR 2 : MARRAKECH AUX GORGES DU DADES<\/h4>\n<p>En passant par Ouarzazate, nous franchirons le plus haut col d&#8217;Afrique du Nord, la route de Tizi n&#8217;Tichka, \u00e0 travers la vall\u00e9e du Dad\u00e8s, vous offrant un paysage panoramique sur les montagnes du Haut Atlas, jusqu&#8217;\u00e0 ce que nous atteignions la c\u00e9l\u00e8bre Kasbah d&#8217;Ait Benhaddou ; un site du patrimoine mondial et la fiert\u00e9 architecturale du Maroc dans le sud, qui a attir\u00e9 des gens et des producteurs du monde entier pour lui donner un r\u00f4le dans leurs films (plus de 20 films universels) tels que &#8220;Fils de Dieu&#8221;, &#8220;Prince of Persia&#8221;, &#8220;J\u00e9sus de Nazareth&#8221;, etc.<\/p>\n<p>Ensuite, nous continuerons vers la ville de Ouarzazate, \u00e9galement connue sous le nom de &#8220;Ouallywood&#8221;, car elle abrite l&#8217;un des plus grands studios de cin\u00e9ma du monde &#8220;Atlas studios&#8221;, o\u00f9 vous aurez une visite guid\u00e9e, pour explorer les d\u00e9cors et en savoir plus sur les films qui y ont \u00e9t\u00e9 tourn\u00e9s. Apr\u00e8s un s\u00e9jour tranquille dans la r\u00e9gion, nous continuerons notre voyage vers la vall\u00e9e du Dad\u00e8s, o\u00f9 vous passerez la nuit dans une Kasbah locale, avec d\u00eener inclus.<\/p>\n<h4>JOUR 3 : GORGES DU DADES &#8211; D\u00c9SERT DE MERZOUGA<\/h4>\n<p>Le matin, vous prendrez votre petit-d\u00e9jeuner en face de la magnifique r\u00e9gion du Dad\u00e8s et, apr\u00e8s un petit tour, vous d\u00e9couvrirez les c\u00e9l\u00e8bres montagnes Monkey toes ; avant de vous diriger vers l&#8217;un des canyons les plus spectaculaires du monde, magnifiquement situ\u00e9 entre des collines : les &#8221; gorges du Todgha &#8220;, o\u00f9 vous aurez l&#8217;occasion de faire de la randonn\u00e9e et de partager la route avec les habitants et leurs animaux de b\u00e2t, dans une ambiance amicale, en profitant de la vue d&#8217;en haut. En fin d&#8217;apr\u00e8s-midi, nous arriverons \u00e0 la ville de Merzouga, o\u00f9 vous vous enregistrerez dans un h\u00f4tel pr\u00e8s des dunes pour vous restaurer et pr\u00e9parer votre mat\u00e9riel de bivouac ; ensuite, notre guide vous emm\u00e8nera dans une exp\u00e9rience m\u00e9morable \u00e0 travers les dunes sablonneuses de l&#8217;Erg Echebbi sur des chameaux, vous conduisant \u00e0 notre camp traditionnel sous le magnifique coucher de soleil. Plus tard, nous atteindrons le camp, vous serez accueillis par un spectacle de musiciens locaux que vous appr\u00e9cierez en sirotant une tasse de th\u00e9 chaud, avant qu&#8217;un d\u00eener traditionnel ne vous soit servi autour du feu de camp. Nuit sous les tentes sous le ciel.<\/p>\n<h4>JOUR 4 : D\u00c9SERT DE MERZOUGA \u00c0 FES<\/h4>\n<p>Le matin, notre guide vous r\u00e9veillera t\u00f4t pour que vous puissiez assister au miracle de la nature qu&#8217;est le lever du soleil de Merzouga. Pendant que le soleil brille et r\u00e9chauffe nos peaux, vous d\u00e9gusterez un petit-d\u00e9jeuner traditionnel. Ensuite, nous reprendrons notre v\u00e9hicule et continuerons notre voyage en visitant la petite ville de Rissani, lieu de naissance du fondateur de la dynastie alaouite &#8220;Moulay Ali Cherif&#8221;, o\u00f9 vous aurez le plaisir de vous promener.<\/p>\n<p>Ensuite, nous reprendrons notre tour, en passant par la rivi\u00e8re Ziz, o\u00f9 la verdure des belles palmeraies et des oasis bordent la r\u00e9gion ; juste apr\u00e8s, nous franchirons le deuxi\u00e8me plus haut col du Maroc, la route de Tizi n&#8217;Talghamt, vous offrant de superbes vues sur les montagnes du Haut Atlas ; jusqu&#8217;\u00e0 ce que nous atteignions Midelt, o\u00f9 vous pourrez d\u00e9jeuner. Apr\u00e8s le d\u00e9jeuner, nous continuerons \u00e0 rouler vers la capitale culturelle du Maroc, la ville de F\u00e8s, en traversant les magnifiques montagnes du Moyen Atlas et les grandes for\u00eats de c\u00e8dres.<\/p>\n<p>Le soir, nous arriverons \u00e0 F\u00e8s, o\u00f9 vous passerez la nuit.<\/p>\n<h4>JOUR 5 : FES &#8211; CASABLANCA<\/h4>\n<p>Apr\u00e8s le petit-d\u00e9jeuner, notre guide vous emm\u00e8nera faire une visite priv\u00e9e des quartiers historiques de F\u00e8s avec ses monuments majestueux et ses vieilles ruelles.<\/p>\n<p>A midi, nous retournerons \u00e0 la ville de Casablanca o\u00f9 nous vous remercierons d&#8217;avoir choisi notre compagnie pour partager ce voyage avec nous et o\u00f9 notre voyage se termine malheureusement.<\/p>\n","protected":false},"excerpt":{"rendered":"<p>JOUR 1 : DE CASABLANCA A MARRAKECH Notre voyage commence par votre accueil \u00e0 l&#8217;a\u00e9roport de Casablanca, o\u00f9 vous rencontrerez notre chauffeur et notre personnel, qui<span class=\"excerpt-hellip\"> [\u2026]<\/span><\/p>\n","protected":false},"author":1,"featured_media":0,"parent":0,"menu_order":0,"comment_status":"closed","ping_status":"closed","template":"","meta":{"ngg_post_thumbnail":0},"_links":{"self":[{"href":"https:\/\/deafmoroccotours.com\/fr\/wp-json\/wp\/v2\/pages\/139"}],"collection":[{"href":"https:\/\/deafmoroccotours.com\/fr\/wp-json\/wp\/v2\/pages"}],"about":[{"href":"https:\/\/deafmoroccotours.com\/fr\/wp-json\/wp\/v2\/types\/page"}],"author":[{"embeddable":true,"href":"https:\/\/deafmoroccotours.com\/fr\/wp-json\/wp\/v2\/users\/1"}],"replies":[{"embeddable":true,"href":"https:\/\/deafmoroccotours.com\/fr\/wp-json\/wp\/v2\/comments?post=139"}],"version-history":[{"count":5,"href":"https:\/\/deafmoroccotours.com\/fr\/wp-json\/wp\/v2\/pages\/139\/revisions"}],"predecessor-version":[{"id":361,"href":"https:\/\/deafmoroccotours.com\/fr\/wp-json\/wp\/v2\/pages\/139\/revisions\/361"}],"wp:attachment":[{"href":"https:\/\/deafmoroccotours.com\/fr\/wp-json\/wp\/v2\/media?parent=139"}],"curies":[{"name":"wp","href":"https:\/\/api.w.org\/{rel}","templated":true}]}}