{"id":141,"date":"2019-09-27T17:24:05","date_gmt":"2019-09-27T17:24:05","guid":{"rendered":"https:\/\/deafmoroccotours.com\/wp\/?page_id=141"},"modified":"2022-08-29T10:35:19","modified_gmt":"2022-08-29T10:35:19","slug":"6-jours-au-depart-de-casablanca-circuit-des-villes-imperiales","status":"publish","type":"page","link":"https:\/\/deafmoroccotours.com\/fr\/6-jours-au-depart-de-casablanca-circuit-des-villes-imperiales\/","title":{"rendered":"6 jours au d\u00e9part de Casablanca Circuit des villes imp\u00e9riales"},"content":{"rendered":"<h4>Jour 1 &#8211; Casablanca &#8211; Rabat &#8211; Mekn\u00e8s &#8211; F\u00e8s<\/h4>\n<p>Aujourd&#8217;hui, nous viendrons vous chercher \u00e0 l&#8217;a\u00e9roport ou \u00e0 votre h\u00f4tel. Puis nous nous dirigerons vers F\u00e8s en passant par Rabat o\u00f9 nous pourrons visiter la mosqu\u00e9e Hassan II. Nous visiterons \u00e9galement les ruines de Volubilis, puis Mekn\u00e8s o\u00f9 nous pourrons visiter ses monuments et attractions. \u00c0 F\u00e8s, nous passons la nuit dans un riad local.<\/p>\n<h4>Jour 2 &#8211; Exploration de Fes- fes<\/h4>\n<p>Le deuxi\u00e8me jour de notre circuit priv\u00e9 au Maroc, nous allons explorer la m\u00e9dina de F\u00e8s et aussi la nouvelle partie de F\u00e8s. Dans la m\u00e9dina &#8211; ancienne partie, vous visiterez de nombreux endroits int\u00e9ressants, des mus\u00e9es. Fes a \u00e9t\u00e9 la capitale du Maroc pendant plus de 300 ans. Ici nous pouvons trouver aussi l&#8217;Universit\u00e9 d&#8217;Al Karaouine, qui est la plus vieille universit\u00e9 dans le monde. Nous visiterons \u00e9galement le mausol\u00e9e de Moulay Idriss. Une partie importante de la ville est aussi les tanneries, le Palais Royal, le quartier juif appel\u00e9 Mellah avec sa synagogue. Notre tour priv\u00e9 du Maroc \u00e0 F\u00e8s comprend \u00e9galement une visite de l&#8217;usine de c\u00e9ramique. Plus tard dans l&#8217;apr\u00e8s-midi, vous aurez un programme libre pour d\u00e9couvrir la m\u00e9dina de Fes par vous-m\u00eame. Nous passons la nuit et le d\u00eener dans un h\u00f4tel local.<\/p>\n<h4>Jour 3 : F\u00e8s &#8211; Azrou &#8211; Midelt &#8211; Rissani &#8211; d\u00e9sert de Merzouga<\/h4>\n<p>Notre circuit priv\u00e9 au Maroc commence en conduisant vers Ifrane &#8211; beau village de montagne, appel\u00e9 souvent comme la Suisse du Maroc. Nous nous arr\u00eaterons pr\u00e8s de la for\u00eat de c\u00e8dres dans les montagnes du Moyen Atlas o\u00f9 vous pourrez observer des singes profitant de leur libert\u00e9. Nous continuons notre voyage \u00e0 Azrou &#8211; village berb\u00e8re dans la plus grande for\u00eat de c\u00e8dres au Maroc. Puis nous visitons la ville de Midelt, c\u00e9l\u00e8bre pour ses min\u00e9raux et son climat frais en \u00e9t\u00e9. Nous voyagerons le long de la vall\u00e9e du Ziz, puis nous visiterons Erfoud et ses produits fossiles. \u00c0 Rissani, nous pouvons visiter le souk local et manger une pizza berb\u00e8re. Plus tard, nous arrivons au d\u00e9sert de Merzouga et nous passons la nuit dans un h\u00f4tel du d\u00e9sert.<\/p>\n<h4>Jour 4 : Circuit en 4\u00d74 dans le d\u00e9sert de Merzouga et randonn\u00e9e \u00e0 dos de chameau<\/h4>\n<p>Cette journ\u00e9e sera consacr\u00e9e \u00e0 l&#8217;exploration du d\u00e9sert du Sahara en v\u00e9hicule 4\u00d74. Apr\u00e8s le petit d\u00e9jeuner, nous ferons le tour des dunes et nous visiterons quelques oasis dans le d\u00e9sert, ainsi que le village de Khamlia, qui est c\u00e9l\u00e8bre pour sa musique &#8211; la musique Gnaoua. Plus tard sur notre circuit priv\u00e9 au Maroc, nous visiterons des nomades berb\u00e8res dans le d\u00e9sert et nous passerons un peu de temps avec eux. Ensuite, nous chevauchons des chameaux dans le d\u00e9sert et nous passons cette nuit dans le camp du d\u00e9sert dans des tentes. Nous aurons le d\u00eener et la musique berb\u00e8re autour du feu de camp. Ce sera une exp\u00e9rience incroyable sur votre circuit priv\u00e9 au Maroc que vous n&#8217;oublierez jamais.<\/p>\n<h4>Jour 5 : D\u00e9sert de Merzouga &#8211; Gorges du Todra &#8211; Vall\u00e9e du Dad\u00e8s<\/h4>\n<p>Aujourd&#8217;hui, t\u00f4t le matin, nous allons regarder le lever du soleil depuis la haute dune, puis nous continuons la randonn\u00e9e \u00e0 dos de chameau \u00e0 notre h\u00f4tel \u00e0 Merzouga. Apr\u00e8s le petit d\u00e9jeuner et la douche, nous continuons notre tour priv\u00e9 du Maroc vers Rissani et Erfoud o\u00f9 nous pouvons visiter une usine de marbre fossile et des magasins. Puis nous passons Tinjdad, Tinghir et notre prochaine destination sera les gorges du Todra. C&#8217;est un paradis pour les grimpeurs et vous aurez du temps libre pour le d\u00e9couvrir par vous-m\u00eame. Dans l&#8217;apr\u00e8s-midi, nous continuerons vers la vall\u00e9e du Dad\u00e8s o\u00f9 nous d\u00eenerons et passerons la nuit dans un riad\/h\u00f4tel local.<\/p>\n<h4>Jour 6 : Vall\u00e9e du Dad\u00e8s &#8211; Ouarzazate -Ait Ben Haddou &#8211; Marrakech<\/h4>\n<p>Le dernier jour de votre circuit priv\u00e9 au Maroc, nous partons vers Marrakech en visitant Ouarzazate. Ici nous pouvons visiter les studios de cin\u00e9ma et aussi la kasbah locale. Nous continuons notre circuit priv\u00e9 au Maroc \u00e0 Ait Ben Haddou pour visiter son c\u00e9l\u00e8bre village et kasbah. Beaucoup de films c\u00e9l\u00e8bres ont \u00e9t\u00e9 film\u00e9s ici. Ensuite, nous continuons \u00e0 conduire \u00e0 travers les montagnes du Haut Atlas via le col de Tizi n Tichka. Apr\u00e8s avoir atteint Marrakech, nous vous d\u00e9poserons \u00e0 votre h\u00f4tel ou \u00e0 l&#8217;a\u00e9roport.<\/p>\n","protected":false},"excerpt":{"rendered":"<p>Jour 1 &#8211; Casablanca &#8211; Rabat &#8211; Mekn\u00e8s &#8211; F\u00e8s Aujourd&#8217;hui, nous viendrons vous chercher \u00e0 l&#8217;a\u00e9roport ou \u00e0 votre h\u00f4tel. Puis nous nous dirigerons vers<span class=\"excerpt-hellip\"> [\u2026]<\/span><\/p>\n","protected":false},"author":1,"featured_media":0,"parent":0,"menu_order":0,"comment_status":"closed","ping_status":"closed","template":"","meta":{"ngg_post_thumbnail":0},"_links":{"self":[{"href":"https:\/\/deafmoroccotours.com\/fr\/wp-json\/wp\/v2\/pages\/141"}],"collection":[{"href":"https:\/\/deafmoroccotours.com\/fr\/wp-json\/wp\/v2\/pages"}],"about":[{"href":"https:\/\/deafmoroccotours.com\/fr\/wp-json\/wp\/v2\/types\/page"}],"author":[{"embeddable":true,"href":"https:\/\/deafmoroccotours.com\/fr\/wp-json\/wp\/v2\/users\/1"}],"replies":[{"embeddable":true,"href":"https:\/\/deafmoroccotours.com\/fr\/wp-json\/wp\/v2\/comments?post=141"}],"version-history":[{"count":4,"href":"https:\/\/deafmoroccotours.com\/fr\/wp-json\/wp\/v2\/pages\/141\/revisions"}],"predecessor-version":[{"id":368,"href":"https:\/\/deafmoroccotours.com\/fr\/wp-json\/wp\/v2\/pages\/141\/revisions\/368"}],"wp:attachment":[{"href":"https:\/\/deafmoroccotours.com\/fr\/wp-json\/wp\/v2\/media?parent=141"}],"curies":[{"name":"wp","href":"https:\/\/api.w.org\/{rel}","templated":true}]}}