{"id":143,"date":"2019-09-27T17:24:56","date_gmt":"2019-09-27T17:24:56","guid":{"rendered":"https:\/\/deafmoroccotours.com\/wp\/?page_id=143"},"modified":"2022-08-29T10:34:16","modified_gmt":"2022-08-29T10:34:16","slug":"7-jours-de-casablanca-au-desert-de-merzouga","status":"publish","type":"page","link":"https:\/\/deafmoroccotours.com\/fr\/7-jours-de-casablanca-au-desert-de-merzouga\/","title":{"rendered":"7 jours de Casablanca au d\u00e9sert de Merzouga"},"content":{"rendered":"<h4>Jour 1 : Arriv\u00e9e \u00e0 Casablanca &#8211; Marrakech<\/h4>\n<p>Notre chauffeur viendra vous chercher \u00e0 l&#8217;a\u00e9roport de Casablanca. Nous ferons une visite rapide de la ville de Casablanca &#8211; mosqu\u00e9e Hassan II, quartier d&#8217;Ebach et nous vous conduirons \u00e0 Marrakech. Vous aurez l&#8217;occasion d&#8217;explorer cette ville par vous-m\u00eame. Nous restons dans un riad local.<\/p>\n<h4>Jour 2 : Visite guid\u00e9e de Marrakech<\/h4>\n<p>Aujourd&#8217;hui nous aurons une visite guid\u00e9e priv\u00e9e de la M\u00e9dina de Marrakech avec un guide officiel. Vous verrez la c\u00e9l\u00e8bre Mosqu\u00e9e de Koutubia, la M\u00e9dina et ses souks, et nous explorerons quelques autres secrets de Marrakech &#8211; l&#8217;\u00e9cole coranique Ali Ben Youssef, le Saadien le Palais Bahia et les Jardins Majorelle. Nous passons \u00e9galement cette nuit dans un riad local dans la M\u00e9dina.<\/p>\n<h4>Jour 3 : Marrakech &#8211; Ait Ben Haddou &#8211; Gorges du Dad\u00e8s<\/h4>\n<p>Aujourd&#8217;hui nous quittons Marrakech et nous traversons le col de Tizi n Tichka des montagnes du Haut Atlas. Nous visiterons le site du patrimoine mondial de l&#8217;UNESCO \u00e0 Ait Ben Haddou. Nous continuons \u00e0 explorer la vall\u00e9e du Dad\u00e8s et ses c\u00e9l\u00e8bres gorges et nous arrivons aux gorges du Dad\u00e8s. Nous d\u00eenerons et passerons la nuit dans un riad local dans les montagnes.<\/p>\n<h4>Jour 4 : Gorges du Dad\u00e8s &#8211; Erg Chebbi dans le d\u00e9sert du Sahara<\/h4>\n<p>Aujourd&#8217;hui nous visitons les Gorges du Todra, le canyon le plus impressionnant du Maroc. Puis nous roulons vers Erfoud et Rissani, et dans l&#8217;apr\u00e8s-midi nous arrivons \u00e0 un charmant h\u00f4tel du d\u00e9sert situ\u00e9 dans l&#8217;Erg Chebbi o\u00f9 vous d\u00eenerez.<\/p>\n<h4>Jour 5 : Erg Chebbi dans le d\u00e9sert du Sahara<\/h4>\n<p>Aujourd&#8217;hui, vous aurez la journ\u00e9e pour explorer le d\u00e9sert du Sahara Erg Chebbi. Vous visiterez un village musical local, Khamlia, et vous prendrez un th\u00e9 avec une famille nomade. Ensuite, nous nous pr\u00e9parons pour une randonn\u00e9e \u00e0 dos de chameau dans le d\u00e9sert. Nous nous arr\u00eaterons pour observer le coucher du soleil et nous d\u00eenerons sous les \u00e9toiles dans une tente de style berb\u00e8re o\u00f9 nous passerons \u00e9galement une nuit.<\/p>\n<h4>Jour 6 : Erg Chebbi &#8211; Vall\u00e9e du Ziz &#8211; Ifrane | F\u00e8s<\/h4>\n<p>Apr\u00e8s un r\u00e9veil matinal, nous assisterons au lever du soleil et nous ferons une randonn\u00e9e \u00e0 dos de chameau jusqu&#8217;\u00e0 l&#8217;h\u00f4tel. Apr\u00e8s cela nous conduisons vers la vall\u00e9e du Ziz et les montagnes du Moyen Atlas, nous passons Midelt, Ifrane la &#8220;Suisse du Maroc&#8221;, et enfin nous serons d\u00e9pos\u00e9s \u00e0 notre rRiad \u00e0 Fes.<\/p>\n<h4>Jour 7 : Visite guid\u00e9e de F\u00e8s<\/h4>\n<p>Aujourd&#8217;hui, vous allez explorer la m\u00e9dina de Fes, prot\u00e9g\u00e9e par l&#8217;UNESCO, avec un guide officiel. La m\u00e9dina de F\u00e8s est la plus ancienne et la plus belle du Maroc et a \u00e9t\u00e9 d\u00e9clar\u00e9e patrimoine mondial de l&#8217;humanit\u00e9. L&#8217;universit\u00e9 de F\u00e8s est la plus ancienne du monde. Nous visiterons \u00e9galement les tanneurs et d\u00e9couvrirons une terrasse surplombant la tannerie.<\/p>\n","protected":false},"excerpt":{"rendered":"<p>Jour 1 : Arriv\u00e9e \u00e0 Casablanca &#8211; Marrakech Notre chauffeur viendra vous chercher \u00e0 l&#8217;a\u00e9roport de Casablanca. Nous ferons une visite rapide de la ville de<span class=\"excerpt-hellip\"> [\u2026]<\/span><\/p>\n","protected":false},"author":1,"featured_media":0,"parent":0,"menu_order":0,"comment_status":"closed","ping_status":"closed","template":"","meta":{"ngg_post_thumbnail":0},"_links":{"self":[{"href":"https:\/\/deafmoroccotours.com\/fr\/wp-json\/wp\/v2\/pages\/143"}],"collection":[{"href":"https:\/\/deafmoroccotours.com\/fr\/wp-json\/wp\/v2\/pages"}],"about":[{"href":"https:\/\/deafmoroccotours.com\/fr\/wp-json\/wp\/v2\/types\/page"}],"author":[{"embeddable":true,"href":"https:\/\/deafmoroccotours.com\/fr\/wp-json\/wp\/v2\/users\/1"}],"replies":[{"embeddable":true,"href":"https:\/\/deafmoroccotours.com\/fr\/wp-json\/wp\/v2\/comments?post=143"}],"version-history":[{"count":4,"href":"https:\/\/deafmoroccotours.com\/fr\/wp-json\/wp\/v2\/pages\/143\/revisions"}],"predecessor-version":[{"id":365,"href":"https:\/\/deafmoroccotours.com\/fr\/wp-json\/wp\/v2\/pages\/143\/revisions\/365"}],"wp:attachment":[{"href":"https:\/\/deafmoroccotours.com\/fr\/wp-json\/wp\/v2\/media?parent=143"}],"curies":[{"name":"wp","href":"https:\/\/api.w.org\/{rel}","templated":true}]}}