{"id":145,"date":"2019-09-27T17:25:34","date_gmt":"2019-09-27T17:25:34","guid":{"rendered":"https:\/\/deafmoroccotours.com\/wp\/?page_id=145"},"modified":"2022-08-29T10:40:48","modified_gmt":"2022-08-29T10:40:48","slug":"8-jours-de-casablanca-a-marrakech","status":"publish","type":"page","link":"https:\/\/deafmoroccotours.com\/fr\/8-jours-de-casablanca-a-marrakech\/","title":{"rendered":"8 jours de Casablanca \u00e0 Marrakech"},"content":{"rendered":"<h4>Jour 1 : Casablanca-Rabat-Meknes-Fes.<\/h4>\n<p>Nous viendrons vous chercher \u00e0 l&#8217;a\u00e9roport de Casablanca pour commencer le circuit Casablanca 8 jours Marrakech en direction de F\u00e8s en passant par la mosqu\u00e9e Hassan. Plus tard, nous continuerons vers Rabat ou la ville\/capitale administrative o\u00f9 nous visiterons la Tour Hassan. Ainsi que, \u00e0 F\u00e8s.<\/p>\n<h4>Jour 2 : Fes Sightseeing.<\/h4>\n<p>Apr\u00e8s le petit d\u00e9jeuner, nous rencontrerons le guide local et la majeure partie de la journ\u00e9e sera consacr\u00e9e \u00e0 la M\u00e9dina (vieille partie de la ville) avec une journ\u00e9e compl\u00e8te de visite guid\u00e9e qui vous permettra de d\u00e9couvrir de nombreux moments historiques tels que le quartier juif, le Palais Royal, les vieux souks&#8230; et les tanneries.<\/p>\n<h4>Jour 3 : F\u00e8s- For\u00eat de c\u00e8dres-Medilt-Ziz-Vall\u00e9e-D\u00e9sert du Sahara.<\/h4>\n<p>D\u00e9part de notre excursion dans le d\u00e9sert \u00e0 08:00 pour passer par Ifrane et la for\u00eat de c\u00e8dres d&#8217;Azrou o\u00f9 se trouvent les singes sauvages. De plus, nous avons le plaisir de voir les singes grimper aux arbres. Plus tard, nous continuons vers le d\u00e9sert via la vall\u00e9e du Ziz et Erfoud qui est connu par des fossiles de marbre. Nous nous rendons ensuite \u00e0 Merzouga en passant par Rissani, lieu de commerce o\u00f9 de nombreuses tribus viennent vendre et acheter des marchandises. Enfin, nous arrivons dans le d\u00e9sert.<\/p>\n<h4>Jour 4 : Tour autour de Nomad en 4\u00d74 &#8211; promenade en chameau &#8211; nuit dans le camp du d\u00e9sert.<\/h4>\n<p>Une partie de notre 8 jours Casablanca tour Marrakech sera autour des dunes de l&#8217;Erg Chebbi o\u00f9 les nomades vivent encore, en commen\u00e7ant par Khamlia ou la musique traditionnelle Gnawa. Plus tard, nous visiterons des mines d\u00e9sertes et des oasis de palmiers. Le d\u00e9jeuner sera local, apr\u00e8s nous retournons \u00e0 la maison d&#8217;h\u00f4tes pour monter les chameaux dans les dunes de sable et d\u00e9couvrir le d\u00e9sert.<\/p>\n<h4>Jour 5 : D\u00e9sert &#8211; Vieux souk &#8211; Erfoud &#8211; Gorges de Toudra &#8211; Dad\u00e8s.<\/h4>\n<p>Apr\u00e8s avoir pris des photos m\u00e9morables du lever du soleil, nous revenons \u00e0 la Guest House pour prendre le petit-d\u00e9jeuner et la douche. Ensuite, nous commen\u00e7ons notre voyage vers la vall\u00e9e du Dad\u00e8s en passant par Erfoud qui est connu pour ses fossiles de marbre et Jorf o\u00f9 se trouve l&#8217;irrigation ? Ensuite, nous continuons vers les Gorges de Todra, il contient l&#8217;un des canyons les plus impressionnants \u00e0 Dades.<\/p>\n<h4>Jour 6 : Dades-Skoura Oasis-Kasbah Taourirt-Ouarzazate-Marrakech.<\/h4>\n<p>Apr\u00e8s le petit d\u00e9jeuner, nous continuons \u00e0 conduire notre circuit de 8 jours \u00e0 Casablanca en direction de Ouarzazate \u00e0 travers les villages berb\u00e8res qui sont construits en terre et nous continuons \u00e0 Skoura qui est connu par les palmiers. Ensuite, nous continuons vers Ouarzazate ou Hollywood marocain et nous visitons une des anciennes Kasbahs. Ensuite, nous quittons Ouarzazate en direction de Marrakech.<\/p>\n<h4>Jour 7 : Visite de Marrakech.<\/h4>\n<p>A 09:00, la plupart de la journ\u00e9e sera pass\u00e9e autour de la M\u00e9dina qui est la vieille partie de la ville (ville rouge) avec une journ\u00e9e compl\u00e8te guid\u00e9e. Ensuite, vous visiterez l&#8217;un des meilleurs moments historiques qui sont situ\u00e9s pr\u00e8s de la place Jemaa el fna, El Koutobia, les tombeaux Saidian, Menara&#8230; et le jardin Majorelle.<\/p>\n<h4>Jour 8 : Marrakech \u00e0 l&#8217;a\u00e9roport.<\/h4>\n<p>Notre circuit Casablanca 8 jours Marrakech se terminera par le transfert \u00e0 l&#8217;a\u00e9roport.<\/p>\n","protected":false},"excerpt":{"rendered":"<p>Jour 1 : Casablanca-Rabat-Meknes-Fes. Nous viendrons vous chercher \u00e0 l&#8217;a\u00e9roport de Casablanca pour commencer le circuit Casablanca 8 jours Marrakech en direction de F\u00e8s en passant<span class=\"excerpt-hellip\"> [\u2026]<\/span><\/p>\n","protected":false},"author":1,"featured_media":0,"parent":0,"menu_order":0,"comment_status":"closed","ping_status":"closed","template":"","meta":{"ngg_post_thumbnail":0},"_links":{"self":[{"href":"https:\/\/deafmoroccotours.com\/fr\/wp-json\/wp\/v2\/pages\/145"}],"collection":[{"href":"https:\/\/deafmoroccotours.com\/fr\/wp-json\/wp\/v2\/pages"}],"about":[{"href":"https:\/\/deafmoroccotours.com\/fr\/wp-json\/wp\/v2\/types\/page"}],"author":[{"embeddable":true,"href":"https:\/\/deafmoroccotours.com\/fr\/wp-json\/wp\/v2\/users\/1"}],"replies":[{"embeddable":true,"href":"https:\/\/deafmoroccotours.com\/fr\/wp-json\/wp\/v2\/comments?post=145"}],"version-history":[{"count":4,"href":"https:\/\/deafmoroccotours.com\/fr\/wp-json\/wp\/v2\/pages\/145\/revisions"}],"predecessor-version":[{"id":372,"href":"https:\/\/deafmoroccotours.com\/fr\/wp-json\/wp\/v2\/pages\/145\/revisions\/372"}],"wp:attachment":[{"href":"https:\/\/deafmoroccotours.com\/fr\/wp-json\/wp\/v2\/media?parent=145"}],"curies":[{"name":"wp","href":"https:\/\/api.w.org\/{rel}","templated":true}]}}