{"id":147,"date":"2019-09-27T17:29:12","date_gmt":"2019-09-27T17:29:12","guid":{"rendered":"https:\/\/deafmoroccotours.com\/wp\/?page_id=147"},"modified":"2022-08-29T10:29:58","modified_gmt":"2022-08-29T10:29:58","slug":"7-jours-de-tanger-au-desert-de-merzouga","status":"publish","type":"page","link":"https:\/\/deafmoroccotours.com\/fr\/7-jours-de-tanger-au-desert-de-merzouga\/","title":{"rendered":"7 jours de Tanger au d\u00e9sert de Merzouga"},"content":{"rendered":"<h4>JOUR 1 TANGER &#8211; MONTAGNES DU RIF &#8211; CHEFCHAOUEN<\/h4>\n<p>Circuits et voyages au Maroc \u00e0 partir de Tanger Rencontrez notre guide au port de Tanger et vous vous dirigez vers Chefchaouen dans les montagnes du Rif, Visite de Chefchaouen : (ou Chaouen) dans les montagnes du Rif, fond\u00e9e par les musulmans et les juifs qui ont \u00e9t\u00e9 pouss\u00e9s par les chr\u00e9tiens au 15\u00e8me si\u00e8cle. La ville n&#8217;\u00e9tait pas connue jusqu&#8217;au 20\u00e8me si\u00e8cle et \u00e9tait rest\u00e9e relativement inchang\u00e9e pendant 500 ans. On dit qu&#8217;elle donne la meilleure vue possible de ce \u00e0 quoi ressemblait une ville andalouse \u00e0 l&#8217;\u00e9poque des Maures. La ville devient une destination touristique, ses m\u00e9dinas \u00e9troites, ses maisons blanches et bleues et sa belle situation au milieu des montagnes la rendent unique. Il y a des caf\u00e9s autour de la place principale et des h\u00f4tels. Voiture : 1 heure &#8211; Marche : 3 heures<\/p>\n<h4>JOUR 2 CHEFCHAOUEN- VOLUBILIS -FEZ<\/h4>\n<p>D\u00e9part pour F\u00e8s \u00e0 22h00. Nous traverserons des collines vertes, de vastes terres ouvertes et des champs de bl\u00e9. Nous nous arr\u00eatons pour d\u00e9jeuner pr\u00e8s de Ouazane et nous nous rendons \u00e0 Volubilis. Il s&#8217;agit des ruines romaines les mieux pr\u00e9serv\u00e9es du Maroc. La visite guid\u00e9e \u00e0 l&#8217;int\u00e9rieur du site romain vous ram\u00e8nera aux mythes de Rome gr\u00e2ce aux superbes mosa\u00efques, rues, colonnes et bains. Non loin de l\u00e0 se trouve le vieux village de MoulayDrissZerhoune o\u00f9 est enterr\u00e9 le fondateur de la premi\u00e8re dynastie arabo-islamique du Maroc. Si le temps le permet, nous nous arr\u00eaterons dans cette ville pour prendre un th\u00e9 \u00e0 la menthe avant de nous diriger vers F\u00e8s. Voiture : 5 heures &#8211; Marche : 1 heure Dur\u00e9e du voyage : 5 heures<\/p>\n<h4>JOUR 3 VISITE GUID\u00c9E DE LA M\u00c9DINA DE FEZ<\/h4>\n<p>Apr\u00e8s le petit d\u00e9jeuner, vous aurez une visite guid\u00e9e \u00e0 10:00 Am dans la m\u00e9dina de F\u00e8s. Pour commencer, la tour sud et la forteresse du 16\u00e8me si\u00e8cle face \u00e0 celle du nord, une vue panoramique sur la ville m\u00e9di\u00e9vale. Nous visiterons une agr\u00e9able coop\u00e9rative de poterie. Elle vous permettra d&#8217;approfondir vos connaissances sur la fabrication de la mosa\u00efque marocaine &#8220;zellij&#8221; et de la poterie bleue de F\u00e8s. Une vraie vieille ville labyrinthique du 8\u00e8me si\u00e8cle. Vous voyagerez dans le temps jusqu&#8217;\u00e0 l&#8217;\u00e9poque m\u00e9di\u00e9vale de la ville o\u00f9 les gens travaillent encore dans de petites rues \u00e9troites, o\u00f9 il y a plusieurs petites \u00e9choppes de toutes sortes d&#8217;artisanat traditionnel et o\u00f9 les \u00e2nes charg\u00e9s de fournitures vont et viennent dans les rues de la m\u00e9dina. Vous n&#8217;aurez aucun sens de l&#8217;orientation et du temps pendant un certain temps. La m\u00e9dina de F\u00e8s est riche de ses monuments islamiques : les fascinantes vieilles mosqu\u00e9es, l&#8217;universit\u00e9 d&#8217;El-Karaouiyine et ses biblioth\u00e8ques. Tous ces \u00e9l\u00e9ments ont fait de F\u00e8s la capitale spirituelle et culturelle du pays. agr\u00e9mentez la journ\u00e9e par un d\u00eener facultatif avec des danseuses du ventre. Voiture : 1 heure &#8211; Marche : 4 heures<\/p>\n<h4>JOUR 4 FEZ &#8211; ERFOUD &#8211; CAMP DU D\u00c9SERT DE L&#8217;ERG CHEBBI<\/h4>\n<p>Le matin, vous traversez les montagnes du Moyen Atlas. C&#8217;est le lieu de vie des singes de Barbarie appel\u00e9s &#8221; les aggots &#8220;, originaires de la for\u00eat de c\u00e8dres du Moyen Atlas. Une pause \u00e0 Ifrantown sera tr\u00e8s appr\u00e9ci\u00e9e. C&#8217;est un endroit c\u00e9l\u00e8bre pour les stations de ski au Maroc et il a \u00e9t\u00e9 \u00e9tabli pendant le protectorat fran\u00e7ais. Nous d\u00e9jeunons \u00e0 Medilt, connue pour ses meilleures productions de pommes au Maroc. Arr\u00eat pour la photo \u00e0 Zizvalley qui est le d\u00e9but des palmeraies et des dattes. Erfoud est la capitale des fossiles au Maroc, vous aurez donc la chance de visiter l&#8217;une des usines o\u00f9 ils font de beaux articles en marbre, et juste apr\u00e8s nous visitons le mausol\u00e9e de Mouay Ali Chref \u00e0 Rissan, le fondateur de la dynastie actuelle Alaouite du Maroc au 17\u00e8me si\u00e8cle, nous conduisons \u00e0 Erg Chebbi, le temps d&#8217;une tasse de th\u00e9 et d&#8217;emballage pour le camp du d\u00e9sert. Rencontre avec les chameaux pour une promenade \u00e0 dos de chameau et direction les dunes pour regarder le coucher du soleil. Nuit dans la tente berb\u00e8re. Voiture : 7 heures &#8211; Marche : 2 heures<\/p>\n<h4>JOUR 5 : JOURN\u00c9E LIBRE POUR D\u00c9COUVRIR LES DUNES DU D\u00c9SERT :<\/h4>\n<p>Rencontre avec les nomades<br \/>\nMusique Gnaoua<br \/>\nTemps libre<br \/>\nVoiture : 4 heures &#8211; Marche : 2 heures<\/p>\n<h4>JOUR 6 CAMP DU D\u00c9SERT &#8211; ALNIF &#8211; GORGE DE TODRA<\/h4>\n<p>R\u00e9veil matinal pour le lever du soleil et promenade \u00e0 dos de chameau jusqu&#8217;\u00e0 la ligne des dunes. Temps pour le petit d\u00e9jeuner et la douche apr\u00e8s nous nous dirigeons vers Tinjidad et nous nous arr\u00eatons pour voir l&#8217;ancien syst\u00e8me souterrain d&#8217;irrigation &#8220;khatarat&#8221; qui est toujours utilis\u00e9 dans l&#8217;oasis de Jorf. D\u00e9jeuner \u00e0 Toudravalley. Elle poss\u00e8de de belles kasbahs et montagnes le long de 15 km de palmeraies. Arriver aux gorges spectaculaires de 300 m de haut et profiter d&#8217;une petite promenade pr\u00e8s de la rivi\u00e8re de Toudra. Nuit \u00e0 l&#8217;h\u00f4tel Kasbah. Voiture : 4 heures -Marche : 2 heures<\/p>\n<h4>JOUR 7 GORGE DE TODGHA &#8211; DADES &#8211; SKOURA &#8211; OUARZAZATE<\/h4>\n<p>Nous nous dirigeons vers la vall\u00e9e du Dad\u00e8s pour voir les belles formations des montagnes du Haut Atlas et de ses mille Kasbahs. Des champs verts de figuiers, d&#8217;amandiers, d&#8217;abricotiers, de p\u00eachers, de noyers et de grenadiers. Ensuite, la vall\u00e9e des roses, c\u00e9l\u00e8bre pour l&#8217;eau de rose et les cr\u00e8mes de beaut\u00e9 extraites de la rose de Damas, que l&#8217;on retrouve dans certains parfums, soins de la peau, soins du corps, cosm\u00e9tiques, soins des cheveux, m\u00e9dicaments, etc. Les femmes doivent cueillir les fleurs tr\u00e8s t\u00f4t le matin. En mai, les habitants c\u00e9l\u00e8brent la r\u00e9colte des roses dans un festival. Et on voit des enfants des deux c\u00f4t\u00e9s de la route vendre des colliers de roses. Travers\u00e9e de l&#8217;ancienne palmeraie de Skoura pour arriver \u00e0 Ouarzazate. Voiture : 3 heures &#8211; Marche : 2 heures<\/p>\n<h4>Jour 8 Ouarzazate &#8211; Kasbah d&#8217;Ait Ben Haddou &#8211; Marrakech.<\/h4>\n<p>Ouarzazate poss\u00e8de 3 studios de cin\u00e9ma et de belles kasbahs . Visite facultative de la Kasbah de Taourert. Puis nous nous rendons au village d&#8217;Ait Ben Haddou. Nous explorons le village le plus pr\u00e9serv\u00e9 du sud du pays, class\u00e9 comme l&#8217;un des patrimoines mondiaux par l&#8217;UNISCO en 1987 et une s\u00e9rie de films ont \u00e9t\u00e9 tourn\u00e9s dans ce village : Gladiator, Prince of Persia&#8230; Nous ferons quelques promenades \u00e0 l&#8217;int\u00e9rieur du village et nous continuerons le long de la vall\u00e9e de l&#8217;Ounila pour atteindre la Kasbah de Telouet, une grande forteresse du Pacha qui \u00e9tait l&#8217;homme le plus puissant du sud. Nous traverserons le spectaculaire col du Haut Atlas (Tizi-n-Tichka 2260 m ALT) pour arriver \u00e0 Marrakech.<\/p>\n","protected":false},"excerpt":{"rendered":"<p>JOUR 1 TANGER &#8211; MONTAGNES DU RIF &#8211; CHEFCHAOUEN Circuits et voyages au Maroc \u00e0 partir de Tanger Rencontrez notre guide au port de Tanger et<span class=\"excerpt-hellip\"> [\u2026]<\/span><\/p>\n","protected":false},"author":1,"featured_media":0,"parent":0,"menu_order":0,"comment_status":"closed","ping_status":"closed","template":"","meta":{"ngg_post_thumbnail":0},"_links":{"self":[{"href":"https:\/\/deafmoroccotours.com\/fr\/wp-json\/wp\/v2\/pages\/147"}],"collection":[{"href":"https:\/\/deafmoroccotours.com\/fr\/wp-json\/wp\/v2\/pages"}],"about":[{"href":"https:\/\/deafmoroccotours.com\/fr\/wp-json\/wp\/v2\/types\/page"}],"author":[{"embeddable":true,"href":"https:\/\/deafmoroccotours.com\/fr\/wp-json\/wp\/v2\/users\/1"}],"replies":[{"embeddable":true,"href":"https:\/\/deafmoroccotours.com\/fr\/wp-json\/wp\/v2\/comments?post=147"}],"version-history":[{"count":5,"href":"https:\/\/deafmoroccotours.com\/fr\/wp-json\/wp\/v2\/pages\/147\/revisions"}],"predecessor-version":[{"id":362,"href":"https:\/\/deafmoroccotours.com\/fr\/wp-json\/wp\/v2\/pages\/147\/revisions\/362"}],"wp:attachment":[{"href":"https:\/\/deafmoroccotours.com\/fr\/wp-json\/wp\/v2\/media?parent=147"}],"curies":[{"name":"wp","href":"https:\/\/api.w.org\/{rel}","templated":true}]}}