{"id":150,"date":"2019-09-27T17:30:28","date_gmt":"2019-09-27T17:30:28","guid":{"rendered":"https:\/\/deafmoroccotours.com\/wp\/?page_id=150"},"modified":"2022-08-29T10:40:22","modified_gmt":"2022-08-29T10:40:22","slug":"8-jours-de-voyage-de-tanger-a-marrakech","status":"publish","type":"page","link":"https:\/\/deafmoroccotours.com\/fr\/8-jours-de-voyage-de-tanger-a-marrakech\/","title":{"rendered":"8 jours de voyage de Tanger \u00e0 Marrakech"},"content":{"rendered":"<h4>Jour 1 : Tanger- Tetauan &#8211; Chefchaouen<\/h4>\n<p>Tanger \u00e0 MarrakechNous vous r\u00e9cup\u00e9rons \u00e0 l&#8217;a\u00e9roport, au ferry ou \u00e0 votre h\u00e9bergement. Nous conduisons \u00e0 travers les montagnes du Rif et la ville de T\u00e9touan pour profiter de la vue sur les belles montagnes jusqu&#8217;\u00e0 ce que nous arrivions \u00e0 Chefchaouan, l&#8217;un des plus beaux villages au pied des montagnes du Rif. La m\u00e9dina de Chefchaouen a une place de style espagnol entour\u00e9e de nombreux magasins d&#8217;art et d&#8217;artisanat, de restaurants sur les toits et de caf\u00e9s o\u00f9 vous passerez la nuit dans un endroit agr\u00e9able pour profiter de la brise et de la beaut\u00e9 de la nature.<\/p>\n<h4>Jour 2 : Chefchaouen &#8211; Volubilis &#8211; Meknes &#8211; Fes<\/h4>\n<p>Apr\u00e8s le petit-d\u00e9jeuner, nous nous rendons \u00e0 F\u00e8s en passant par le Rif, Volubilis et Mekn\u00e8s. A Volubilistangier \u00e0 marrakech nous visiterons les ruines romaines de Volubilis (un site du patrimoine mondial de l&#8217;Unesco), les plus importantes ruines romaines du Maroc, ensuite nous ferons une visite \u00e0 Mouly Idriss, une des villes les plus saintes du pays. Nous continuons pour Mekn\u00e8s, la 4\u00e8me ville imp\u00e9riale du Maroc. Dans l&#8217;apr\u00e8s-midi, visite des monuments importants de la ville : Bab El Mansour, la place Lahdim, et le mus\u00e9e Mouly Isma\u00efl. Ensuite, route vers F\u00e8s pour rejoindre votre h\u00e9bergement. D\u00eener et nuit en riad dans la m\u00e9dina de F\u00e8s.<\/p>\n<h4>Jour 3 : Visite de Fes<\/h4>\n<p>tangier \u00e0 marrakechAujourd&#8217;hui, nous d\u00e9couvrons l&#8217;une des plus anciennes et des plus belles villes imp\u00e9riales du Maroc, la capitale spirituelle du pays. Le matin, nous visitons les curiosit\u00e9s les plus importantes de cette ville : les Medressa (universit\u00e9s religieuses), la place Najarine, la mosqu\u00e9e de Karaouine, le mus\u00e9e de Mouly Idriss. Le d\u00e9jeuner est servi \u00e0 la M\u00e9dina (la vieille ville). L&#8217;apr\u00e8s-midi, visite de F\u00e8s El-Jedid, du Palais Royal, de l&#8217;Ecole du Coran, du quartier juif et du Souk. Nous continuons vers le Riad dans la M\u00e9dina pour le d\u00eener et la nuit.<\/p>\n<h4>Jour 4 : F\u00e8s &#8211; Ifrane &#8211; Midelt &#8211; Rissani &#8211; Merzouga (randonn\u00e9e \u00e0 dos de chameau&amp; nuit en camp dans le d\u00e9sert)<\/h4>\n<p>Le matin, nous partons en direction du sud \u00e0 travers les montagnes du Moyen Atlas ; nous passtangier \u00e0 marrakech par les for\u00eats de c\u00e8dres d&#8217;Azrou, par les villages berb\u00e8res, et continuons pour le d\u00e9sert du Sahara. A mi-chemin, nous faisons une pause pour d\u00e9jeuner dans la ville de Midelt, c\u00e9l\u00e8bre pour ses fossiles et ses min\u00e9raux. Nous continuons notre voyage \u00e0 travers les montagnes et profitons de la belle vue de la vall\u00e9e du Ziz avec ses palmeraies et ses Kasbahs. Vers 16:00 nous arrivons \u00e0 Merzouga o\u00f9 vous pouvez faire un voyage en chameau \u00e0 travers le d\u00e9sert. Pour le d\u00eener, on vous sert un tajine berb\u00e8re traditionnel. Vous passerez la nuit dans une tente berb\u00e8re sous un ciel \u00e9toil\u00e9.<\/p>\n<h4>Jour 5 : Merzouga -Gorge de la Todra -Vall\u00e9e des Roses -Ouarzazate<\/h4>\n<p>Nous nous r\u00e9veillons t\u00f4t le matin pour voir un lever de soleil spectaculaire sur les dunes, et nous retournons \u00e0 l&#8217;h\u00f4tel pour le petit d\u00e9jeuner et une douche rapide. Puis nous prenons la direction de Ouarzazate en passant par Tinghir. Juste avant Tinghir, nous prenons \u00e0 droite pour visiter les gorges de Todra. Avant d&#8217;atteindre Ouarzazate, nous traversons Kalaat Magouna et la vall\u00e9e des roses. Nous d\u00eenons et passons la nuit \u00e0 Ouarzazate.<\/p>\n<h4>Jour 6 : Ouarzazate &#8211; Kasbah A\u00eft Ben Haddou &#8211; Marrakeshtangier \u00e0 marrakech<\/h4>\n<p>Apr\u00e8s le petit d\u00e9jeuner, nous partons pour les montagnes de l&#8217;Atlas en passant par Ouarzazate. Nous passons la vall\u00e9e rose et les oasis de Skoura. Nous visitons le c\u00e9l\u00e8bre studio de cin\u00e9ma Atlas et la plus belle Kasbah du Maroc, la Kasbah A\u00eft Ben Haddou &#8211; un site du patrimoine mondial de l&#8217;Unesco &#8211; et continuons vers Marrakech. Nous d\u00eenons et passons la nuit \u00e0 Marrakech.<\/p>\n<h4>Jour 7 : Marrakech<\/h4>\n<p>Aujourd&#8217;hui, vous apprendrez \u00e0 conna\u00eetre la ville de Marrakech, Perle du Sud. Apr\u00e8s le petit-d\u00e9jeuner, vous visitez, sous la conduite d&#8217;un guide francophone\/anglophone, la mosqu\u00e9e Koutoubia, le Palais de la Bahia et la M\u00e9nara. L&#8217;apr\u00e8s-midi, vous visiterez la place Jemaa-El-Fna (le c\u0153ur battant de Marrakech) et les ruelles color\u00e9es et parfum\u00e9es du Souk. Le d\u00eener est servi \u00e0 Jemaa-El-Fna.<\/p>\n<h4>Jour 8 : Marrakech \/Fin du circuit<\/h4>\n<p>Transfert \u00e0 l&#8217;a\u00e9roport de Marrakech ou de Casablanca, en fonction de l&#8217;heure d&#8217;arriv\u00e9e de votre vol.<\/p>\n","protected":false},"excerpt":{"rendered":"<p>Jour 1 : Tanger- Tetauan &#8211; Chefchaouen Tanger \u00e0 MarrakechNous vous r\u00e9cup\u00e9rons \u00e0 l&#8217;a\u00e9roport, au ferry ou \u00e0 votre h\u00e9bergement. Nous conduisons \u00e0 travers les montagnes<span class=\"excerpt-hellip\"> [\u2026]<\/span><\/p>\n","protected":false},"author":1,"featured_media":0,"parent":0,"menu_order":0,"comment_status":"closed","ping_status":"closed","template":"","meta":{"ngg_post_thumbnail":0},"_links":{"self":[{"href":"https:\/\/deafmoroccotours.com\/fr\/wp-json\/wp\/v2\/pages\/150"}],"collection":[{"href":"https:\/\/deafmoroccotours.com\/fr\/wp-json\/wp\/v2\/pages"}],"about":[{"href":"https:\/\/deafmoroccotours.com\/fr\/wp-json\/wp\/v2\/types\/page"}],"author":[{"embeddable":true,"href":"https:\/\/deafmoroccotours.com\/fr\/wp-json\/wp\/v2\/users\/1"}],"replies":[{"embeddable":true,"href":"https:\/\/deafmoroccotours.com\/fr\/wp-json\/wp\/v2\/comments?post=150"}],"version-history":[{"count":5,"href":"https:\/\/deafmoroccotours.com\/fr\/wp-json\/wp\/v2\/pages\/150\/revisions"}],"predecessor-version":[{"id":371,"href":"https:\/\/deafmoroccotours.com\/fr\/wp-json\/wp\/v2\/pages\/150\/revisions\/371"}],"wp:attachment":[{"href":"https:\/\/deafmoroccotours.com\/fr\/wp-json\/wp\/v2\/media?parent=150"}],"curies":[{"name":"wp","href":"https:\/\/api.w.org\/{rel}","templated":true}]}}