{"id":153,"date":"2019-09-27T17:31:42","date_gmt":"2019-09-27T17:31:42","guid":{"rendered":"https:\/\/deafmoroccotours.com\/wp\/?page_id=153"},"modified":"2022-08-29T10:39:47","modified_gmt":"2022-08-29T10:39:47","slug":"9-jours-de-tanger-laventure-du-nord","status":"publish","type":"page","link":"https:\/\/deafmoroccotours.com\/fr\/9-jours-de-tanger-laventure-du-nord\/","title":{"rendered":"9 jours de Tanger : l&#8217;aventure du Nord"},"content":{"rendered":"<h4>Jour 1 Tanger<\/h4>\n<p>Que vous arriviez par bateau ou par avion, nous vous attendrons pour vous transf\u00e9rer dans la ville de TANGER \u00e0 l&#8217;h\u00f4tel o\u00f9 vous \u00eates log\u00e9s.<br \/>\nLa ville est situ\u00e9e \u00e0 l&#8217;extr\u00e9mit\u00e9 ouest du d\u00e9troit de Gibraltar.<br \/>\nComme toutes les villes du Maroc, elle est divis\u00e9e en deux parties : la vieille ville (m\u00e9dina) et la ville nouvelle.<br \/>\nLa m\u00e9dina fortifi\u00e9e de TANGER contient tous les \u00e9l\u00e9ments du vieux quartier des villes marocaines, mais avec une certaine touche cosmopolite. S&#8217;y promener est une exp\u00e9rience fascinante. Dans la zone la plus \u00e9lev\u00e9e se trouve l&#8217;ancienne Kasbah.<br \/>\nVous pourrez vous promener dans le grand souk et la place du 9 avril 1947, et dans le parc de la Mendubia dans le jardin duquel vous trouverez des dragons centenaires et une collection de canons SXVII qui \u00e9taient des flottes espagnoles et portugaises.<br \/>\nIl y a beaucoup \u00e0 voir dans cette ville qui a connu de nombreuses incursions au cours de l&#8217;histoire, Ph\u00e9niciens, Grecs, Romains, Vandales, Byzantins, Berb\u00e8res, Arabes, Fatimides, Almoravides, Almohades, M\u00e9rinides, Portugais, Espagnols, Anglais, Fran\u00e7ais et bien s\u00fbr Marocains. Chacun a laiss\u00e9 un souvenir.<\/p>\n<h4>Jour 2 Cabo Espartel<\/h4>\n<p>Apr\u00e8s le petit-d\u00e9jeuner, vous pourrez visiter la ville de TANGER. Ses mosqu\u00e9es, sa madrasa, son \u00e9glise catholique, &#8230; pour se d\u00e9tendre \u00e0 la terrasse situ\u00e9e \u00e0 Bab el Bahr (Porte de la Mer) o\u00f9 ils contempleront une ample vue de TANGER et de la mer.<br \/>\nNous prendrons le d\u00e9jeuner \u00e0 TANGER.<br \/>\nL&#8217;apr\u00e8s-midi, nous nous rendrons au Cap d&#8217;Esparthel. Avant d&#8217;arriver, nous passerons par le palais d&#8217;\u00e9t\u00e9 du roi Hassan II, c&#8217;est un quartier r\u00e9sidentiel o\u00f9 les maisons sont entour\u00e9es d&#8217;une grande v\u00e9g\u00e9tation. Nous nous arr\u00eaterons au point de vue de Perdicaris, d&#8217;o\u00f9 vous pourrez profiter de magnifiques vues.<br \/>\nSi le temps le permet, vous pourrez vous baigner \u00e0 la plage de Robinson.<br \/>\nNous visiterons les grottes d&#8217;Hercule : ces grottes ont \u00e9t\u00e9 habit\u00e9es d\u00e8s la pr\u00e9histoire. L&#8217;action de la nature a produit une multitude d&#8217;\u00e9rosions en forme de cercle et avec une curieuse fen\u00eatre vers la mer qui rappelle la silhouette du continent africain.<br \/>\n\u00c0 environ 200 m\u00e8tres des grottes, se trouve la ville romaine de Cotta, vestiges d&#8217;un temple, de quelques bains et d&#8217;une usine de garum (la sauce de poisson qui consommait les Romains) et \u00e9tait le pilier fondamental de l&#8217;\u00e9conomie de la ville \u00e0 cette \u00e9poque.<br \/>\nNous nous arr\u00eaterons pour regarder le coucher du soleil.<br \/>\nRetour \u00e0 TANGER, d\u00eener et nuit \u00e0 votre h\u00f4tel.<\/p>\n<h4>Jour 3 T\u00e9touan- Chefchaouen<\/h4>\n<p>Le matin, nous nous rendrons \u00e0 TETOUAN, nous longerons la route c\u00f4ti\u00e8re jusqu&#8217;\u00e0 CEUTA.<br \/>\nNous aurons de belles vues sur la mer, nous nous arr\u00eaterons pour monter au Jebel Musa, en face du rocher de Gibraltar.<br \/>\nNous verrons le Rif en toile de fond, la ville de TETOUAN avec ses maisons blanches grimpant sur la colline. La ville a une touche andalouse, car elle a \u00e9t\u00e9 construite par les Espagnols.<br \/>\nC&#8217;est ici que nous nous arr\u00eaterons pour d\u00e9jeuner et visiterons les plus beaux endroits de cette m\u00e9dina ; tels que la Place Hassan II, le Palais Royal, la Grande Mosqu\u00e9e, et bien s\u00fbr les souks.<br \/>\nEn suivant la route, nous nous arr\u00eaterons au port de p\u00eache de CABO NEGRO.<br \/>\nDans la soir\u00e9e nous arriverons \u00e0 CHEFCHAUEN, nous resterons \u00e0 l&#8217;h\u00f4tel.<\/p>\n<h4>Jour 4 Chefchaouen<\/h4>\n<p>Il existe peu d&#8217;endroits au monde aussi charismatiques et s\u00e9duisants que la ville de CHEFCHAUEN.<br \/>\nLa ville est abrit\u00e9e du monde r\u00e9el par les imposants murs du Rif. Ses maisons et ses rues sont peintes en bleu. L&#8217;esprit calme et joyeux est pr\u00e9sent dans toute la ville et dans chacun de ses coins magiques.<br \/>\nNous resterons toute la journ\u00e9e et la nuit \u00e0 CHAUEN. Se promener dans cette ville \u00e0 toute heure du jour ou de la nuit est une grande aventure visuelle.<\/p>\n<h4>Jour 5 Les montagnes du Rif-Fez<\/h4>\n<p>Nous quitterons la direction de FEZ, en traversant les montagnes du Rif.<br \/>\nNous traverserons une grande partie de cette vaste cha\u00eene de montagnes.<br \/>\nLe paysage est vraiment \u00e9tonnant, des for\u00eats de ch\u00eanes, de ch\u00eanes-li\u00e8ges, de c\u00e8dres et de v\u00f4tres.<br \/>\nDans des vall\u00e9es cach\u00e9es, nous trouverons de grandes plantations de haschisch.<br \/>\nNous nous arr\u00eaterons en chemin pour d\u00e9jeuner et le soir nous arriverons \u00e0 FEZ.<\/p>\n<h4>Jour 6 F\u00e8s<\/h4>\n<p>Apr\u00e8s le petit-d\u00e9jeuner, nous visiterons FEZ.<br \/>\nFEZ, une ville pleine de myst\u00e8re et de magnificence, est la m\u00e9dina m\u00e9di\u00e9vale la plus compl\u00e8te du monde arabe, des tr\u00e9sors de monuments mondialement connus, des milliers de rues sinueuses et des centaines de palais et de manoirs. L&#8217;UNESCO a d\u00e9clar\u00e9 la FEZ, site du patrimoine mondial.<br \/>\nNous visiterons, entre autres, la madrasa Attarine, la mosqu\u00e9e Karaouine, les tanneurs, les tombeaux des M\u00e9ridines, et les souks.<br \/>\nNous passerons toute la journ\u00e9e \u00e0 FEZ et aussi la nuit. Vous verrez que cela en vaut la peine.<\/p>\n<h4>Jour 7 Meknes<\/h4>\n<p>Apr\u00e8s le petit-d\u00e9jeuner, nous nous rendrons \u00e0 la ville de MEKNES.<br \/>\nNous visiterons MEKNES. Ville tr\u00e8s calme, tr\u00e8s agr\u00e9able et divis\u00e9e en la ville nouvelle construite par les Fran\u00e7ais et la partie ancienne o\u00f9 se trouve la m\u00e9dina et la ville imp\u00e9riale de Mulay Ismail.<br \/>\nMEKNES, \u00e9tait la capitale du Maroc pendant les 55 ans de r\u00e8gne du Sultan Mulay Ismail.<br \/>\nNous visiterons la m\u00e9dina, la porte Bab Mansour, la place Jedim, la Grande Mosqu\u00e9e, la Madrasa Bou Inania et le Mausol\u00e9e Mulay Ismail, bien s\u00fbr nous ferons un tour dans les souks.<br \/>\nApr\u00e8s le d\u00e9jeuner, nous nous rendrons \u00e0 VOLUP. C&#8217;est le site arch\u00e9ologique le plus important du pays. De nos jours, VOLUCABILIS permet comme peu d&#8217;endroits au monde d&#8217;imaginer en d\u00e9tail la vie des Romains.<br \/>\nLe soir, nous dormirons \u00e0 MEKNES dans l&#8217;h\u00f4tel de votre choix.<\/p>\n<h4>Jour 8 Retour \u00e0 Tanger<\/h4>\n<p>Nous traverserons \u00e0 nouveau les montagnes du Rif en direction de TANGER.<br \/>\nEn chemin, nous nous arr\u00eaterons pour d\u00e9jeuner \u00e0 KSAR-EL KABIR.<br \/>\nLe soir, nous serons \u00e0 Tanger.<br \/>\nVous aurez le temps de vous perdre dans cette grande ville m\u00e9diterran\u00e9enne.<\/p>\n<h4>Jour 9 Tanger<\/h4>\n<p>Apr\u00e8s un d\u00e9licieux petit d\u00e9jeuner, nous vous accompagnerons \u00e0 l&#8217;a\u00e9roport ou au port et &#8230;.<br \/>\nA bient\u00f4t les gar\u00e7ons&#8230;. !<\/p>\n","protected":false},"excerpt":{"rendered":"<p>Jour 1 Tanger Que vous arriviez par bateau ou par avion, nous vous attendrons pour vous transf\u00e9rer dans la ville de TANGER \u00e0 l&#8217;h\u00f4tel o\u00f9 vous<span class=\"excerpt-hellip\"> [\u2026]<\/span><\/p>\n","protected":false},"author":1,"featured_media":0,"parent":0,"menu_order":0,"comment_status":"closed","ping_status":"closed","template":"","meta":{"ngg_post_thumbnail":0},"_links":{"self":[{"href":"https:\/\/deafmoroccotours.com\/fr\/wp-json\/wp\/v2\/pages\/153"}],"collection":[{"href":"https:\/\/deafmoroccotours.com\/fr\/wp-json\/wp\/v2\/pages"}],"about":[{"href":"https:\/\/deafmoroccotours.com\/fr\/wp-json\/wp\/v2\/types\/page"}],"author":[{"embeddable":true,"href":"https:\/\/deafmoroccotours.com\/fr\/wp-json\/wp\/v2\/users\/1"}],"replies":[{"embeddable":true,"href":"https:\/\/deafmoroccotours.com\/fr\/wp-json\/wp\/v2\/comments?post=153"}],"version-history":[{"count":5,"href":"https:\/\/deafmoroccotours.com\/fr\/wp-json\/wp\/v2\/pages\/153\/revisions"}],"predecessor-version":[{"id":370,"href":"https:\/\/deafmoroccotours.com\/fr\/wp-json\/wp\/v2\/pages\/153\/revisions\/370"}],"wp:attachment":[{"href":"https:\/\/deafmoroccotours.com\/fr\/wp-json\/wp\/v2\/media?parent=153"}],"curies":[{"name":"wp","href":"https:\/\/api.w.org\/{rel}","templated":true}]}}