{"id":155,"date":"2019-09-27T17:32:40","date_gmt":"2019-09-27T17:32:40","guid":{"rendered":"https:\/\/deafmoroccotours.com\/wp\/?page_id=155"},"modified":"2022-08-29T10:27:12","modified_gmt":"2022-08-29T10:27:12","slug":"10-jours-de-tanger-a-fes-et-le-desert-de-merzouga","status":"publish","type":"page","link":"https:\/\/deafmoroccotours.com\/fr\/10-jours-de-tanger-a-fes-et-le-desert-de-merzouga\/","title":{"rendered":"10 jours de Tanger \u00e0 F\u00e8s et le d\u00e9sert de Merzouga"},"content":{"rendered":"<h4>JOUR 1 : TANGIER &#8211; CHEFCHAOUEN &#8211; F\u00c8S<\/h4>\n<p>Arriv\u00e9e au port ou \u00e0 l&#8217;a\u00e9roport de Tanger, rencontre et d\u00e9part avec le chauffeur\/guide en direction de Chefchaouen en traversant les montagnes du Rif et la ville de T\u00e9touan. Arriv\u00e9e \u00e0 Chefchaouen pour une courte visite. Chefchaouen est appel\u00e9e la &#8220;Perle bleue&#8221; car tous les b\u00e2timents, portes, fen\u00eatres, fontaines et rues sont peints dans diff\u00e9rentes nuances de bleu. La ville a \u00e9t\u00e9 consid\u00e9r\u00e9e comme sacr\u00e9e pendant des si\u00e8cles et il \u00e9tait m\u00eame interdit aux \u00e9trangers d&#8217;y entrer. Ce n&#8217;est que r\u00e9cemment, dans les ann\u00e9es 50, que les choses ont chang\u00e9 et que la ville est devenue une destination touristique que peu de gens connaissent. La m\u00e9dina est un d\u00e9dale de rues \u00e9troites et color\u00e9es en bleu et la raison en est purement religieuse et non esth\u00e9tique. Habit\u00e9e par des peuples berb\u00e8res, elle a \u00e9t\u00e9 fond\u00e9e par des Espagnols venus d&#8217;Andalousie, c&#8217;est pourquoi la partie ancienne de la ville ressemble aux villages andalous avec des rues \u00e9troites et des murs fleuris. La plupart de ses habitants parlent encore aujourd&#8217;hui l&#8217;espagnol. Au centre de la vieille ville, vous verrez la place Outa-el-Hammam o\u00f9 se trouve la mosqu\u00e9e Tarik-Ben-Ziad, qui cache un minaret de forme octogonale inspir\u00e9 de la Torre de Oro de S\u00e9ville et une splendide forteresse. La nouvelle ville est construite plus bas. Arriv\u00e9e dans la soir\u00e9e \u00e0 F\u00e8s. D\u00eener et nuit en riad\/h\u00f4tel.<\/p>\n<h4>JOUR 2 : F\u00c8S<\/h4>\n<p>F\u00e8s est consid\u00e9r\u00e9e comme le v\u00e9ritable bastion de la culture et de l&#8217;identit\u00e9 du Maroc, situ\u00e9 au fond d&#8217;une vall\u00e9e fertile \u00e0 environ 350 m d&#8217;altitude. La vieille ville, avec ses march\u00e9s et ses mosqu\u00e9es, est consid\u00e9r\u00e9e comme l&#8217;un des centres les plus attrayants de tout le monde islamique. Parmi les grandes villes du Maroc, F\u00e8s est la plus ancienne des quatre villes imp\u00e9riales et doit ce prestige \u00e0 sa pr\u00e9valence politique s\u00e9culaire et \u00e0 l&#8217;importance de son ancienne universit\u00e9 sur la culture et l&#8217;art. Apr\u00e8s le petit-d\u00e9jeuner, d\u00e9part avec le guide officiel et le chauffeur pour la d\u00e9couverte de la ville, F\u00e8s est divis\u00e9e en Ville Nouvelle, c&#8217;est-\u00e0-dire la ville imp\u00e9riale construite \u00e0 partir de 1200 o\u00f9 se trouvent la gare, le Palais Royal et le quartier juif, la Vieille Ville ou M\u00e9dina, la plus ancienne partie fortifi\u00e9e de F\u00e8s, un v\u00e9ritable labyrinthe de ruelles \u00e9troites avec des march\u00e9s de toutes sortes et la Ville Nouvelle, le quartier o\u00f9 se trouvent les restaurants, les bars, les caf\u00e9s et les librairies. Nous visiterons la Madrasa Bou Inania, la mosqu\u00e9e Al Karaouine (ferm\u00e9e aux non-musulmans), la Medersa Attarine, la place Najjarine c\u00e9l\u00e8bre pour sa magnifique fontaine d\u00e9cor\u00e9e de mosa\u00efques, le Mausol\u00e9e de Moulay Idriss et les tombeaux des M\u00e9r\u00e9nides, Nous rejoindrons ensuite les c\u00e9l\u00e8bres tanneries de F\u00e8s et visiterons une fabrique de poterie. Retour dans l&#8217;apr\u00e8s-midi. D\u00eener et nuit en riad\/h\u00f4tel.<\/p>\n<h4>JOUR 3 : F\u00c8S &#8211; IFRANE &#8211; VALL\u00c9E DU ZIZ &#8211; MERZOUGA<\/h4>\n<p>Apr\u00e8s le petit d\u00e9jeuner, d\u00e9part avec le chauffeur\/guide de votre riad\/h\u00f4tel \u00e0 F\u00e8s en direction de Merzouga en passant par Azrou o\u00f9 l&#8217;on peut voir les singes de Barbarie habitant les for\u00eats luxuriantes de c\u00e8dres et de ch\u00eanes, puis continuation vers Ifrane, surnomm\u00e9e la &#8220;Petite Suisse&#8221; est situ\u00e9e \u00e0 plus de 1700 m d&#8217;altitude et traversera la vall\u00e9e du Ziz. Arriv\u00e9e dans l&#8217;apr\u00e8s-midi au village de Merzouga pour un bref arr\u00eat au riad\/h\u00f4tel. Avant le coucher du soleil, d\u00e9part en dromadaire pour rejoindre les tentes berb\u00e8res aussi appel\u00e9es &#8220;Haima&#8221; o\u00f9 le d\u00eener sera servi sous les \u00e9toiles et o\u00f9 vous \u00e9couterez la musique traditionnelle berb\u00e8re jou\u00e9e aux percussions. Nuit au camp de tentes.<\/p>\n<h4>JOUR 4 : MERZOUGA &#8211; ERFOUD &#8211; GORGES DU TODRA &#8211; DAD\u00c8S<\/h4>\n<p>R\u00e9veil aux aurores pour assister au lever du soleil au milieu des dunes, retour en dromadaire au riad o\u00f9 le petit d\u00e9jeuner sera servi et vous pourrez prendre une douche chaude. Apr\u00e8s une br\u00e8ve halte, d\u00e9part en direction d&#8217;Erfoud situ\u00e9 aux portes du d\u00e9sert, aussi appel\u00e9 la ville des fossiles, pour le territoire riche en pierres fossiles. Le voyage se poursuivra en direction des gorges du Todra pour rejoindre la vall\u00e9e du Dad\u00e8s. D\u00eener et nuit en riad\/h\u00f4tel.<\/p>\n<h4>JOUR 5 : DAD\u00c8S &#8211; OUARZAZATE &#8211; AIT-BEN-HADDOU &#8211; MARRAKECH<\/h4>\n<p>Apr\u00e8s le petit d\u00e9jeuner, nous partons pour la Vall\u00e9e du Dad\u00e8s, en traversant la Vall\u00e9e des Roses, c\u00e9l\u00e8bre pour la culture de la rose de Damas dont on extrait l&#8217;essence pour la production de nombreux cosm\u00e9tiques. Nous visiterons les Gorges du Dad\u00e8s. Le voyage se poursuivra en direction de Ouarzazate, situ\u00e9e dans la vall\u00e9e du Dad\u00e8s, agrandie dans les ann\u00e9es vingt par les Fran\u00e7ais comme centre militaire et administratif. Pr\u00e8s de la ville se trouvent les studios de l&#8217;Atlas Film Corporation, la &#8220;Cinecitt\u00e0&#8221; du Maroc, o\u00f9 plusieurs films se d\u00e9roulant dans le d\u00e9sert ont \u00e9t\u00e9 et sont encore tourn\u00e9s. Nous continuerons ensuite vers le nord en direction de Marrakech en passant par la kasbah d&#8217;Ait-Ben-Haddou d\u00e9clar\u00e9e patrimoine mondial de l&#8217;Unesco, o\u00f9 nous ferons une courte visite, puis nous continuerons le voyage \u00e0 travers les montagnes du Grand Atlas jusqu&#8217;au Tizi. n&#8217;Tichka \u00e0 2 260 m (le plus haut col de l&#8217;Atlas). Arriv\u00e9e dans la soir\u00e9e \u00e0 Marrakech. D\u00eener libre. Nuit\u00e9e en riad\/h\u00f4tel.<\/p>\n<h4>JOUR 6 : MARRAKECH<\/h4>\n<p>Une des principales villes du Maroc, Marrakech est la plus importante des quatre villes imp\u00e9riales et est situ\u00e9e au pied des montagnes de l&#8217;Atlas. Apr\u00e8s le petit-d\u00e9jeuner, d\u00e9part avec le guide officiel et le chauffeur pour la d\u00e9couverte de la ville \u00e9galement appel\u00e9e &#8220;Perle du Sud&#8221; et &#8220;Ville rouge ou ocre&#8221; pour les murs rouges qui l&#8217;entourent et pour les diff\u00e9rents \u00e9difices de cette couleur construits \u00e0 la m\u00eame \u00e9poque \u00e0 l&#8217;aide de pierres rouges et de sable. Visite du Palais Bahia, du Palais El Badi, des Tombeaux Saadiens, de l&#8217;ancienne \u00e9cole coranique de Ben Youssef, des Jardins de la M\u00e9nara, de la Mosqu\u00e9e et du Minaret de la Koutoubia. Petit arr\u00eat pour le d\u00e9jeuner et un th\u00e9 \u00e0 la menthe dans l&#8217;une des terrasses surplombant la place Jemaa el-Fna, continuation vers la Mosqu\u00e9e et le Minaret Koutoubia, les Jardins Majorelle avec la possibilit\u00e9 de visiter le nouveau mus\u00e9e qui vient d&#8217;ouvrir, d\u00e9di\u00e9 \u00e0 Yves Saint Laurent. Retour dans l&#8217;apr\u00e8s-midi \u00e0 votre riad\/h\u00f4tel. D\u00eener libre. Nuit\u00e9e en riad\/h\u00f4tel.<\/p>\n<h4>JOUR 7 : MARRAKECH &#8211; ESSAOUIRA<\/h4>\n<p>Apr\u00e8s le petit-d\u00e9jeuner, d\u00e9part avec le chauffeur vers la ville baln\u00e9aire d&#8217;Essaouira, appel\u00e9e \u00e0 l&#8217;origine Mogador, qui se trouve \u00e0 environ 190 km de Marrakech. Journ\u00e9e libre disponible. La ville est c\u00e9l\u00e8bre notamment pour sa M\u00e9dina sur la mer, qui est inscrite sur la liste du patrimoine mondial de l&#8217;UNESCO. Sa forteresse, ses murs blancs, la d\u00e9contraction des habitants, les boutiques d&#8217;artisans rendent cette ville unique et \u00e0 saveur europ\u00e9enne. Sa c\u00f4te est balay\u00e9e presque toute l&#8217;ann\u00e9e par les brises de l&#8217;oc\u00e9an, les aliz\u00e9s, et les amateurs de planche \u00e0 voile et de kitesurf sont nombreux \u00e0 s&#8217;y rendre. Nous vous conseillons de visiter le quartier des souks, de ne pas manquer le port d&#8217;Essaouira o\u00f9 vous pourrez voir les chantiers navals, le va-et-vient des bateaux de p\u00eache et la jet\u00e9e qui se transforme en march\u00e9 aux poissons au retour des p\u00eacheurs. Ne manquez pas de d\u00e9jeuner pr\u00e8s du port pour d\u00e9guster le poisson fra\u00eechement p\u00each\u00e9. D\u00eener libre. Nuit en riad\/h\u00f4tel.<\/p>\n<h4>JOUR 8 : ESSAOUIRA &#8211; RABAT<\/h4>\n<p>Apr\u00e8s le petit-d\u00e9jeuner, d\u00e9part en direction de Rabat. Rabat est la capitale du Maroc et est une ville moderne surplombant l&#8217;oc\u00e9an Atlantique. En plus d&#8217;\u00eatre le si\u00e8ge du gouvernement, c&#8217;est le principal centre de la cuisine et de l&#8217;architecture marocaines. Apr\u00e8s Casablanca, Rabat est la plus grande ville du pays. La m\u00e9dina est pittoresque et caract\u00e9ris\u00e9e par des ruelles \u00e9troites et pav\u00e9es, des galeries d&#8217;art et des boutiques d&#8217;artisanat local. Nous vous recommandons une courte visite de la Tour Hassan, un minaret qui faisait autrefois partie de la mosqu\u00e9e homonyme qui devait \u00eatre la plus haute du monde mais qui n&#8217;a jamais \u00e9t\u00e9 achev\u00e9e car elle a \u00e9t\u00e9 d\u00e9truite en 1755 suite \u00e0 un fort tremblement de terre dont l&#8217;\u00e9picentre \u00e9tait \u00e0 Lisbonne. Aujourd&#8217;hui, il reste les bases des colonnes de la mosqu\u00e9e. Le minaret isol\u00e9 est haut de 44 m\u00e8tres et rappelle la c\u00e9l\u00e8bre tour Giralda de S\u00e9ville. En face se trouve le Mausol\u00e9e de Mohammed V qui abrite les restes du Roi du Maroc et de ses deux fils, le Roi Hassan II et le Prince Abdullah. nuit en riad\/h\u00f4tel. D\u00eener libre. Nuit\u00e9e en riad\/h\u00f4tel.<\/p>\n<h4>JOUR 9 : RABAT &#8211; ASILAH<\/h4>\n<p>Apr\u00e8s le petit-d\u00e9jeuner, d\u00e9part en direction d&#8217;Asilah, ville fortifi\u00e9e situ\u00e9e \u00e0 la pointe nord-ouest du Maroc, \u00e0 42 km au sud de Tanger. Elle a probablement \u00e9t\u00e9 construite par les Ph\u00e9niciens comme port de commerce vers 1500 avant J.-C.. La ville a l&#8217;apparence d&#8217;une cit\u00e9 grecque \u00e9g\u00e9enne et est une belle station touristique aux b\u00e2timents blancs. Vous pourrez admirer les remparts portugais, les portes anciennes, les rues fleuries de la m\u00e9dina et divers b\u00e2timents de style islamique et andalou. Asilah est \u00e9galement c\u00e9l\u00e8bre pour ses longues plages de sable fin et dor\u00e9. D\u00eener libre. Nuit\u00e9e en riad\/h\u00f4tel.<\/p>\n<h4>JOUR 10 : ASILAH &#8211; TANGERI<\/h4>\n<p>Apr\u00e8s le petit-d\u00e9jeuner, d\u00e9part en direction de Tanger et fin de notre service.<\/p>\n","protected":false},"excerpt":{"rendered":"<p>JOUR 1 : TANGIER &#8211; CHEFCHAOUEN &#8211; F\u00c8S Arriv\u00e9e au port ou \u00e0 l&#8217;a\u00e9roport de Tanger, rencontre et d\u00e9part avec le chauffeur\/guide en direction de Chefchaouen<span class=\"excerpt-hellip\"> [\u2026]<\/span><\/p>\n","protected":false},"author":1,"featured_media":0,"parent":0,"menu_order":0,"comment_status":"closed","ping_status":"closed","template":"","meta":{"ngg_post_thumbnail":0},"_links":{"self":[{"href":"https:\/\/deafmoroccotours.com\/fr\/wp-json\/wp\/v2\/pages\/155"}],"collection":[{"href":"https:\/\/deafmoroccotours.com\/fr\/wp-json\/wp\/v2\/pages"}],"about":[{"href":"https:\/\/deafmoroccotours.com\/fr\/wp-json\/wp\/v2\/types\/page"}],"author":[{"embeddable":true,"href":"https:\/\/deafmoroccotours.com\/fr\/wp-json\/wp\/v2\/users\/1"}],"replies":[{"embeddable":true,"href":"https:\/\/deafmoroccotours.com\/fr\/wp-json\/wp\/v2\/comments?post=155"}],"version-history":[{"count":4,"href":"https:\/\/deafmoroccotours.com\/fr\/wp-json\/wp\/v2\/pages\/155\/revisions"}],"predecessor-version":[{"id":358,"href":"https:\/\/deafmoroccotours.com\/fr\/wp-json\/wp\/v2\/pages\/155\/revisions\/358"}],"wp:attachment":[{"href":"https:\/\/deafmoroccotours.com\/fr\/wp-json\/wp\/v2\/media?parent=155"}],"curies":[{"name":"wp","href":"https:\/\/api.w.org\/{rel}","templated":true}]}}