{"id":157,"date":"2019-09-27T17:34:57","date_gmt":"2019-09-27T17:34:57","guid":{"rendered":"https:\/\/deafmoroccotours.com\/wp\/?page_id=157"},"modified":"2022-08-29T11:44:17","modified_gmt":"2022-08-29T11:44:17","slug":"une-nuit-a-dos-de-chameau-dans-le-sahara-erg-chebbi","status":"publish","type":"page","link":"https:\/\/deafmoroccotours.com\/fr\/une-nuit-a-dos-de-chameau-dans-le-sahara-erg-chebbi\/","title":{"rendered":"Une nuit \u00e0 dos de chameau dans le Sahara Erg Chebbi"},"content":{"rendered":"<h4>Randonn\u00e9e \u00e0 dos de chameau d&#8217;une nuit dans le d\u00e9sert de l&#8217;Erg Chebbi au Maroc.<\/h4>\n<p>Cette randonn\u00e9e \u00e0 dos de chameau au Maroc commence dans la soir\u00e9e. Nous organisons la promenade \u00e0 dos de chameau pour la nuit dans le d\u00e9sert \u00e0 partir de votre h\u00f4tel pr\u00e8s des dunes de sable. Les chameaux seront emball\u00e9s avec des aliments, des couvertures et tout ce qui est important dont nous aurons besoin pour notre voyage. Cette randonn\u00e9e dans le d\u00e9sert durera 1h30.<\/p>\n<p>Nous passerons la nuit dans un camp \u00e9quip\u00e9 avec de la musique de tambour au milieu du Sahara marocain. Ce sera l&#8217;occasion de prendre de belles photos du coucher et du lever du soleil dans le d\u00e9sert, lorsque nous arrivons au camp, nous marchons vers les hautes dunes pour regarder le coucher du soleil. Ce sera une nuit magique lorsque le ciel sera clair et que nous pourrons observer les \u00e9toiles. Pendant cette nuit, il y aura un d\u00eener autour d&#8217;un feu de camp et nous passerons la nuit dans des tentes nomades.<\/p>\n<p>Le matin, nous monterons les chameaux pour retourner \u00e0 Merzouga ; vous prendrez le petit-d\u00e9jeuner et la douche \u00e0 l&#8217;h\u00f4tel \u00e0 Merzouga Erg Chebbi.<\/p>\n","protected":false},"excerpt":{"rendered":"<p>Randonn\u00e9e \u00e0 dos de chameau d&#8217;une nuit dans le d\u00e9sert de l&#8217;Erg Chebbi au Maroc. Cette randonn\u00e9e \u00e0 dos de chameau au Maroc commence dans la<span class=\"excerpt-hellip\"> [\u2026]<\/span><\/p>\n","protected":false},"author":1,"featured_media":0,"parent":0,"menu_order":0,"comment_status":"closed","ping_status":"closed","template":"","meta":{"ngg_post_thumbnail":0},"_links":{"self":[{"href":"https:\/\/deafmoroccotours.com\/fr\/wp-json\/wp\/v2\/pages\/157"}],"collection":[{"href":"https:\/\/deafmoroccotours.com\/fr\/wp-json\/wp\/v2\/pages"}],"about":[{"href":"https:\/\/deafmoroccotours.com\/fr\/wp-json\/wp\/v2\/types\/page"}],"author":[{"embeddable":true,"href":"https:\/\/deafmoroccotours.com\/fr\/wp-json\/wp\/v2\/users\/1"}],"replies":[{"embeddable":true,"href":"https:\/\/deafmoroccotours.com\/fr\/wp-json\/wp\/v2\/comments?post=157"}],"version-history":[{"count":3,"href":"https:\/\/deafmoroccotours.com\/fr\/wp-json\/wp\/v2\/pages\/157\/revisions"}],"predecessor-version":[{"id":374,"href":"https:\/\/deafmoroccotours.com\/fr\/wp-json\/wp\/v2\/pages\/157\/revisions\/374"}],"wp:attachment":[{"href":"https:\/\/deafmoroccotours.com\/fr\/wp-json\/wp\/v2\/media?parent=157"}],"curies":[{"name":"wp","href":"https:\/\/api.w.org\/{rel}","templated":true}]}}