{"id":159,"date":"2019-09-27T17:37:48","date_gmt":"2019-09-27T17:37:48","guid":{"rendered":"https:\/\/deafmoroccotours.com\/wp\/?page_id=159"},"modified":"2022-08-29T10:26:41","modified_gmt":"2022-08-29T10:26:41","slug":"2-nuits-de-randonnee-a-dos-de-chameau-dans-le-desert-de-lerg-chebbi","status":"publish","type":"page","link":"https:\/\/deafmoroccotours.com\/fr\/2-nuits-de-randonnee-a-dos-de-chameau-dans-le-desert-de-lerg-chebbi\/","title":{"rendered":"2 nuits de randonn\u00e9e \u00e0 dos de chameau dans le d\u00e9sert de l&#8217;Erg Chebbi."},"content":{"rendered":"<p>Ce voyage commencera le soir, et nous organisons la promenade en chameau pour la nuit dans le d\u00e9sert \u00e0 partir d&#8217;un h\u00f4tel pr\u00e8s des dunes de sable. Nos chameaux seront charg\u00e9s de nourriture, de couvertures et de tout ce qui est important pour notre voyage. La randonn\u00e9e commencera directement dans le d\u00e9sert et durera 1h30.<\/p>\n<p>Nous passerons la nuit dans un camp \u00e9quip\u00e9 avec de la musique de tambours au milieu du Sahara. C&#8217;est une excellente occasion de prendre des photos parfaites du coucher et du lever du soleil, lorsque nous arrivons au camp nous marchons vers les hautes dunes pour voir le coucher du soleil. Ce sera une grande nuit quand le ciel est clair et que les \u00e9toiles scintillent et brillent avec intensit\u00e9.<\/p>\n<p>Pendant cette premi\u00e8re nuit, nous d\u00eenerons autour d&#8217;un feu de camp, et nous passerons la nuit dans des tentes berb\u00e8res. Le lendemain matin, apr\u00e8s le petit d\u00e9jeuner au camp, nous monterons les chameaux pour visiter et d\u00e9jeuner avec les peuples nomades. Apr\u00e8s s&#8217;\u00eatre repos\u00e9s, nous chevaucherons les chameaux pour retourner \u00e0 un autre camp berb\u00e8re.<\/p>\n<p>Lorsque nous atteindrons le camp, nous laisserons les chameaux et nous prendrons les planches de sable pour marcher jusqu&#8217;aux hautes dunes de sable juste \u00e0 c\u00f4t\u00e9 du camp apr\u00e8s le coucher du soleil. Le lendemain matin, nous retournerons \u00e0 dos de chameaux apr\u00e8s le lever du soleil et vous prendrez une douche et un petit-d\u00e9jeuner \u00e0 l&#8217;h\u00f4tel de Merzouga.<\/p>\n","protected":false},"excerpt":{"rendered":"<p>Ce voyage commencera le soir, et nous organisons la promenade en chameau pour la nuit dans le d\u00e9sert \u00e0 partir d&#8217;un h\u00f4tel pr\u00e8s des dunes de<span class=\"excerpt-hellip\"> [\u2026]<\/span><\/p>\n","protected":false},"author":1,"featured_media":0,"parent":0,"menu_order":0,"comment_status":"closed","ping_status":"closed","template":"","meta":{"ngg_post_thumbnail":0},"_links":{"self":[{"href":"https:\/\/deafmoroccotours.com\/fr\/wp-json\/wp\/v2\/pages\/159"}],"collection":[{"href":"https:\/\/deafmoroccotours.com\/fr\/wp-json\/wp\/v2\/pages"}],"about":[{"href":"https:\/\/deafmoroccotours.com\/fr\/wp-json\/wp\/v2\/types\/page"}],"author":[{"embeddable":true,"href":"https:\/\/deafmoroccotours.com\/fr\/wp-json\/wp\/v2\/users\/1"}],"replies":[{"embeddable":true,"href":"https:\/\/deafmoroccotours.com\/fr\/wp-json\/wp\/v2\/comments?post=159"}],"version-history":[{"count":4,"href":"https:\/\/deafmoroccotours.com\/fr\/wp-json\/wp\/v2\/pages\/159\/revisions"}],"predecessor-version":[{"id":357,"href":"https:\/\/deafmoroccotours.com\/fr\/wp-json\/wp\/v2\/pages\/159\/revisions\/357"}],"wp:attachment":[{"href":"https:\/\/deafmoroccotours.com\/fr\/wp-json\/wp\/v2\/media?parent=159"}],"curies":[{"name":"wp","href":"https:\/\/api.w.org\/{rel}","templated":true}]}}