{"id":161,"date":"2019-09-27T17:42:58","date_gmt":"2019-09-27T17:42:58","guid":{"rendered":"https:\/\/deafmoroccotours.com\/wp\/?page_id=161"},"modified":"2022-08-29T11:44:33","modified_gmt":"2022-08-29T11:44:33","slug":"randonnee-a-dos-de-chameau-3-nuits-dans-les-dunes-de-lerg-chebbi","status":"publish","type":"page","link":"https:\/\/deafmoroccotours.com\/fr\/randonnee-a-dos-de-chameau-3-nuits-dans-les-dunes-de-lerg-chebbi\/","title":{"rendered":"Randonn\u00e9e \u00e0 dos de chameau 3 nuits dans les dunes de l&#8217;Erg Chebbi"},"content":{"rendered":"<p>Ce voyage commence apr\u00e8s un d\u00e9jeuner d\u00e9tendu (en fonction de votre heure d&#8217;arriv\u00e9e). Nos chameaux seront charg\u00e9s de nourriture, de couvertures et de tout ce dont nous avons besoin pour notre voyage. Ce trek commence directement dans le d\u00e9sert. La route que nous prendrons nous m\u00e8nera \u00e0 une petite oasis au milieu des dunes. C&#8217;est l\u00e0 que nous passerons la nuit sous des d\u00e9parts en tente nomade.<\/p>\n<p>Ce sera une nuit vraiment magique quand le ciel est clair et couvert d&#8217;\u00e9toiles et qu&#8217;elles brillent avec intensit\u00e9. Pendant la premi\u00e8re nuit, nous aurons un merveilleux d\u00eener autour d&#8217;un feu de camp.<\/p>\n<p>Le matin, apr\u00e8s le petit-d\u00e9jeuner, nous partons pour environ 2 heures de route pour atteindre notre prochaine destination. Nous nous arr\u00eatons pour d\u00e9jeuner \u00e0 c\u00f4t\u00e9 d&#8217;un arbre du d\u00e9sert, le tamaris, pendant environ 1,5 heure. \u00c0 l&#8217;ombre de cet arbre, nous prendrons un savoureux d\u00e9jeuner dans le d\u00e9sert, puis nous nous dirigerons vers la maison d&#8217;une famille nomade avec laquelle vous passerez votre deuxi\u00e8me nuit et partagerez du temps avec cette famille nomade. Le lendemain, apr\u00e8s notre petit-d\u00e9jeuner avec les Berb\u00e8res, nous nous dirigerons vers une autre petite oasis au milieu du d\u00e9sert.<\/p>\n<p>Avant d&#8217;atteindre le camp, nous nous arr\u00eaterons en chemin pour un d\u00e9jeuner dans le d\u00e9sert. Votre derni\u00e8re (troisi\u00e8me) nuit sera pass\u00e9e avec une famille nomade berb\u00e8re vivant dans cette oasis. Pendant le d\u00eener, nous aurons une f\u00eate fantastique de musique de tambour sous les \u00e9toiles dans le d\u00e9sert. Apr\u00e8s le petit-d\u00e9jeuner, nous retournons au village de Merzouga ou \u00e0 votre riad\/h\u00f4tel\/auberge.<\/p>\n","protected":false},"excerpt":{"rendered":"<p>Ce voyage commence apr\u00e8s un d\u00e9jeuner d\u00e9tendu (en fonction de votre heure d&#8217;arriv\u00e9e). Nos chameaux seront charg\u00e9s de nourriture, de couvertures et de tout ce dont<span class=\"excerpt-hellip\"> [\u2026]<\/span><\/p>\n","protected":false},"author":1,"featured_media":0,"parent":0,"menu_order":0,"comment_status":"closed","ping_status":"closed","template":"","meta":{"ngg_post_thumbnail":0},"_links":{"self":[{"href":"https:\/\/deafmoroccotours.com\/fr\/wp-json\/wp\/v2\/pages\/161"}],"collection":[{"href":"https:\/\/deafmoroccotours.com\/fr\/wp-json\/wp\/v2\/pages"}],"about":[{"href":"https:\/\/deafmoroccotours.com\/fr\/wp-json\/wp\/v2\/types\/page"}],"author":[{"embeddable":true,"href":"https:\/\/deafmoroccotours.com\/fr\/wp-json\/wp\/v2\/users\/1"}],"replies":[{"embeddable":true,"href":"https:\/\/deafmoroccotours.com\/fr\/wp-json\/wp\/v2\/comments?post=161"}],"version-history":[{"count":2,"href":"https:\/\/deafmoroccotours.com\/fr\/wp-json\/wp\/v2\/pages\/161\/revisions"}],"predecessor-version":[{"id":333,"href":"https:\/\/deafmoroccotours.com\/fr\/wp-json\/wp\/v2\/pages\/161\/revisions\/333"}],"wp:attachment":[{"href":"https:\/\/deafmoroccotours.com\/fr\/wp-json\/wp\/v2\/media?parent=161"}],"curies":[{"name":"wp","href":"https:\/\/api.w.org\/{rel}","templated":true}]}}