{"id":378,"date":"2024-09-26T13:43:33","date_gmt":"2024-09-26T13:43:33","guid":{"rendered":"https:\/\/deafmoroccotours.com\/fr\/?page_id=378"},"modified":"2024-09-26T13:43:33","modified_gmt":"2024-09-26T13:43:33","slug":"15-jours-de-voyage-au-maroc-depuis-marrakech","status":"publish","type":"page","link":"https:\/\/deafmoroccotours.com\/fr\/15-jours-de-voyage-au-maroc-depuis-marrakech\/","title":{"rendered":"15 jours de voyage au Maroc depuis Marrakech"},"content":{"rendered":"<p>Voyage de 15 jours au Maroc : De Marrakech au d\u00e9sert, aux montagnes et \u00e0 la c\u00f4te<\/p>\n<h4>Jour 1 : Arriv\u00e9e \u00e0 Marrakech<\/h4>\n<p>Votre aventure commence dans la ville anim\u00e9e de Marrakech, o\u00f9 vous atterrirez et vous installerez dans votre logement. Passez l&#8217;apr\u00e8s-midi \u00e0 explorer la place Jemaa el-Fnaa et la M\u00e9dina, \u00e0 vous perdre dans les souks et \u00e0 profiter de l&#8217;animation de la rue. Ne manquez pas d&#8217;admirer le coucher de soleil sur la place en d\u00e9gustant un th\u00e9 \u00e0 la menthe.<\/p>\n<h4>Jour 2 : De Marrakech \u00e0 Ouarzazate<\/h4>\n<p>Le matin, commencez votre voyage vers Ouarzazate en passant par le superbe col du Tizi n&#8217;Tichka dans les montagnes de l&#8217;Atlas. En chemin, vous visiterez le site historique d&#8217;Ait Ben Haddou, class\u00e9 au patrimoine mondial de l&#8217;UNESCO et connu pour ses kasbahs embl\u00e9matiques. Ouarzazate, souvent appel\u00e9e la \u00ab porte du Sahara \u00bb, est c\u00e9l\u00e8bre pour ses studios de cin\u00e9ma et la Kasbah Taourirt.<\/p>\n<h4>Jour 3 : Ouarzazate aux Gorges du Dad\u00e8s<\/h4>\n<p>Conduisez vers la vall\u00e9e du Dad\u00e8s, souvent appel\u00e9e la \u00ab vall\u00e9e des mille kasbahs \u00bb. Vous traverserez des villages berb\u00e8res pittoresques et des vall\u00e9es remplies d&#8217;oasis. Les gorges du Dad\u00e8s offrent des vues spectaculaires, en particulier au coucher du soleil, lorsque les formations rocheuses s&#8217;illuminent de teintes rouges et orang\u00e9es.<\/p>\n<h4>Jour 4 : De Dad\u00e8s aux gorges de Todra et \u00e0 Merzouga<\/h4>\n<p>Laissez Dad\u00e8s derri\u00e8re vous et dirigez-vous vers les impressionnantes gorges de Todra, connues pour leurs falaises abruptes et imposantes. Apr\u00e8s une promenade dans les gorges, continuez votre voyage dans le d\u00e9sert et atteignez Merzouga dans la soir\u00e9e. L\u00e0, vous vous pr\u00e9parerez \u00e0 une randonn\u00e9e \u00e0 dos de chameau dans les dunes de l&#8217;Erg Chebbi, o\u00f9 vous passerez la nuit dans un campement du d\u00e9sert sous les \u00e9toiles.<\/p>\n<h4>Jour 5 : Exploration du d\u00e9sert de Merzouga<\/h4>\n<p>R\u00e9veil matinal pour assister au lever du soleil sur les dunes, suivi d&#8217;un petit-d\u00e9jeuner au camp. Vous passerez la journ\u00e9e \u00e0 explorer le d\u00e9sert, \u00e0 rendre visite \u00e0 une famille nomade locale et \u00e0 faire un tour en 4\u00d74 dans les dunes. Le soir, vous passerez une autre nuit paisible dans le Sahara.<\/p>\n<h4>Jour 6 : De Merzouga \u00e0 Midelt<\/h4>\n<p>Commencez votre voyage vers le nord en direction de Midelt, une petite ville nich\u00e9e entre le Moyen Atlas et le Haut Atlas. En chemin, vous traverserez la vall\u00e9e de Ziz, connue pour ses palmeraies luxuriantes et ses paysages \u00e9poustouflants. Midelt est un endroit id\u00e9al pour se reposer et profiter de l&#8217;air frais de la montagne.<\/p>\n<h4>Jour 7 : De Midelt \u00e0 F\u00e8s<\/h4>\n<p>Continuez vers F\u00e8s, le c\u0153ur culturel et spirituel du Maroc. Cette ancienne ville est connue pour son architecture m\u00e9di\u00e9vale bien pr\u00e9serv\u00e9e et ses souks anim\u00e9s. Passez l&#8217;apr\u00e8s-midi \u00e0 explorer la m\u00e9dina de F\u00e8s, class\u00e9e au patrimoine mondial de l&#8217;UNESCO, et visitez l&#8217;universit\u00e9 Al Quaraouiyine, l&#8217;une des plus anciennes au monde.<\/p>\n<h4>Jour 8 : Exploration de F\u00e8s<\/h4>\n<p>Consacrez cette journ\u00e9e \u00e0 l&#8217;immersion totale dans les merveilles de F\u00e8s. Visitez la madrasa Bou Inania, le mus\u00e9e Dar Batha et la tannerie Chouara pour d\u00e9couvrir les techniques traditionnelles de fabrication du cuir. F\u00e8s est un labyrinthe d&#8217;histoire et de culture qui ne demande qu&#8217;\u00e0 \u00eatre explor\u00e9.<\/p>\n<h4>Jour 9 : De F\u00e8s \u00e0 Chefchaouen<\/h4>\n<p>Laissez F\u00e8s derri\u00e8re vous et dirigez-vous vers la ville bleue de Chefchaouen, nich\u00e9e dans les montagnes du Rif. Connue pour ses ruelles pittoresques et ses murs d&#8217;un bleu \u00e9clatant, Chefchaouen est l&#8217;endroit id\u00e9al pour se promener, se d\u00e9tendre et prendre des photos de cette ville photog\u00e9nique.<\/p>\n<h4>Jour 10 : De Chefchaouen \u00e0 Tanger<\/h4>\n<p>Apr\u00e8s une matin\u00e9e tranquille \u00e0 Chefchaouen, direction Tanger, situ\u00e9e \u00e0 la pointe nord du Maroc. Cette ville c\u00f4ti\u00e8re a longtemps \u00e9t\u00e9 une passerelle entre l&#8217;Afrique et l&#8217;Europe. Visitez le mus\u00e9e de la Kasbah, explorez le Grand Socco et admirez la vue sur le d\u00e9troit de Gibraltar.<\/p>\n<h4>Jour 11 : De Tanger \u00e0 Rabat<\/h4>\n<p>Continuez \u00e0 longer la c\u00f4te atlantique jusqu&#8217;\u00e0 Rabat, la capitale du Maroc. \u00c0 Rabat, explorez la Tour Hassan, le Mausol\u00e9e de Mohammed V et promenez-vous dans les magnifiques jardins andalous. Rabat est une ville paisible avec un m\u00e9lange intrigant d&#8217;histoire et de modernit\u00e9.<\/p>\n<h4>Jour 12 : De Rabat \u00e0 Casablanca<\/h4>\n<p>Route vers Casablanca, la plus grande ville du Maroc et son centre \u00e9conomique. Visitez l&#8217;\u00e9tonnante mosqu\u00e9e Hassan II, qui s&#8217;enorgueillit du plus haut minaret du monde et se trouve au bord de l&#8217;Atlantique. Passez la soir\u00e9e \u00e0 explorer la Corniche anim\u00e9e et \u00e0 profiter de l&#8217;ambiance cosmopolite de Casablanca.<\/p>\n<h4>Jour 13 : De Casablanca \u00e0 Essaouira<\/h4>\n<p>D\u00e9part de Casablanca en direction de la ville c\u00f4ti\u00e8re d&#8217;Essaouira, connue pour son atmosph\u00e8re d\u00e9tendue, sa m\u00e9dina historique et ses belles plages. Explorez la Skala de la Ville, les remparts et le march\u00e9 aux poissons tr\u00e8s anim\u00e9. L&#8217;ambiance d\u00e9contract\u00e9e d&#8217;Essaouira en fait l&#8217;endroit id\u00e9al pour se d\u00e9tendre.<\/p>\n<h4>Jour 14 : Essaouira &#8211; Marrakech via la vall\u00e9e de l&#8217;Ourika et Setti Fatma<\/h4>\n<p>Quittez Essaouira de bonne heure et reprenez la route vers Marrakech, en vous arr\u00eatant dans la vall\u00e9e de l&#8217;Ourika. Explorez la vall\u00e9e luxuriante et visitez les chutes d&#8217;eau de Setti Fatma, une destination de randonn\u00e9e populaire. Continuez vers Marrakech pour la nuit.<\/p>\n<h4>Jour 15 : Excursion d&#8217;une journ\u00e9e aux cascades d&#8217;Ouzoud et retour \u00e0 Marrakech<\/h4>\n<p>Le dernier jour, vous pourrez faire une excursion aux c\u00e9l\u00e8bres cascades d&#8217;Ouzoud, l&#8217;une des plus hautes d&#8217;Afrique du Nord. Les chutes tombent en cascade dans une gorge profonde et sont entour\u00e9es d&#8217;oliveraies luxuriantes. Apr\u00e8s une journ\u00e9e rafra\u00eechissante \u00e0 Ouzoud, retournez \u00e0 Marrakech pour votre derni\u00e8re soir\u00e9e dans cette ville magique.<\/p>\n<p>Ce voyage de 15 jours pr\u00e9sente le meilleur du Maroc, des villes anim\u00e9es aux d\u00e9serts sereins, en passant par les montagnes majestueuses et les villes c\u00f4ti\u00e8res relaxantes. Vous aurez un avant-go\u00fbt de tout ce qui se passe au Maroc.<\/p>\n","protected":false},"excerpt":{"rendered":"<p>Voyage de 15 jours au Maroc : De Marrakech au d\u00e9sert, aux montagnes et \u00e0 la c\u00f4te Jour 1 : Arriv\u00e9e \u00e0 Marrakech Votre aventure commence<span class=\"excerpt-hellip\"> [\u2026]<\/span><\/p>\n","protected":false},"author":1,"featured_media":0,"parent":0,"menu_order":0,"comment_status":"closed","ping_status":"closed","template":"","meta":{"ngg_post_thumbnail":0},"_links":{"self":[{"href":"https:\/\/deafmoroccotours.com\/fr\/wp-json\/wp\/v2\/pages\/378"}],"collection":[{"href":"https:\/\/deafmoroccotours.com\/fr\/wp-json\/wp\/v2\/pages"}],"about":[{"href":"https:\/\/deafmoroccotours.com\/fr\/wp-json\/wp\/v2\/types\/page"}],"author":[{"embeddable":true,"href":"https:\/\/deafmoroccotours.com\/fr\/wp-json\/wp\/v2\/users\/1"}],"replies":[{"embeddable":true,"href":"https:\/\/deafmoroccotours.com\/fr\/wp-json\/wp\/v2\/comments?post=378"}],"version-history":[{"count":1,"href":"https:\/\/deafmoroccotours.com\/fr\/wp-json\/wp\/v2\/pages\/378\/revisions"}],"predecessor-version":[{"id":379,"href":"https:\/\/deafmoroccotours.com\/fr\/wp-json\/wp\/v2\/pages\/378\/revisions\/379"}],"wp:attachment":[{"href":"https:\/\/deafmoroccotours.com\/fr\/wp-json\/wp\/v2\/media?parent=378"}],"curies":[{"name":"wp","href":"https:\/\/api.w.org\/{rel}","templated":true}]}}