{"id":108,"date":"2019-09-27T17:04:56","date_gmt":"2019-09-27T17:04:56","guid":{"rendered":"https:\/\/deafmoroccotours.com\/wp\/?page_id=108"},"modified":"2022-08-29T15:40:05","modified_gmt":"2022-08-29T15:40:05","slug":"marrakesch-ourika-tal-tagestour","status":"publish","type":"page","link":"https:\/\/deafmoroccotours.com\/ger\/marrakesch-ourika-tal-tagestour\/","title":{"rendered":"Marrakesch &#8211; Ourika-Tal Tagestour"},"content":{"rendered":"<p>Abfahrt vom Hotel \/ Riad um 09:30 Uhr: Eine sch\u00f6ne Fahrt f\u00fchrt Sie an den Fu\u00df des Atlas, wo Sie die kleinen D\u00f6rfer aus Lehm, rot h\u00e4ngen an den Seiten des Berges, terrassierte Landwirtschaft, und die Ufer des Flusses frisch zu entdecken. Sie werden ein Berberhaus besuchen, um ihren Lebensstil zu erkunden, die Einfachheit der Ausr\u00fcstung und haben eine Vorstellung von der Privatsph\u00e4re Berber, dann werden Sie in der Vorbereitung der Minztee helfen und mit der Familie genie\u00dfen.<\/p>\n","protected":false},"excerpt":{"rendered":"<p>Abfahrt vom Hotel \/ Riad um 09:30 Uhr: Eine sch\u00f6ne Fahrt f\u00fchrt Sie an den Fu\u00df des Atlas, wo Sie die kleinen D\u00f6rfer aus Lehm, rot<span class=\"excerpt-hellip\"> [\u2026]<\/span><\/p>\n","protected":false},"author":1,"featured_media":0,"parent":0,"menu_order":0,"comment_status":"closed","ping_status":"closed","template":"","meta":{"ngg_post_thumbnail":0},"_links":{"self":[{"href":"https:\/\/deafmoroccotours.com\/ger\/wp-json\/wp\/v2\/pages\/108"}],"collection":[{"href":"https:\/\/deafmoroccotours.com\/ger\/wp-json\/wp\/v2\/pages"}],"about":[{"href":"https:\/\/deafmoroccotours.com\/ger\/wp-json\/wp\/v2\/types\/page"}],"author":[{"embeddable":true,"href":"https:\/\/deafmoroccotours.com\/ger\/wp-json\/wp\/v2\/users\/1"}],"replies":[{"embeddable":true,"href":"https:\/\/deafmoroccotours.com\/ger\/wp-json\/wp\/v2\/comments?post=108"}],"version-history":[{"count":2,"href":"https:\/\/deafmoroccotours.com\/ger\/wp-json\/wp\/v2\/pages\/108\/revisions"}],"predecessor-version":[{"id":343,"href":"https:\/\/deafmoroccotours.com\/ger\/wp-json\/wp\/v2\/pages\/108\/revisions\/343"}],"wp:attachment":[{"href":"https:\/\/deafmoroccotours.com\/ger\/wp-json\/wp\/v2\/media?parent=108"}],"curies":[{"name":"wp","href":"https:\/\/api.w.org\/{rel}","templated":true}]}}