{"id":111,"date":"2019-09-27T17:05:35","date_gmt":"2019-09-27T17:05:35","guid":{"rendered":"https:\/\/deafmoroccotours.com\/wp\/?page_id=111"},"modified":"2022-08-29T15:40:11","modified_gmt":"2022-08-29T15:40:11","slug":"marrakech-ausflug-zum-ouzoud-wasserfall-tagestour","status":"publish","type":"page","link":"https:\/\/deafmoroccotours.com\/ger\/marrakech-ausflug-zum-ouzoud-wasserfall-tagestour\/","title":{"rendered":"Marrakech Ausflug zum Ouzoud Wasserfall Tagestour"},"content":{"rendered":"<p>Die Wasserf\u00e4lle befinden sich im Grand-Atlas-Dorf Tanaghmeilt, dem meistbesuchten Ort der Region. In der N\u00e4he befinden sich gr\u00fcne T\u00e4ler, M\u00fchlen, Obstg\u00e4rten und ein herrlicher Rundweg durch die Schluchten des Sklavenflusses. Ouzoud ist das Berberwort f\u00fcr &#8220;Olive&#8221; und bezieht sich auf die nahe gelegenen Olivenb\u00e4ume.<\/p>\n<p>Der Grund des Wasserfalls ist \u00fcber einen schattigen Pfad mit Olivenb\u00e4umen zug\u00e4nglich. Auf dem Gipfel des Wasserfalls gibt es ein Dutzend alter kleiner M\u00fchlen, die noch in Betrieb sind. In der D\u00e4mmerung kann man ganze Trupps von Affen beobachten. Man kann auch einem schmalen und schwierigen Pfad folgen, der zur Stra\u00dfe von Benni Malal f\u00fchrt, w\u00e4hrend man die Schluchten vom &#8220;Wadi el-Abid&#8221; durch eine Schlucht hinabsteigt, von der man manchmal den Grund mit fast 600 Metern nicht erkennt.<\/p>\n","protected":false},"excerpt":{"rendered":"<p>Die Wasserf\u00e4lle befinden sich im Grand-Atlas-Dorf Tanaghmeilt, dem meistbesuchten Ort der Region. In der N\u00e4he befinden sich gr\u00fcne T\u00e4ler, M\u00fchlen, Obstg\u00e4rten und ein herrlicher Rundweg durch<span class=\"excerpt-hellip\"> [\u2026]<\/span><\/p>\n","protected":false},"author":1,"featured_media":0,"parent":0,"menu_order":0,"comment_status":"closed","ping_status":"closed","template":"","meta":{"ngg_post_thumbnail":0},"_links":{"self":[{"href":"https:\/\/deafmoroccotours.com\/ger\/wp-json\/wp\/v2\/pages\/111"}],"collection":[{"href":"https:\/\/deafmoroccotours.com\/ger\/wp-json\/wp\/v2\/pages"}],"about":[{"href":"https:\/\/deafmoroccotours.com\/ger\/wp-json\/wp\/v2\/types\/page"}],"author":[{"embeddable":true,"href":"https:\/\/deafmoroccotours.com\/ger\/wp-json\/wp\/v2\/users\/1"}],"replies":[{"embeddable":true,"href":"https:\/\/deafmoroccotours.com\/ger\/wp-json\/wp\/v2\/comments?post=111"}],"version-history":[{"count":3,"href":"https:\/\/deafmoroccotours.com\/ger\/wp-json\/wp\/v2\/pages\/111\/revisions"}],"predecessor-version":[{"id":346,"href":"https:\/\/deafmoroccotours.com\/ger\/wp-json\/wp\/v2\/pages\/111\/revisions\/346"}],"wp:attachment":[{"href":"https:\/\/deafmoroccotours.com\/ger\/wp-json\/wp\/v2\/media?parent=111"}],"curies":[{"name":"wp","href":"https:\/\/api.w.org\/{rel}","templated":true}]}}