{"id":113,"date":"2019-09-27T17:07:05","date_gmt":"2019-09-27T17:07:05","guid":{"rendered":"https:\/\/deafmoroccotours.com\/wp\/?page_id=113"},"modified":"2022-08-29T15:40:09","modified_gmt":"2022-08-29T15:40:09","slug":"marrakech-nach-ait-ben-haddou-tagestour","status":"publish","type":"page","link":"https:\/\/deafmoroccotours.com\/ger\/marrakech-nach-ait-ben-haddou-tagestour\/","title":{"rendered":"Marrakech nach Ait Ben Haddou Tagestour"},"content":{"rendered":"<p>ieser Tagesausflug in Richtung Ait Ben Haddou und Ouarzazate f\u00fchrt \u00fcber die Route des Tizi n&#8217;Tichka vollst\u00e4ndig durch die Kette des Hohen Atlas, vorbei an der h\u00f6chsten Stra\u00dfe Afrikas; bewundern Sie die Berge und die sch\u00f6nen und traditionellen Berberd\u00f6rfer.<\/p>\n<p>Sie werden den Unterschied zwischen den beiden Seiten der Kette bemerken: der Norden hat einen klaren mediterranen Charakter, w\u00e4hrend der S\u00fcden viel trockener und saharischer ist. Dies ist in der Vegetation, sondern auch in der Art der Konstruktion der traditionellen Geh\u00e4use, die Ber\u00fccksichtigung der klimatischen Bedingungen sehr unterschiedlich nimmt markiert.<\/p>\n","protected":false},"excerpt":{"rendered":"<p>ieser Tagesausflug in Richtung Ait Ben Haddou und Ouarzazate f\u00fchrt \u00fcber die Route des Tizi n&#8217;Tichka vollst\u00e4ndig durch die Kette des Hohen Atlas, vorbei an der<span class=\"excerpt-hellip\"> [\u2026]<\/span><\/p>\n","protected":false},"author":1,"featured_media":0,"parent":0,"menu_order":0,"comment_status":"closed","ping_status":"closed","template":"","meta":{"ngg_post_thumbnail":0},"_links":{"self":[{"href":"https:\/\/deafmoroccotours.com\/ger\/wp-json\/wp\/v2\/pages\/113"}],"collection":[{"href":"https:\/\/deafmoroccotours.com\/ger\/wp-json\/wp\/v2\/pages"}],"about":[{"href":"https:\/\/deafmoroccotours.com\/ger\/wp-json\/wp\/v2\/types\/page"}],"author":[{"embeddable":true,"href":"https:\/\/deafmoroccotours.com\/ger\/wp-json\/wp\/v2\/users\/1"}],"replies":[{"embeddable":true,"href":"https:\/\/deafmoroccotours.com\/ger\/wp-json\/wp\/v2\/comments?post=113"}],"version-history":[{"count":3,"href":"https:\/\/deafmoroccotours.com\/ger\/wp-json\/wp\/v2\/pages\/113\/revisions"}],"predecessor-version":[{"id":345,"href":"https:\/\/deafmoroccotours.com\/ger\/wp-json\/wp\/v2\/pages\/113\/revisions\/345"}],"wp:attachment":[{"href":"https:\/\/deafmoroccotours.com\/ger\/wp-json\/wp\/v2\/media?parent=113"}],"curies":[{"name":"wp","href":"https:\/\/api.w.org\/{rel}","templated":true}]}}