{"id":115,"date":"2019-09-27T17:08:23","date_gmt":"2019-09-27T17:08:23","guid":{"rendered":"https:\/\/deafmoroccotours.com\/wp\/?page_id=115"},"modified":"2022-08-29T15:40:02","modified_gmt":"2022-08-29T15:40:02","slug":"tagesausflug-von-marrakech-nach-essaouira","status":"publish","type":"page","link":"https:\/\/deafmoroccotours.com\/ger\/tagesausflug-von-marrakech-nach-essaouira\/","title":{"rendered":"Tagesausflug von Marrakech nach Essaouira"},"content":{"rendered":"<p>Sie verlassen Marrakesch um 08:00 Uhr und begeben sich auf eine 3-st\u00fcndige Fahrt in das wundersch\u00f6ne Essaouira an der Atlantikk\u00fcste. Nach der Ankunft in der Hafenstadt, die fr\u00fcher Mogador hie\u00df, haben Sie Zeit, die bezaubernden Sehensw\u00fcrdigkeiten von Essaouira zu besichtigen, darunter die ockerfarbenen Mauern, den sch\u00f6nen Platz Moulay El Hassan und die Souks sowie die kleinen Gassen der alten Medina der Stadt. Genie\u00dfen Sie ein Mittagessen mit frischem Fisch in einem lokalen Restaurant.<\/p>\n<p>Besuchen Sie eine Vereinigung von Berberfrauen, die Argan\u00f6l herstellen, besichtigen Sie die lokalen M\u00e4rkte und bestaunen Sie die Edelsteine im Juwelierviertel.<\/p>\n<p>Am sp\u00e4ten Nachmittag kehren Sie nach Marrakesch zur\u00fcck, wo Sie gegen 19.00 Uhr in der &#8220;Roten Stadt&#8221; eintreffen.<\/p>\n","protected":false},"excerpt":{"rendered":"<p>Sie verlassen Marrakesch um 08:00 Uhr und begeben sich auf eine 3-st\u00fcndige Fahrt in das wundersch\u00f6ne Essaouira an der Atlantikk\u00fcste. Nach der Ankunft in der Hafenstadt,<span class=\"excerpt-hellip\"> [\u2026]<\/span><\/p>\n","protected":false},"author":1,"featured_media":0,"parent":0,"menu_order":0,"comment_status":"closed","ping_status":"closed","template":"","meta":{"ngg_post_thumbnail":0},"_links":{"self":[{"href":"https:\/\/deafmoroccotours.com\/ger\/wp-json\/wp\/v2\/pages\/115"}],"collection":[{"href":"https:\/\/deafmoroccotours.com\/ger\/wp-json\/wp\/v2\/pages"}],"about":[{"href":"https:\/\/deafmoroccotours.com\/ger\/wp-json\/wp\/v2\/types\/page"}],"author":[{"embeddable":true,"href":"https:\/\/deafmoroccotours.com\/ger\/wp-json\/wp\/v2\/users\/1"}],"replies":[{"embeddable":true,"href":"https:\/\/deafmoroccotours.com\/ger\/wp-json\/wp\/v2\/comments?post=115"}],"version-history":[{"count":2,"href":"https:\/\/deafmoroccotours.com\/ger\/wp-json\/wp\/v2\/pages\/115\/revisions"}],"predecessor-version":[{"id":344,"href":"https:\/\/deafmoroccotours.com\/ger\/wp-json\/wp\/v2\/pages\/115\/revisions\/344"}],"wp:attachment":[{"href":"https:\/\/deafmoroccotours.com\/ger\/wp-json\/wp\/v2\/media?parent=115"}],"curies":[{"name":"wp","href":"https:\/\/api.w.org\/{rel}","templated":true}]}}