{"id":117,"date":"2019-09-27T17:12:07","date_gmt":"2019-09-27T17:12:07","guid":{"rendered":"https:\/\/deafmoroccotours.com\/wp\/?page_id=117"},"modified":"2022-08-29T15:32:12","modified_gmt":"2022-08-29T15:32:12","slug":"4-tage-von-marrakesch-nach-fez-uber-die-sahara-wuste","status":"publish","type":"page","link":"https:\/\/deafmoroccotours.com\/ger\/4-tage-von-marrakesch-nach-fez-uber-die-sahara-wuste\/","title":{"rendered":"4 Tage von Marrakesch nach Fez \u00fcber die Sahara-W\u00fcste"},"content":{"rendered":"<h4>Tag 01 Marrakesch &#8211; Ait Ben Haddou Kasbah-Ouarzazate &#8211; Skoura Oasen &#8211; Rosental &#8211; Boumalene Dades .<\/h4>\n<p>Der erste Tag der Tour beginnt um 8 Uhr morgens in Marrakesch in Richtung des Hohen Atlasgebirges und f\u00fchrt \u00fcber den Tizi n&#8217;Tichka Pfad, wo Sie anhalten, um die Berglandschaften zu genie\u00dfen. Vorbei an den Tizi n&#8217;Tichka-Kurven fahren Sie zur Kasbah von Ait Ben Haddou, der gr\u00f6\u00dften Kasbah Marokkos, die seit 1987 zum UNESCO-Weltkulturerbe geh\u00f6rt und in der bereits mehrere Filme gedreht wurden. In Ait Ben Haddou legen Sie eine Mittagspause ein und fahren dann weiter nach Ouarzazate, das den Spitznamen &#8220;Hollywood Marokkos&#8221; tr\u00e4gt und der Drehort f\u00fcr marokkanische Filme ist. Dort befand sich das gr\u00f6\u00dfte Filmstudio der Welt in den Atlas Studios. Sie besichtigen die historischen Monumente der Kasbah von Taourirt. Nach Ouarzazate fahren Sie durch die bezaubernden Landschaften der Kasbahs, durch die Berberd\u00f6rfer von Skoura und das Rosental, das f\u00fcr sein Rosenfest bekannt ist, das jedes Jahr im Mai stattfindet. Die Nacht verbringen Sie in Bomaln Dades, dem Tal der V\u00f6gel.<\/p>\n<h4>Tag 02: Bomaln Dades &#8211; Todgha-Schlucht &#8211; Tinjdad &#8211; Merzouga. Kamelritt und \u00dcbernachtung in einem Camp<\/h4>\n<p>Am zweiten Tag der Tour geht es von Bomaln Dades nach Merzouga, wo sich die gr\u00f6\u00dften und h\u00f6chsten Sandd\u00fcnen Marokkos, Erg Chebbi, befinden. Dann passieren wir Tinghir und fahren zur Todra-Schlucht, der engsten Schlucht Marokkos. Wenn wir die Todra-Schlucht verlassen, kommen wir durch verschiedene Berberd\u00f6rfer wie Tinjdad, Mallab und Tourog. Der n\u00e4chste Halt ist in Jourf, wo Sie ein altes Bew\u00e4sserungssystem sehen, das von den alten Menschen im 16. Danach geht es weiter nach Erfoud, dem Land der Fossilien, wo viele Fossilien abgebaut wurden. Sie machen sich auf den Weg nach Merzouga, wo Ihre Kamele auf Sie warten. Reiten Sie auf ihnen, um den Sonnenuntergang zu genie\u00dfen und \u00fcbernachten Sie in einem traditionellen Berbercamp inmitten der Sandd\u00fcnen und lauschen Sie der Trommelmusik der Berber unter dem Mond und den Sternen.<\/p>\n<h4>Tag 03 Merzouga -Gnawa Musikhaus-Errisani-Arfoud- Trekking und \u00dcbernachtung im Ziz-Tal.<\/h4>\n<p>Der dritte Tag ist eine Tour durch die Gegend von Merzouga, beginnend mit der Gnawa-Musik in dem kleinen Dorf Khamlia (ein Dorf, in dem sich in den 50er und 60er Jahren Schwarze aus verschiedenen afrikanischen L\u00e4ndern als Sklaven niedergelassen haben), dann geht es weiter nach Errisani, einer der wichtigsten Stationen der Handelskarawanen in der Vergangenheit, wo Sie einen alten traditionellen Markt besuchen werden. Danach geht es weiter nach Arfoud, dem Land der Fossilien, wo wir eine der vielen Fossilienminen besichtigen werden (Mittagessen in Arfoud oder Errisani oder vielleicht ein Picknick). Nach Erfoud fahren Sie weiter ins Ziz-Tal, eine der gr\u00f6\u00dften Palmenplantagen Nordafrikas, wo Sie nach einer einst\u00fcndigen Wanderung im Tal \u00fcbernachten werden.<\/p>\n<h4>Tag 04 Ziz-Tal-Ziz-Schluchten-Midalt-Timhdit-Zedernwald von Azrou -Ifran-Fez.<\/h4>\n<p>Vom Ziz-Tal aus beginnen Sie den Tag mit einer Pause, um das Panorama des Ziz-Tals zu bewundern. Danach durchqueren Sie das hohe Atlasgebirge, passieren die Ziz-Schlucht und den Tizi n&#8217;Talghomt-Pass und gelangen nach Midalt, der Hauptstadt der \u00c4pfel, und nach Timhdit, dem Land der St\u00f6rche. Dann sehen Sie den Zedernwald von Azrou (ber\u00fchmt f\u00fcr seine aromatischen Zedern), wo Sie einige Minuten anhalten, um die Berberaffen zu beobachten und zu fotografieren. Nach dem Azrou-Wald fahren wir durch Ifran, das als &#8220;marokkanische Schweiz&#8221; bekannt ist. Nach der Ankunft in Fes werden Sie von unserer Crew zu Ihrem Riad\/Hotel gebracht.<\/p>\n","protected":false},"excerpt":{"rendered":"<p>Tag 01 Marrakesch &#8211; Ait Ben Haddou Kasbah-Ouarzazate &#8211; Skoura Oasen &#8211; Rosental &#8211; Boumalene Dades . Der erste Tag der Tour beginnt um 8 Uhr<span class=\"excerpt-hellip\"> [\u2026]<\/span><\/p>\n","protected":false},"author":1,"featured_media":0,"parent":0,"menu_order":0,"comment_status":"closed","ping_status":"closed","template":"","meta":{"ngg_post_thumbnail":0},"_links":{"self":[{"href":"https:\/\/deafmoroccotours.com\/ger\/wp-json\/wp\/v2\/pages\/117"}],"collection":[{"href":"https:\/\/deafmoroccotours.com\/ger\/wp-json\/wp\/v2\/pages"}],"about":[{"href":"https:\/\/deafmoroccotours.com\/ger\/wp-json\/wp\/v2\/types\/page"}],"author":[{"embeddable":true,"href":"https:\/\/deafmoroccotours.com\/ger\/wp-json\/wp\/v2\/users\/1"}],"replies":[{"embeddable":true,"href":"https:\/\/deafmoroccotours.com\/ger\/wp-json\/wp\/v2\/comments?post=117"}],"version-history":[{"count":4,"href":"https:\/\/deafmoroccotours.com\/ger\/wp-json\/wp\/v2\/pages\/117\/revisions"}],"predecessor-version":[{"id":365,"href":"https:\/\/deafmoroccotours.com\/ger\/wp-json\/wp\/v2\/pages\/117\/revisions\/365"}],"wp:attachment":[{"href":"https:\/\/deafmoroccotours.com\/ger\/wp-json\/wp\/v2\/media?parent=117"}],"curies":[{"name":"wp","href":"https:\/\/api.w.org\/{rel}","templated":true}]}}