{"id":119,"date":"2019-09-27T17:12:48","date_gmt":"2019-09-27T17:12:48","guid":{"rendered":"https:\/\/deafmoroccotours.com\/wp\/?page_id=119"},"modified":"2022-08-29T15:29:22","modified_gmt":"2022-08-29T15:29:22","slug":"5-tage-tour-von-marrakesch-nach-merzouga-wuste","status":"publish","type":"page","link":"https:\/\/deafmoroccotours.com\/ger\/5-tage-tour-von-marrakesch-nach-merzouga-wuste\/","title":{"rendered":"5 Tage Tour von Marrakesch nach Merzouga W\u00fcste"},"content":{"rendered":"<h4>Tag 1: Marrakech &#8211; Ouarzazate &#8211; Dades-Schluchten<\/h4>\n<p>Unsere Tour startet um 7:00 Uhr von Ihrem Riad oder Hotel in Marrakesch in Richtung Ait Ben Haddou und Ouarzazate, indem Sie das hohe Atlasgebirge \u00fcberqueren. Nach dem Tizi n&#8217;Tichka-Pass verlassen Sie die Hauptstra\u00dfe und nehmen eine Nebenstra\u00dfe zum Dorf Telouet, um die Kasbah zu besichtigen, die fr\u00fcher die Residenz der Familie Glaoui war. Das Tal, durch das wir fahren, war eine wichtige Stra\u00dfe f\u00fcr die Karawanen von H\u00e4ndlern. Wir fahren weiter auf der atemberaubend sch\u00f6nen Stra\u00dfe nach Ait Ben Haddou, wo wir zu Mittag essen. Dies ist die ber\u00fchmteste befestigte Kasbah in S\u00fcdmarokko und geh\u00f6rt zum UNESCO-Weltkulturerbe. Sie diente als Kulisse f\u00fcr viele Hollywood-Filme. &#8220;Das Hollywood Afrikas&#8221;. Nach dem Mittagessen besichtigen wir die Kasbah. Auf der &#8220;Stra\u00dfe der tausend Kasbahs&#8221; &#8211; den faszinierenden &#8220;Sandburgen&#8221; &#8211; geht es weiter nach Kalaat M&#8217;gouna, der &#8220;Stadt der Rosen&#8221;, die f\u00fcr ihre Rosen und ihr j\u00e4hrliches Fest w\u00e4hrend der Rosenernte im Mai bekannt ist, und dann weiter zu unserem Hotel, das in einer wundersch\u00f6nen Kasbah liegt. Abendessen und \u00dcbernachtung im Hotel.<\/p>\n<h4>Tag 2: Dades-Schluchten &#8211; Merzouga<\/h4>\n<p>Nach dem Fr\u00fchst\u00fcck im Hotel fahren Sie zur\u00fcck durch das Tal, um die beeindruckende Felsformation der &#8220;Affenzehen&#8221; und die noch erhaltene Kasbah von Ait Yul aus dem 19. Verlassen Sie das Dades-Tal in Richtung Tinrghir und das Todra-Tal. Genie\u00dfen Sie den Panoramablick auf die alten Berberd\u00f6rfer aus Lehm, die das Tal \u00fcberragen. Erreichen Sie die Schlucht und wandern Sie unter der 300 m hohen roten Klippe, wo viele Bergsteiger ihrem Lieblingssport nachgehen. Weiter geht es nach Erfoud und Rissani, wo wir zu Mittag essen; danach fahren wir in das Dorf Merzouga. In Merzouga angekommen, machen wir uns auf dem Kamel bereit, um den Sonnenuntergang in der W\u00fcste zu erleben und in Berberzelten mitten in der W\u00fcste zu schlafen. Abendessen und \u00dcbernachtung in einem W\u00fcstencamp.<\/p>\n<h4>Tag 3: Merzouga &#8211; Nkoub &#8211; Agdez<\/h4>\n<p>Fr\u00fchmorgens brechen wir auf, um den Sonnenaufgang in der Sahara-W\u00fcste zu genie\u00dfen. Danach reiten wir auf den Kamelen zur\u00fcck zum Hotel, wo wir fr\u00fchst\u00fccken und eine wohltuende hei\u00dfe Dusche nehmen, bevor wir nach Rissani aufbrechen. Diese Stadt wurde von der Alaouite-Dynastie gegr\u00fcndet. Die meisten Frauen sind verschleiert, und die M\u00e4nner tragen Kapuzen &#8211; eine sehr traditionelle marokkanische Stadt. Wir fahren weiter in Richtung Agdez, \u00fcber Alnif und Tazzarine, bevor wir das faszinierende Draa-Tal erreichen, wo wir in einem G\u00e4stehaus \u00fcbernachten.<\/p>\n<h4>Tag 4: Agdez &#8211; Taroudant<\/h4>\n<p>Nach dem Fr\u00fchst\u00fcck Abfahrt nach Taroudant, vorbei an Taznakht, bekannt f\u00fcr seine Teppiche mit der dominierenden Farbe Orange, die vom Safran stammt. Weiterfahrt nach Taliouine, das auf einer fruchtbaren Hochebene mit Arganb\u00e4umen liegt. Wir halten in dem kleinen Dorf Ouled Berhil zum Mittagessen und fahren dann weiter nach Taroudant. Wir besichtigen diese Stadt, die von einem sch\u00f6nen G\u00fcrtel aus vergoldeten Mauern umgeben ist und ein Labyrinth aus engen Gassen mit roten H\u00e4usern aufweist. \u00dcbernachtung in einem G\u00e4stehaus.<\/p>\n<h4>Tag 5: Taroudant &#8211; Essaouira<\/h4>\n<p>Nach dem Fr\u00fchst\u00fcck fahren Sie weiter nach Essaouira, einer kleinen alten Stadt an der Atlantikk\u00fcste, auch Mogador genannt. Sie liegt 275 km von Taroudant entfernt und wir fahren \u00fcber Agadir, die moderne Stadt Marokkos, wo wir zu Mittag essen. Wir folgen der K\u00fcstenlinie zum Schloss von Jimi Hendrix s\u00fcd\u00f6stlich von Essaouira.<\/p>\n","protected":false},"excerpt":{"rendered":"<p>Tag 1: Marrakech &#8211; Ouarzazate &#8211; Dades-Schluchten Unsere Tour startet um 7:00 Uhr von Ihrem Riad oder Hotel in Marrakesch in Richtung Ait Ben Haddou und<span class=\"excerpt-hellip\"> [\u2026]<\/span><\/p>\n","protected":false},"author":1,"featured_media":0,"parent":0,"menu_order":0,"comment_status":"closed","ping_status":"closed","template":"","meta":{"ngg_post_thumbnail":0},"_links":{"self":[{"href":"https:\/\/deafmoroccotours.com\/ger\/wp-json\/wp\/v2\/pages\/119"}],"collection":[{"href":"https:\/\/deafmoroccotours.com\/ger\/wp-json\/wp\/v2\/pages"}],"about":[{"href":"https:\/\/deafmoroccotours.com\/ger\/wp-json\/wp\/v2\/types\/page"}],"author":[{"embeddable":true,"href":"https:\/\/deafmoroccotours.com\/ger\/wp-json\/wp\/v2\/users\/1"}],"replies":[{"embeddable":true,"href":"https:\/\/deafmoroccotours.com\/ger\/wp-json\/wp\/v2\/comments?post=119"}],"version-history":[{"count":5,"href":"https:\/\/deafmoroccotours.com\/ger\/wp-json\/wp\/v2\/pages\/119\/revisions"}],"predecessor-version":[{"id":362,"href":"https:\/\/deafmoroccotours.com\/ger\/wp-json\/wp\/v2\/pages\/119\/revisions\/362"}],"wp:attachment":[{"href":"https:\/\/deafmoroccotours.com\/ger\/wp-json\/wp\/v2\/media?parent=119"}],"curies":[{"name":"wp","href":"https:\/\/api.w.org\/{rel}","templated":true}]}}