{"id":121,"date":"2019-09-27T17:13:23","date_gmt":"2019-09-27T17:13:23","guid":{"rendered":"https:\/\/deafmoroccotours.com\/wp\/?page_id=121"},"modified":"2022-08-29T15:19:52","modified_gmt":"2022-08-29T15:19:52","slug":"6-tage-von-marrakesch-nach-merzouga-wuste","status":"publish","type":"page","link":"https:\/\/deafmoroccotours.com\/ger\/6-tage-von-marrakesch-nach-merzouga-wuste\/","title":{"rendered":"6 Tage von Marrakesch nach Merzouga W\u00fcste"},"content":{"rendered":"<h4>Tag 1 : Marrakech &#8211; Atlasgebirge &#8211; Ait Ben Haddou &#8211; Ouarzazate<\/h4>\n<p>Wir verlassen Marrakech um 8:00 Uhr morgens und fahren nach Ouarzazate. Unterwegs \u00fcberqueren wir den Atlas durch den \u00fcberraschenden Hafen Tizi n&#8217;Tichka, 2.260 m. Kurz nach der \u00dcberquerung des Atlas nehmen wir eine Piste, um die Kasbah des Pacha Glaoui in Telouet zu besuchen. Vorbei an verschiedenen Berberd\u00f6rfern erreichen wir die Kasbah von Ait Ben Haddou, eine unglaubliche befestigte Stadt, die mehr als 800 Jahre alt ist. Am Ende der Besichtigungen fahren wir nach Ouarzazate, wo Sie die Filmstudios besichtigen k\u00f6nnen, Abendessen und \u00dcbernachtung im Hotel.<\/p>\n<h4>Tag 2 : Ouarzazate &#8211; Agdez &#8211; Draa-Tal &#8211; Tazarine &#8211; Schluchten von Mharech<\/h4>\n<p>Nach dem Fr\u00fchst\u00fcck und dem Besuch der Kasbah von Taourirt fahren wir in Richtung Zagora, indem wir die Berge des Antiatlas \u00fcberqueren und den Hafen von Tizi n Tinifift auf 1.600 m H\u00f6he passieren. Wir fahren durch das Draa-Tal und sehen verschiedene Berberd\u00f6rfer und Kasbahs in seinem Inneren. Nachdem wir die V\u00f6lker N&#8217;kob, Tarazine und Alnif hinter uns gelassen haben, nehmen wir eine andere Piste, die durch verlorene St\u00e4dte f\u00fchrt, bis wir die Schluchten von Mharech erreichen. Viele dieser Abschnitte werden w\u00e4hrend der Rallye Dakar befahren, Abendessen und \u00dcbernachtung in einem Riad.<\/p>\n<h4>Tag 3 : Mharech &#8211; Oase Ramlia &#8211; Ouzina-D\u00fcnen &#8211; Merzouga<\/h4>\n<p>Weiter entlang der Strecke der Rallye Dakar Kreuz mehr V\u00f6lker einsamen, epiphytischen Pflanzen Wadis (Trockenflussbetten), Oase und D\u00fcnen von Ouzina.im Anschluss an die Route werden wir die Berberd\u00f6rfer besuchen wir die Stra\u00dfe in Richtung der Erg Chebbi, die h\u00f6chsten D\u00fcnen in Marokko nehmen. Er hatte das Mittagessen mit Pizza Berber Familie mit Berber. und wir kommen in Merzouga, im Vergleich zu den hohen D\u00fcnen des Erg Chebbi. Im Hotel werden wir verlassen, was nicht brauchen, und wir erwarten die Dromedare f\u00fcr wird in die W\u00fcste zu tauchen, w\u00e4hrend die Sonne untergeht, bis Sie die jaimas Lager in der Mitte der W\u00fcste von hohen D\u00fcnen, wo wir die Nacht verbringen in einem al Khaimah erreichen. Abendessen und \u00dcbernachtung in einem W\u00fcstencamp<\/p>\n<h4>Tag 4 : Merzouga &#8211; Off-Road-W\u00fcstentour &#8211; Besuch bei den Nomaden &#8211; Merzouga<\/h4>\n<p>Wir wachen vor dem Morgengrauen auf, um den Sonnenaufgang zu erleben. R\u00fcckkehr zum Hotel im Dromedar. Dusche und Fr\u00fchst\u00fcck. Wir gingen aus, um die Erg Chebbi, Erweiterung der Sandw\u00fcste, wo sich die Gro\u00dfe D\u00fcne von Marokko, von mehr als 250 Meter H\u00f6he, die Verbindung pro Spur mit einem Teil der Strecke von der alten Paris-Dakar gefolgt, mit den Bergen an der Grenze zu Algerien von Fonds zu umgeben. Halt an der Oase von Tissardmin und weiter bis zu einer Siedlung, wo Nomaden einige Geheimnisse ihres Lebens und ihrer Br\u00e4uche kennen. Halten Sie an einem Aussichtspunkt an, von dem aus Sie den Erg Chebbi in seiner Gesamtheit betrachten k\u00f6nnen. Halt in Khamlia, ein Volk, das urspr\u00fcnglich aus Mali stammt, um sich bei einer Tasse Tee zu entspannen, w\u00e4hrend wir ein kleines Konzert mit Gnawa-Musik genie\u00dfen. R\u00fcckkehr zur Lodge, Mittagessen und Nachmittag zur freien Verf\u00fcgung, um die D\u00fcnen zu besteigen und einen romantischen Sonnenuntergang zu erleben. Nach dem Abendessen erwarteten wir ein Spektakel Berber mit Rollen. Abendessen und \u00dcbernachtung im Hotel<\/p>\n<h4>Tag 5 : Merzouga &#8211; Rissani &#8211; Schluchten von Todra &#8211; Tal des Dades<\/h4>\n<p>Wir nehmen die Stra\u00dfe in Richtung Erfoud, reich an schwarzem Stein und Meeresfossilien (wenn Sie m\u00f6chten, k\u00f6nnen wir an einer Fossilienfabrik anhalten) und Sie kommen zum Palmeral von Tafilalet. wir besuchen die Schluchten von Roda und Sie kommen zum Dades-Tal, Abendessen und \u00dcbernachtung im Hotel<\/p>\n<h4>Tag 6 : das Tal der Dades &#8211; Tal der Rosen &#8211; Skoura &#8211; Marrakesch<\/h4>\n<p>Verlassen des Tals hinter den Aktivit\u00e4ten durch die Route der &#8220;Tausend Kasbahs&#8221;, vorbei an der atemberaubenden Tal der Rosen und Sie werden in den Palmenhain von Skoura, wo ist die Kasbah der ber\u00fchmtesten area.from diesem Punkt werden wir den Weg beginnen, um wieder nach Marrakesch Ankunft in Ihrer Unterkunft das Ende unserer Dienstleistungen.<\/p>\n","protected":false},"excerpt":{"rendered":"<p>Tag 1 : Marrakech &#8211; Atlasgebirge &#8211; Ait Ben Haddou &#8211; Ouarzazate Wir verlassen Marrakech um 8:00 Uhr morgens und fahren nach Ouarzazate. Unterwegs \u00fcberqueren wir<span class=\"excerpt-hellip\"> [\u2026]<\/span><\/p>\n","protected":false},"author":1,"featured_media":0,"parent":0,"menu_order":0,"comment_status":"closed","ping_status":"closed","template":"","meta":{"ngg_post_thumbnail":0},"_links":{"self":[{"href":"https:\/\/deafmoroccotours.com\/ger\/wp-json\/wp\/v2\/pages\/121"}],"collection":[{"href":"https:\/\/deafmoroccotours.com\/ger\/wp-json\/wp\/v2\/pages"}],"about":[{"href":"https:\/\/deafmoroccotours.com\/ger\/wp-json\/wp\/v2\/types\/page"}],"author":[{"embeddable":true,"href":"https:\/\/deafmoroccotours.com\/ger\/wp-json\/wp\/v2\/users\/1"}],"replies":[{"embeddable":true,"href":"https:\/\/deafmoroccotours.com\/ger\/wp-json\/wp\/v2\/comments?post=121"}],"version-history":[{"count":5,"href":"https:\/\/deafmoroccotours.com\/ger\/wp-json\/wp\/v2\/pages\/121\/revisions"}],"predecessor-version":[{"id":355,"href":"https:\/\/deafmoroccotours.com\/ger\/wp-json\/wp\/v2\/pages\/121\/revisions\/355"}],"wp:attachment":[{"href":"https:\/\/deafmoroccotours.com\/ger\/wp-json\/wp\/v2\/media?parent=121"}],"curies":[{"name":"wp","href":"https:\/\/api.w.org\/{rel}","templated":true}]}}