{"id":123,"date":"2019-09-27T17:14:11","date_gmt":"2019-09-27T17:14:11","guid":{"rendered":"https:\/\/deafmoroccotours.com\/wp\/?page_id=123"},"modified":"2022-08-29T15:37:02","modified_gmt":"2022-08-29T15:37:02","slug":"7-tage-von-marrakesch-zu-den-erg-chabbi-dunen","status":"publish","type":"page","link":"https:\/\/deafmoroccotours.com\/ger\/7-tage-von-marrakesch-zu-den-erg-chabbi-dunen\/","title":{"rendered":"7 Tage von Marrakesch zu den Erg Chabbi D\u00fcnen"},"content":{"rendered":"<h4>Tag 1: Ankunft in Marrakech<\/h4>\n<p>Ankunft in Marrakesch.freier Tag, um den Ort kennenzulernen: eine der vier K\u00f6nigsst\u00e4dte Marokkos. Ber\u00fchmt f\u00fcr seine zahlreichen Denkm\u00e4ler, die als Weltkulturerbe anerkannt sind, und seinen ber\u00fchmten Platz Jemaa El Fna, k\u00f6nnen Sie seine verschiedenen und charakteristischen Viertel, die moderne Stadt besuchen: Gueliz Hivernage Palmeraie, Mellah (j\u00fcdisches Viertel) &#8230; oder durch die Stra\u00dfen der Medina, Jmaa El Fna Square , die die Szene von zahlreichen Aktivit\u00e4ten im Freien war : Gaukler, Musiker, Fakire, Schlangenbeschw\u00f6rer, Jongleure &#8230; zu wecken alle Ihre Sinne mit seinen vielf\u00e4ltigen Kl\u00e4nge, Ger\u00fcche, Aromen und Farben, die es zu charakterisieren. Unterkunft in Riyadh.<\/p>\n<h4>Tag 2 : Marrakeh Dades-Schluchten<\/h4>\n<p>Auf dem Weg \u00fcberquert die Berge des Hohen Atlas, die \u00dcberquerung der Tizi n&#8217;Tichka, f\u00e4deln Sie den Weg unter vielen V\u00f6lkern der nomadischen Berber, die in der Gegend leben. Spektakul\u00e4re Landschaft, die uns bis zu der Kasbah von Ait Benhaddou , ber\u00fchmt f\u00fcr die als Schauplatz von mehr als zwei Dutzend Filmen , darunter &#8221; Babel &#8221; .Weiter nach Ouarzazate durch das Tal der Rosen Reise, Ankunft in den Dades-Schluchten, wo beginnt die &#8220;Stra\u00dfe der tausend Kasbahs&#8221; .Dades-Tal Unterkunft und Abendessen im Hotel.<\/p>\n<h4>Tag 3: Dades-Schluchten Todra-Schlucht Merzouga<\/h4>\n<p>Nach dem Fr\u00fchst\u00fcck im Hotel fahren wir zur Todra-Schlucht, einem Ort, an dem man einen Spaziergang durch die mehr als 200 m hohen W\u00e4nde der Schlucht machen kann, um durch die Palme von Tafilalet in die W\u00fcste zu gelangen. Ankunft im Hotel am Fu\u00dfe der D\u00fcnen, wo Sie durch den feinen Sand des Erg Chebbi spazieren, entspannen und genie\u00dfen Sie die Sch\u00f6nheit seiner Landschaften. am Abend genie\u00dfen Sie ein leckeres marokkanisches Gericht.<\/p>\n<h4>Tag 4: Tour Merzouga Erg Chebbi Merzouga und Umgebung:<\/h4>\n<p>Nach einem herzhaften marokkanischen Fr\u00fchst\u00fcck, bis zu 4 \u00d74, um die Tour in den D\u00fcnen des Erg Chebbi, besiedelten Region der W\u00fcste aus Sand zu starten: Unter den vielen Haltestellen, die wir erwarten, werden wir herausfinden, wie und wo die Reisenden Familien leben in der Gegend, wilde Oase in der Mitte von Nirgendwo und die spektakul\u00e4ren Landschaften der W\u00fcste und in kleinen D\u00f6rfern, Palmen &#8230; Unvermeidlich zu stoppen, w\u00e4hrend der Durchfahrt durch das Dorf von Khamelia Menschen aus Mali, die uns genie\u00dfen Sie eine gute Gnawa-Musik-Konzert , w\u00e4hrend der k\u00f6stliche Geschmack des Tees . R\u00fcckkehr zum Hotel, erwarten wir die Kamele f\u00fcr mehr als eine Stunde und eine H\u00e4lfte, den Weg der F\u00e4den zwischen den D\u00fcnen und im Herzen der W\u00fcste, um den sch\u00f6nen Sonnenuntergang zu sehen. Eingeh\u00fcllt von der gro\u00dfen Sandd\u00fcne, und genie\u00dfen Sie die Musik der Trommeln, Abendessen und marokkanischen Tee, k\u00f6nnen Sie den immensen Himmel der Sterne sehen und schlafen in Nomadenzelten.<\/p>\n<h4>Tag 5: Merzouga Rissani Zickzackpfad zum Exit Valley Mittlerer Atlas Fez<\/h4>\n<p>Wir stehen fr\u00fch am Morgen auf, um eine weitere gro\u00dfe Show in den D\u00fcnen der marokkanischen Sahara zu sehen: der spektakul\u00e4re Sonnenaufgang. noch einmal von seinem Kamel auf eine andere Route zur\u00fcck zum Hotel. Fr\u00fchst\u00fcck und Dusche, und fuhr nach Rissani. Wir gingen zu Fu\u00df, wo es als die authentischste und traditionelle Souks von Marokko bekannt ist, und die gr\u00f6\u00dfte im S\u00fcden des Landes , wo es mit allen Arten von Kunsthandwerk, Lebensmittel, und die Tiere gehandelt wird. Wir fahren weiter nach Erfoud, das alte Tor zur W\u00fcste, ist ber\u00fchmt f\u00fcr die Arbeit von Fossilien, die \u00dcberquerung der Zick-Zack-Weg, um atemberaubende Tal verlassen, mit mehr als 18.000 Palmen, bei Midelt ankommen wurde in Frage gestellt.Halt f\u00fcr das Mittagessen und setzen unseren Weg durch Ifrane Fez (auch bekannt als die Schweiz marokkanischen \u00c4sthetik ihrer Geb\u00e4ude)Ankunft in Fez, und Transfer zum Hotel.<\/p>\n<h4>Tag 6 : Fes Fes<\/h4>\n<p>Freier Tag zur Erkundung der Stadt Fes Eine der vier Reichsst\u00e4dte. In Marokko gilt sie als das religi\u00f6se und kulturelle Zentrum des Landes. Die Universit\u00e4t, ber\u00fchmt f\u00fcr das Studium der arabischen Sprache und des Islams, ist ein Kreuzungspunkt vieler marokkanischer Studenten. Sie werden Zeit haben, um zu bummeln und die verschiedenen Viertel kennenzulernen, das neue Viertel oder Fez el-Jdid, wo sich die Mellah (j\u00fcdisches Viertel) befindet, die Ville Nouvelle (Neues Dorf), ein franz\u00f6sisches Viertel im Nordwesten der Stadt und nat\u00fcrlich das alte Fez von Bali, innerhalb der Stadtmauern. Wenn man durch die Stra\u00dfen spaziert, f\u00fchlt man sich in vergangene Welten versetzt, in denen T\u00f6pfer, Schmiede, Handwerker und mit Waren aus verschiedenen Kulturen beladene Esel Seite an Seite mit den Touristen leben, die durch die labyrinthischen Gassen ziehen.<\/p>\n<p>Auch ber\u00fchmt f\u00fcr den Souk der Gerber, werden Sie in der Lage sein, in der mittelalterlichen Wurzeln handwerklichen Prozess, in dem sie die hellen Farben des Leders sind zu beteiligen.<\/p>\n<h4>Tag 7:Fes Flughafen<\/h4>\n<p>Transfer zum Flughafen f\u00fcr Ihren R\u00fcckflug (muss der letzte Tag der Reise sein).<\/p>\n","protected":false},"excerpt":{"rendered":"<p>Tag 1: Ankunft in Marrakech Ankunft in Marrakesch.freier Tag, um den Ort kennenzulernen: eine der vier K\u00f6nigsst\u00e4dte Marokkos. Ber\u00fchmt f\u00fcr seine zahlreichen Denkm\u00e4ler, die als Weltkulturerbe<span class=\"excerpt-hellip\"> [\u2026]<\/span><\/p>\n","protected":false},"author":1,"featured_media":0,"parent":0,"menu_order":0,"comment_status":"closed","ping_status":"closed","template":"","meta":{"ngg_post_thumbnail":0},"_links":{"self":[{"href":"https:\/\/deafmoroccotours.com\/ger\/wp-json\/wp\/v2\/pages\/123"}],"collection":[{"href":"https:\/\/deafmoroccotours.com\/ger\/wp-json\/wp\/v2\/pages"}],"about":[{"href":"https:\/\/deafmoroccotours.com\/ger\/wp-json\/wp\/v2\/types\/page"}],"author":[{"embeddable":true,"href":"https:\/\/deafmoroccotours.com\/ger\/wp-json\/wp\/v2\/users\/1"}],"replies":[{"embeddable":true,"href":"https:\/\/deafmoroccotours.com\/ger\/wp-json\/wp\/v2\/comments?post=123"}],"version-history":[{"count":5,"href":"https:\/\/deafmoroccotours.com\/ger\/wp-json\/wp\/v2\/pages\/123\/revisions"}],"predecessor-version":[{"id":373,"href":"https:\/\/deafmoroccotours.com\/ger\/wp-json\/wp\/v2\/pages\/123\/revisions\/373"}],"wp:attachment":[{"href":"https:\/\/deafmoroccotours.com\/ger\/wp-json\/wp\/v2\/media?parent=123"}],"curies":[{"name":"wp","href":"https:\/\/api.w.org\/{rel}","templated":true}]}}