{"id":126,"date":"2019-09-27T17:14:44","date_gmt":"2019-09-27T17:14:44","guid":{"rendered":"https:\/\/deafmoroccotours.com\/wp\/?page_id=126"},"modified":"2022-08-29T15:36:39","modified_gmt":"2022-08-29T15:36:39","slug":"8-tage-ab-marrakesch-sahara-wuste-tour","status":"publish","type":"page","link":"https:\/\/deafmoroccotours.com\/ger\/8-tage-ab-marrakesch-sahara-wuste-tour\/","title":{"rendered":"8 Tage ab Marrakesch Sahara-W\u00fcste Tour"},"content":{"rendered":"<h4>Tag 1: Marrakech &#8211; Taliouine<\/h4>\n<p>Wir verlassen Marrakesch fr\u00fch und fahren nach Taliouine. Unterwegs besuchen wir das Berberdorf Asni, das Tal von Ouirgane, das Hohe Atlasgebirge und den Tizi-n-Test (2200 m). In Taliouine angekommen, k\u00f6nnen Sie das Dorf besichtigen und den Abend genie\u00dfen. \u00dcbernachtung im Hotel.<\/p>\n<h4>Tag 2: Taliouine &#8211; Cheguagua<\/h4>\n<p>Heute brechen wir am Morgen nach Foum Zguid auf, wo wir zu Mittag essen und unterwegs in Taznakhte Halt machen werden. Am Nachmittag erreichen wir Cheguagua, wo Sie die in Zelten lebenden Nomaden besuchen k\u00f6nnen, und durchqueren dann den trockenen See von Iriqui und die W\u00fcstenebene voller Akazien. Am sp\u00e4ten Nachmittag Ankunft in den Sandd\u00fcnen von Cheguagua, um den Sonnenuntergang zu genie\u00dfen. Hier werden wir zu Abend essen und in Zelten \u00fcbernachten.<\/p>\n<h4>Tag 3: Cheguagua &#8211; Zagora<\/h4>\n<p>Zun\u00e4chst wachen wir fr\u00fch auf, um den wundersch\u00f6nen Sonnenaufgang \u00fcber den D\u00fcnen zu erleben. Nach dem Fr\u00c3?hst\u00c3?ck fahren wir nach M&#8217;hamid, indem wir die heilige Oase Um L\u00c3\u00a2alag durchqueren. Nach dem Mittagessen in M&#8217;hamid geht es weiter nach Tagounite, Tamegroute, wo Sie die Gelegenheit haben, eine alte Koranbibliothek, lokale T\u00f6pfer und eine unterirdische Kasbah in Zaouia zu besuchen. Von hier aus geht es weiter nach Zagora zum Abendessen und zur \u00dcbernachtung in einem Hotel.<\/p>\n<h4>Tag 4: Zagora &#8211; Merzouga<\/h4>\n<p>Nach dem Fr\u00fchst\u00fcck fahren wir durch das Draa-Tal nach Tansikht und N&#8217;kob, vorbei an wundersch\u00f6nen Saharalandschaften und Berberd\u00f6rfern. Das Mittagessen nehmen wir in Alnif ein, dann geht es weiter zu den beeindruckenden D\u00fcnen von Merzouga. Unterwegs besuchen wir Rissani, die Wiege der Alaoui-Dynastie. Am sp\u00e4ten Nachmittag kommen Sie in Merzouga an, wo Sie sich vor dem Abendessen entspannen und anschlie\u00dfend im Gasthaus \u00fcbernachten k\u00f6nnen.<\/p>\n<h4>Tag 5: Merzouga &#8211; Erg Chebbi<\/h4>\n<p>Nach dem Fr\u00fchst\u00fcck unternehmen Sie eine gro\u00dfe Tour durch die D\u00fcnen des Erg Chebbi in der Sahara im Allradfahrzeug. Sie werden die beiden Oasen von Merzouga, das Dorf KHAMLIA (Dorf der Schwarzen), das W\u00fcstenplateau, die Oase TISSARDMINE und vieles mehr sehen! Am Nachmittag sind Sie zur\u00fcck im Gasthaus und starten Ihre Kamelkarawane, um den Zauber des Sonnenuntergangs in den D\u00fcnen zu erleben. Nach einem zweist\u00fcndigen Ritt auf dem Kamel erreichen Sie Ihre wilde Oase, in der Sie die Nacht verbringen werden. Abendessen und \u00dcbernachtung in Zelten.<\/p>\n<h4>Tag 6: Erg Chebbi &#8211; Tinghir<\/h4>\n<p>Wachen Sie fr\u00fch auf, um den Sonnenaufgang \u00fcber den D\u00fcnen zu erleben. Nach dem Sonnenaufgang reiten Sie auf einem Kamel zur\u00fcck zum Beginn der D\u00fcnen. Nach dem Fr\u00fchst\u00fcck verlassen wir Merzouga und fahren zum riesigen Palmenhain von Tafilalet und dann weiter ins Ziz-Tal. Im Herzen des Tals k\u00f6nnen Sie zum Mittagessen die lokale K\u00fcche genie\u00dfen. Am Nachmittag erreichen wir Tinghir \u00fcber Goulmima und den Palmenhain von Tinjdad. Abendessen und \u00dcbernachtung im Hotel.<\/p>\n<h4>Tag 7: Tinghir &#8211; Ouarzazate<\/h4>\n<p>Am Morgen fahren Sie in die Berge, um die Todra- und die Dades-Schlucht zu erkunden. Nach dem Mittagessen in der Schlucht nehmen wir einen Weg durch das wundersch\u00f6ne Tal der Rosen, der uns in die Hauptstadt der Rosen Kalaa M&#8217;gouna f\u00fchrt. Von hier aus sehen wir den Palmenhain von Skoura und die Kasbah von Amredhyle und fahren dann weiter nach Ouarzazate. Abendessen und \u00dcbernachtung im Hotel.<\/p>\n<h4>Tag 8: Ouarzazate &#8211; Marrakech<\/h4>\n<p>Nach dem Fr\u00fchst\u00fcck besichtigen Sie die Sehensw\u00fcrdigkeiten von Ouarzazate, darunter die Kasbah von Taourirt und die ber\u00fchmte Kasbah von Ait Ben Haddou, die zum UNESCO-Weltkulturerbe geh\u00f6rt. Von hier aus fahren wir \u00fcber den Bergpass in Richtung Marrakesch und besuchen die Kasbah von Telouet, die ehemalige Residenz des Pascha Glaoui, einer der einflussreichsten Familien der Region. Das Mittagessen wird in einem lokalen Caf\u00e9 auf dem Weg eingenommen. Wir erreichen Marrakesch \u00fcber den Col du Tizi&#8217;N&#8217;Tichka (h\u00f6chster Punkt: 2260 m H\u00f6he). Wir werden Sie an Ihrem gew\u00fcnschten Ort in Marrakesch absetzen. Vielen Dank, dass Sie an unserer Tour teilnehmen!<\/p>\n","protected":false},"excerpt":{"rendered":"<p>Tag 1: Marrakech &#8211; Taliouine Wir verlassen Marrakesch fr\u00fch und fahren nach Taliouine. Unterwegs besuchen wir das Berberdorf Asni, das Tal von Ouirgane, das Hohe Atlasgebirge<span class=\"excerpt-hellip\"> [\u2026]<\/span><\/p>\n","protected":false},"author":1,"featured_media":0,"parent":0,"menu_order":0,"comment_status":"closed","ping_status":"closed","template":"","meta":{"ngg_post_thumbnail":0},"_links":{"self":[{"href":"https:\/\/deafmoroccotours.com\/ger\/wp-json\/wp\/v2\/pages\/126"}],"collection":[{"href":"https:\/\/deafmoroccotours.com\/ger\/wp-json\/wp\/v2\/pages"}],"about":[{"href":"https:\/\/deafmoroccotours.com\/ger\/wp-json\/wp\/v2\/types\/page"}],"author":[{"embeddable":true,"href":"https:\/\/deafmoroccotours.com\/ger\/wp-json\/wp\/v2\/users\/1"}],"replies":[{"embeddable":true,"href":"https:\/\/deafmoroccotours.com\/ger\/wp-json\/wp\/v2\/comments?post=126"}],"version-history":[{"count":5,"href":"https:\/\/deafmoroccotours.com\/ger\/wp-json\/wp\/v2\/pages\/126\/revisions"}],"predecessor-version":[{"id":371,"href":"https:\/\/deafmoroccotours.com\/ger\/wp-json\/wp\/v2\/pages\/126\/revisions\/371"}],"wp:attachment":[{"href":"https:\/\/deafmoroccotours.com\/ger\/wp-json\/wp\/v2\/media?parent=126"}],"curies":[{"name":"wp","href":"https:\/\/api.w.org\/{rel}","templated":true}]}}