{"id":128,"date":"2019-09-27T17:15:16","date_gmt":"2019-09-27T17:15:16","guid":{"rendered":"https:\/\/deafmoroccotours.com\/wp\/?page_id=128"},"modified":"2022-08-29T15:35:12","modified_gmt":"2022-08-29T15:35:12","slug":"9-tage-ab-marrakech-wustenreise","status":"publish","type":"page","link":"https:\/\/deafmoroccotours.com\/ger\/9-tage-ab-marrakech-wustenreise\/","title":{"rendered":"9 Tage ab Marrakech W\u00fcstenreise"},"content":{"rendered":"<h4>Tag 1: Ankunft in Marrakech<\/h4>\n<p>Nach Ihrer Ankunft in Marrakesch bringen wir Sie zu Ihrem Hotel\/Riad.<\/p>\n<h4>Tag 2: Besichtigung von Marrakech<\/h4>\n<p>Auf einer gef\u00fchrten Tour entdecken Sie die exotischsten Orte Marrakeschs, den ber\u00fchmten Jamaa El Fna-Platz, die Koutoubia-Moschee, die Majorelle-G\u00e4rten, die Saadier-Gr\u00e4ber und schlendern durch das Labyrinth der engen Gassen der Medina mit ihren ber\u00fchmten Souks.<\/p>\n<h4>Tag 3: Marrakech &#8211; Ait Benhaddou &#8211; Ouarzazate &#8211; Dades-Tal<\/h4>\n<p>Wir beginnen unsere Reise von Marrakesch zu den Dades-Schluchten und \u00fcberqueren den geheimnisvollen Tizi-n-Tichka-Pass mit faszinierenden Ausblicken auf die Berge des Hohen Atlas und die traditionellen Berberd\u00f6rfer des Hohen Atlas, bevor wir zum UNESCO-Weltkulturerbe Ait Benhaddou, einem spektakul\u00e4ren befestigten Dorf (Ksar), aufbrechen und nach dem Mittagessen nach Ouarzazate, dem Hollywood Marokkos, fahren.<\/p>\n<h4>Tag 4 : Dades-Schluchten &#8211; Todgha-Schluchten &#8211; Erfoud &#8211; Rissani &#8211; Merzouga<\/h4>\n<p>Nach einem morgendlichen Fr\u00fchst\u00fcck fahren wir durch das Dades-Tal, um die erstaunlichen Felsformationen zu bewundern und eine Pause an einem der sch\u00f6nen Pl\u00e4tze der Schluchten einzulegen. Wir verlassen das Dades-Tal in Richtung Tinrghir und Todra-Tal und sehen das Panorama der alten Berberd\u00f6rfer aus Lehm mit ihren Palmenhainen, die das Tal \u00fcberblicken. Weiter geht es nach Erfoud und Rissani, das einst Sijilmassa genannt wurde (die Gr\u00fcndung der Alaouit-Dynastie, der heutigen Herrscherfamilie). Nach dem Mittagessen geht es weiter nach Merzouga, wo Sie mit einer warmen Tasse Tee empfangen werden, bevor Sie in einem Hotel \u00fcbernachten.<\/p>\n<h4>Tag 5: Merzouga und der Kameltrek<\/h4>\n<p>Nach dem Fr\u00fchst\u00fcck beginnen wir mit der Erkundung der Gegend. Zun\u00e4chst besuchen wir das Dorf der schwarzen Bev\u00f6lkerung, die urspr\u00fcnglich aus Mali stammt, um ihre Musik und ihre Lebensweise zu genie\u00dfen. Danach fahren wir zu den Minen von Miffis, um zu sehen, wie dort gearbeitet wird, bevor wir hinter die D\u00fcnen in der W\u00fcste gelangen, wo wir bei einer Tasse Tee mit den Berber-Beduinen (die in Zelten leben) zusammensitzen. Sie werden den Familienmitgliedern vorgestellt und erfahren mehr \u00fcber ihre Lebensweise, bevor wir zum Hotel zur\u00fcckkehren. Nachdem Sie sich fertig gemacht haben, werden Ihnen Ihre \u00f6rtlichen F\u00fchrer beibringen, wie man auf- und absteigt und andere n\u00fctzliche Sicherheitstipps in Bezug auf Kamele geben, und dann beginnen Sie mit der Erkundung des mysteri\u00f6sen Sandmeeres des Erg-Chebbi (1h -1h:30m). \u00dcbernachtung in einem Berberzelt.<\/p>\n<h4>Tag 6: Merzouga-Rissani-Agdez-Ouarzazate<\/h4>\n<p>Wir werden fr\u00fch aufstehen, um den besten Sonnenaufgang Ihres Lebens zu erleben, der verschiedene Schatten und Farben \u00fcber das Meer von Sandd\u00fcnen wirft, die h\u00f6chsten in Marokko, bevor wir zu unserem W\u00fcstenhotel zur\u00fcckkehren. Nach dem Fr\u00fchst\u00fcck und einer Dusche fahren wir nach Rissani, wo wir den gro\u00dfen Markt von Rissani erkunden k\u00f6nnen, abh\u00e4ngig vom Tagesmarkt. Dann fahren wir weiter nach Agdez, \u00fcber Alnif und Tazarine, bevor wir das faszinierende Draa-Tal erreichen und dann nach Ouarzazate.<\/p>\n<h4>Tag 7: Ouarzazate-Tizi-n-Tichka-Pass-Marrakech<\/h4>\n<p>Nach dem Fr\u00fchst\u00fcck in Ihrem Hotel fahren wir nach Marrakesch, unsere Reise wird den Besuch des Atlas-Filmstudios, Kasbah Taourirt, dann weiter durch die majest\u00e4tische Tizi n&#8217;tichka-Pass (2260m) \u00fcber den Hohen Atlas-Gebirge nach Marrakesch. \u00dcbernachtung im Hotel \/riad.<\/p>\n<h4>Tag 8: Marrakech Tagesausflug nach Essaouira<\/h4>\n<p>Nach dem Fr\u00fchst\u00fcck fahren wir nach Essaouira, einer kleinen befestigten Stadt, die fr\u00fcher unter ihrem alten portugiesischen Namen &#8220;Mogador&#8221; bekannt war, die vom Atlantik umsp\u00fclt wird und 2001 zum Unesco-Weltkulturerbe erkl\u00e4rt wurde und traditionell als &#8220;Perle des Atlantiks&#8221; bezeichnet wird.W\u00e4hrend Ihres Aufenthalts in Essaouira werden Sie eine gef\u00fchrte Besichtigung des Hafens, der Scala, des st\u00e4dtischen Marktes, des Juwelierviertels und eines Kunsthandwerkskomplexes haben. Dort k\u00f6nnen Sie bummeln und die Str\u00e4nde, die Stadtmauern und die Medina genie\u00dfen. Nach einem Mittagessen kehren Sie am Nachmittag nach Marrakesch zur\u00fcck.<\/p>\n","protected":false},"excerpt":{"rendered":"<p>Tag 1: Ankunft in Marrakech Nach Ihrer Ankunft in Marrakesch bringen wir Sie zu Ihrem Hotel\/Riad. Tag 2: Besichtigung von Marrakech Auf einer gef\u00fchrten Tour entdecken<span class=\"excerpt-hellip\"> [\u2026]<\/span><\/p>\n","protected":false},"author":1,"featured_media":0,"parent":0,"menu_order":0,"comment_status":"closed","ping_status":"closed","template":"","meta":{"ngg_post_thumbnail":0},"_links":{"self":[{"href":"https:\/\/deafmoroccotours.com\/ger\/wp-json\/wp\/v2\/pages\/128"}],"collection":[{"href":"https:\/\/deafmoroccotours.com\/ger\/wp-json\/wp\/v2\/pages"}],"about":[{"href":"https:\/\/deafmoroccotours.com\/ger\/wp-json\/wp\/v2\/types\/page"}],"author":[{"embeddable":true,"href":"https:\/\/deafmoroccotours.com\/ger\/wp-json\/wp\/v2\/users\/1"}],"replies":[{"embeddable":true,"href":"https:\/\/deafmoroccotours.com\/ger\/wp-json\/wp\/v2\/comments?post=128"}],"version-history":[{"count":5,"href":"https:\/\/deafmoroccotours.com\/ger\/wp-json\/wp\/v2\/pages\/128\/revisions"}],"predecessor-version":[{"id":368,"href":"https:\/\/deafmoroccotours.com\/ger\/wp-json\/wp\/v2\/pages\/128\/revisions\/368"}],"wp:attachment":[{"href":"https:\/\/deafmoroccotours.com\/ger\/wp-json\/wp\/v2\/media?parent=128"}],"curies":[{"name":"wp","href":"https:\/\/api.w.org\/{rel}","templated":true}]}}