{"id":130,"date":"2019-09-27T17:16:51","date_gmt":"2019-09-27T17:16:51","guid":{"rendered":"https:\/\/deafmoroccotours.com\/wp\/?page_id=130"},"modified":"2022-08-29T15:31:58","modified_gmt":"2022-08-29T15:31:58","slug":"4-tagige-tour-von-fes-nach-marrakech","status":"publish","type":"page","link":"https:\/\/deafmoroccotours.com\/ger\/4-tagige-tour-von-fes-nach-marrakech\/","title":{"rendered":"4-t\u00e4gige Tour von Fes nach Marrakech"},"content":{"rendered":"<h4>Tag 1 : Fes &#8211; Midelt &#8211; Ziz-Tal &#8211; Merzouga :<\/h4>\n<p>Abfahrt nach Merzouga \u00fcber Ifran ist auch bekannt als die Schweiz von Marokko, der Wald von Azrou, wo wir anhalten, um die Affen klettern die Zedern zu genie\u00dfen und dann weiter \u00fcber die Berge des Mittleren Atlas und dann werden Sie \u00fcber das Tal von Ziz und seine Schluchten und Errachidia weiter, werden Sie bis zur Stadt Erfoud, ber\u00fchmt f\u00fcr die Hauptstadt der Fossilien. Lledaga Merzouga, der Tag wird gewidmet, um die Ruhe der W\u00fcste zu sch\u00e4tzen. Unterkunft in einer Albergue in der N\u00e4he der D\u00fcnen.<\/p>\n<h4>Tag 2 : Merzouga &#8211; Erg Chebbi &#8211; Merzouga :<\/h4>\n<p>Nach dem Fr\u00fchst\u00fcck \u00fcberqueren wir eine weitere Strecke der Rallye Paris-Dakar, besuchen W\u00fcstennomaden, mit denen wir Tee trinken, und sehen die Oase, in der Filme wie &#8220;Sahara&#8221; mit Penelope Cruz in der Hauptrolle gedreht wurden. Wir werden das Dorf der &#8220;los negros&#8221; besuchen, so genannt wegen des Sklavenhandels, den sie aus dem Sudan mitbrachten. Nach dem Essen tauschen wir die Traktion des 4\u00d74 gegen die tierische Traktion aus. Die Dromedare bringen uns in die D\u00fcnenw\u00fcste, um einen unvergesslichen Sonnenuntergang zu erleben. Diese Nacht wird etwas Besonderes sein, denn wir werden in den D\u00fcnen in Nomadenzelten (Jaimas) schlafen, wie es die Berber tun. Hier genie\u00dfen wir ein Berber-Abendessen, Musik und einen Sternenhimmel, wie Sie ihn noch nie gesehen haben. Abendessen und \u00dcbernachtung in den unvergesslichen Jaima.<\/p>\n<h4>Tag 3 : Merzouga &#8211; Todra-Schluchten &#8211; Rosental &#8211; Ouarzazate :<\/h4>\n<p>Sie wachen fr\u00fch auf, um den wundersch\u00f6nen Sonnenaufgang zu erleben und die D\u00fcnen zu erklimmen, dann reiten Sie auf den Kamelen zur\u00fcck zur Herberge, wo Sie fr\u00fchst\u00fccken und weiter nach Ouarzazate \u00fcber Rissani, wo Sie kurz anhalten, um den traditionellen Souk zu besuchen, der als der gr\u00f6\u00dfte in ganz S\u00fcdmarokko gilt, und dann weiter zu den Todra-Schluchten, dem Dades-Tal, dem Roses-Tal und den Oasen von Skoura. Ankunft in Ouarzazate und Unterbringung im Hotel.<\/p>\n<h4>Tag 4 : Ouarzazate &#8211; Ait Ben Haddou &#8211; Marrakech :<\/h4>\n<p>Die Reise ist eine Abfolge von starken Punkten. Der heutige Tag ist ein weiterer von ihnen. Die 200 km, die Ouarzazate von Marrakesch trennen, f\u00fchren durch den Hohen Atlas. Die Stra\u00dfe ist wegen ihrer Sch\u00f6nheit und der Tatsache, dass es sich um einen Gebirgspass handelt, der den Atlas in fast 2.300 m H\u00f6he \u00fcberquert, langsam zu befahren. Um den spektakul\u00e4ren Tag abzurunden, folgen wir der alten Karawanenroute, die die beiden St\u00e4dte miteinander verband, durch das Ounila-Tal, in dem es in H\u00f6hlen gebaute Kasbahs gibt und das uns auch nach Telouet f\u00fchrt. Schlie\u00dflich Ankunft in Marrakesch. Transfer zu Ihrer Unterkunft, Ende unserer Dienstleistungen.<\/p>\n","protected":false},"excerpt":{"rendered":"<p>Tag 1 : Fes &#8211; Midelt &#8211; Ziz-Tal &#8211; Merzouga : Abfahrt nach Merzouga \u00fcber Ifran ist auch bekannt als die Schweiz von Marokko, der Wald<span class=\"excerpt-hellip\"> [\u2026]<\/span><\/p>\n","protected":false},"author":1,"featured_media":0,"parent":0,"menu_order":0,"comment_status":"closed","ping_status":"closed","template":"","meta":{"ngg_post_thumbnail":0},"_links":{"self":[{"href":"https:\/\/deafmoroccotours.com\/ger\/wp-json\/wp\/v2\/pages\/130"}],"collection":[{"href":"https:\/\/deafmoroccotours.com\/ger\/wp-json\/wp\/v2\/pages"}],"about":[{"href":"https:\/\/deafmoroccotours.com\/ger\/wp-json\/wp\/v2\/types\/page"}],"author":[{"embeddable":true,"href":"https:\/\/deafmoroccotours.com\/ger\/wp-json\/wp\/v2\/users\/1"}],"replies":[{"embeddable":true,"href":"https:\/\/deafmoroccotours.com\/ger\/wp-json\/wp\/v2\/comments?post=130"}],"version-history":[{"count":4,"href":"https:\/\/deafmoroccotours.com\/ger\/wp-json\/wp\/v2\/pages\/130\/revisions"}],"predecessor-version":[{"id":364,"href":"https:\/\/deafmoroccotours.com\/ger\/wp-json\/wp\/v2\/pages\/130\/revisions\/364"}],"wp:attachment":[{"href":"https:\/\/deafmoroccotours.com\/ger\/wp-json\/wp\/v2\/media?parent=130"}],"curies":[{"name":"wp","href":"https:\/\/api.w.org\/{rel}","templated":true}]}}