{"id":134,"date":"2019-09-27T17:18:53","date_gmt":"2019-09-27T17:18:53","guid":{"rendered":"https:\/\/deafmoroccotours.com\/wp\/?page_id=134"},"modified":"2022-08-29T15:20:19","modified_gmt":"2022-08-29T15:20:19","slug":"6-tage-tour-von-fes-nach-marrakech-uber-die-merzouga-wuste","status":"publish","type":"page","link":"https:\/\/deafmoroccotours.com\/ger\/6-tage-tour-von-fes-nach-marrakech-uber-die-merzouga-wuste\/","title":{"rendered":"6 Tage Tour von Fes nach Marrakech \u00fcber die Merzouga-W\u00fcste"},"content":{"rendered":"<h4>TAG 1: FES IFRAN AZROU ZIZ ERRACHIDIA ZIZ-TAL ERFOUD MERZOUGA<\/h4>\n<p>Nach dem Fr\u00fchst\u00fcck verlassen wir Fes in Richtung Sahara, fahren durch Ifran und erreichen die Zedernw\u00e4lder von Azrou, wo Affen leben. Dann fahren wir durch Midalt, Errachidia, das Ziz-Tal und Eroud, bevor wir nach Merzouga weiterfahren. Nachdem wir uns ein paar Minuten in Merzouga entspannt haben, reiten wir auf den Kamelen, die darauf warten, uns auf ein Abenteuer in den Sandd\u00fcnen mitzunehmen. Die Nacht verbringen wir in einem Camp (Berber-Nomaden-Zelte) mit Trommelmusik mitten in der Sahara. Dies ist eine gute Gelegenheit, um sch\u00f6ne Fotos vom Sonnenuntergang und Sonnenaufgang zu machen.<\/p>\n<h4>TAG 2: MERZOUGA- BESUCH KLEINER D\u00d6RFER -KHAMLIA DORF<\/h4>\n<p>Nachdem wir den Sonnenaufgang in den D\u00fcnen gesehen haben, reiten wir auf den Kamelen zur\u00fcck nach Merzouga. Nach einem kurzen Fr\u00fchst\u00fcck und einer Dusche im Hotel machen wir uns auf den Weg, um einige Berberd\u00f6rfer in der Umgebung von Merzouga zu besuchen, wo wir die Gelegenheit haben, das Nomadenleben kennenzulernen. Dann geht es weiter zum Dorf Khamlia, wo Sie zu Mittag essen und Gnawa-Musik h\u00f6ren werden. Wir werden die Nacht in einem Hotel, Riad oder Zelt verbringen.<\/p>\n<h4>TAG 3 : MERZOUGA RISSANI BESUCH DES MARKTES KAMELRITT<\/h4>\n<p>Nach dem Fr\u00fchst\u00fcck beginnen wir unsere Reise nach Rissani, wo wir einen Markt (Souk) besuchen werden. Nach der Besichtigung der Stadt und dem Mittagessen fahren wir zur\u00fcck nach Khamlia, wo wir die Nacht bei wunderbarer Musik verbringen werden.<\/p>\n<h4>TAG 4: MERZOUGA- RISSANI -ERFOUD- JORF- TINJDAD TOUDRA SCHLUCHTEN &#8211; DADES TAL<\/h4>\n<p>Nach dem Fr\u00fchst\u00fcck beginnen wir unsere Reise \u00fcber Rissani ins Dades-Tal. Dann setzen wir unsere Fahrt durch die Berberd\u00f6rfer Tinjdad und Tinghir fort. Wir erreichen Boumalne du Dades am Abend\/Nacht.<\/p>\n<h4>TAG 5: DADES-TAL &#8211; SKOURA-TAL &#8211; ROCES-TAL &#8211; OUARZAZTE<\/h4>\n<p>Nach dem Fr\u00fchst\u00fcck verlassen wir Boumalne in Richtung Ouarzazate und fahren durch das Skoura-Tal und das Rosental von Kala Magona. Dann setzen wir unseren Weg nach Ouarzazate fort, wo Sie Ihr Mittagessen einnehmen werden. \u00dcbernachtung in einem Hotel-Riad in Ouarzazate.<\/p>\n<h4>TAG 6: OURZAZATE MARRAKECH<\/h4>\n<p>Nach dem Fr\u00fchst\u00fcck in Ihrem Hotel\/Riad machen wir uns auf den Weg, um einige Sehensw\u00fcrdigkeiten von Ouarzazate zu besichtigen (Filmstudio, Taourirt Kasbah, Tifeltout Kasbah). Danach fahren wir in Richtung des majest\u00e4tischen Atlasgebirges und \u00fcberqueren den Hohen Atlas \u00fcber den h\u00f6chsten Stra\u00dfenpass Marokkos, den Tizi n Tichka (2260 m hoch), der beeindruckende Ausblicke auf T\u00e4ler, Berge und viele Berberd\u00f6rfer in der N\u00e4he bietet. Ankunft in Marrakesch am Abend\/Nacht.<\/p>\n","protected":false},"excerpt":{"rendered":"<p>TAG 1: FES IFRAN AZROU ZIZ ERRACHIDIA ZIZ-TAL ERFOUD MERZOUGA Nach dem Fr\u00fchst\u00fcck verlassen wir Fes in Richtung Sahara, fahren durch Ifran und erreichen die Zedernw\u00e4lder<span class=\"excerpt-hellip\"> [\u2026]<\/span><\/p>\n","protected":false},"author":1,"featured_media":0,"parent":0,"menu_order":0,"comment_status":"closed","ping_status":"closed","template":"","meta":{"ngg_post_thumbnail":0},"_links":{"self":[{"href":"https:\/\/deafmoroccotours.com\/ger\/wp-json\/wp\/v2\/pages\/134"}],"collection":[{"href":"https:\/\/deafmoroccotours.com\/ger\/wp-json\/wp\/v2\/pages"}],"about":[{"href":"https:\/\/deafmoroccotours.com\/ger\/wp-json\/wp\/v2\/types\/page"}],"author":[{"embeddable":true,"href":"https:\/\/deafmoroccotours.com\/ger\/wp-json\/wp\/v2\/users\/1"}],"replies":[{"embeddable":true,"href":"https:\/\/deafmoroccotours.com\/ger\/wp-json\/wp\/v2\/comments?post=134"}],"version-history":[{"count":5,"href":"https:\/\/deafmoroccotours.com\/ger\/wp-json\/wp\/v2\/pages\/134\/revisions"}],"predecessor-version":[{"id":356,"href":"https:\/\/deafmoroccotours.com\/ger\/wp-json\/wp\/v2\/pages\/134\/revisions\/356"}],"wp:attachment":[{"href":"https:\/\/deafmoroccotours.com\/ger\/wp-json\/wp\/v2\/media?parent=134"}],"curies":[{"name":"wp","href":"https:\/\/api.w.org\/{rel}","templated":true}]}}