{"id":136,"date":"2019-09-27T17:19:34","date_gmt":"2019-09-27T17:19:34","guid":{"rendered":"https:\/\/deafmoroccotours.com\/wp\/?page_id=136"},"modified":"2022-08-29T15:38:16","modified_gmt":"2022-08-29T15:38:16","slug":"7-tage-ab-fes-merzouga-wustentour","status":"publish","type":"page","link":"https:\/\/deafmoroccotours.com\/ger\/7-tage-ab-fes-merzouga-wustentour\/","title":{"rendered":"7 Tage ab Fes Merzouga W\u00fcstentour"},"content":{"rendered":"<h4>Tag 1 : Fes -Ifrane-Azrou-Midelt<\/h4>\n<p>Abholung von Ihrer Unterkunft in Fes um 8 Uhr morgens durch Ihren Fahrer\/Guide, Weiterfahrt \u00fcber Merzouga, vorbei an Ifrane bis zu den Zedernw\u00e4ldern von Azrou, wo sich die wilden Affen aufhalten. Es wird eine gute Gelegenheit sein, um Fotos von der Wildnis in Marokko zu machen. Machen Sie eine Mittagspause in einem kleinen Berberdorf Zaida, wir setzten unseren Weg zum Atlasgebirge im S\u00fcden Marokkos fort und genie\u00dfen die Landschaften von Midelt, \u00dcbernachtung im Hotel.<\/p>\n<h4>Tag 2 : Midelt &#8211; Erdoud-Rissani- Merzouga W\u00fcste<\/h4>\n<p>Genie\u00dfen Sie das Fr\u00fchst\u00fcck, bevor Sie Ihre Reise in die Sahara beginnen. Merzouga wird das n\u00e4chste Ziel sein, Sie reisen durch die sch\u00f6nen Schluchten des Ziz, um geologische Strukturen zu bewundern, Ankunft in Errachidia, einer gro\u00dfen Stadt im S\u00fcdosten Marokkos, weiter nach Rissani \u00fcber das Ziz-Tal und Ankunft in Merzouga, wo Ihr Kamelf\u00fchrer auf Sie wartet, um Sie \u00fcber die hohen Sandd\u00fcnen der marokkanischen Erg Chebbi D\u00fcnen zu tragen, der Kamelritt f\u00fcr 2 Stunden \u00fcber die hohen D\u00fcnen, nachdem Sie den atemberaubenden Sonnenuntergang von der Spitze der D\u00fcnen beobachten. Sie \u00fcbernachten am Fu\u00dfe der D\u00fcnen in einem Berberzelt, wo Sie zu Abend essen und der Musik der Berber zuh\u00f6ren.<\/p>\n<h4>Tag 3: Merzouga &#8211; Toudra-Schlucht &#8211; Dades-Schlucht<\/h4>\n<p>Fr\u00fchmorgens Abfahrt, um den Sonnenaufgang auf den D\u00fcnen zu erleben, R\u00fcckkehr mit Dromedaren zum Gasthaus, nach dem Fr\u00fchst\u00fcck Abfahrt zum riesigen Palmenhain von Tafilalet durch Rissani. Auf dem Weg zur Toudra-Schlucht halten wir zum Mittagessen und zum Fotografieren an, wandern ein wenig in der Schlucht und setzen unsere Reise \u00fcber die Dades-Schlucht fort, \u00fcberqueren den Weg der Schlucht, fotografieren die Affenf\u00fc\u00dfe, \u00fcbernachten im Hotel.<\/p>\n<h4>Tag 4: Dades-Schlucht &#8211; Kelaa Magouna &#8211; Ouarzazat-Ait Ben Hadhadou<\/h4>\n<p>Morgens um 9 Uhr Durchquerung des Rosentals und des Dades-Tals, Skoura oisis mit seiner authentischen Kasbah aus dem 17. Jahrhundert, das Tal der tausend Kasbahs, wo Sie 50 km abseits der Stra\u00dfe auf Talwegen zur\u00fccklegen. Ait Youl Kasbah .dann erreichte die Stadt Ouarzazatte , wei\u00df \u00fcber Filme Studios und Kasbah von Tawrirt .weiter zu den ber\u00fchmten Kasbah von Ait Benhadou ist die UNESCO-St\u00e4tte seit 1987, wo nur noch wenige Familien leben in Ait Ben Haddou klassifiziert. Wir bleiben \u00fcber Nacht im Hotel.<\/p>\n<h4>Tag 5: Ait ben Hadou &#8211; Tizi n Tichka -Marrakesch<\/h4>\n<p>Nach dem Fr\u00fchst\u00fcck besichtigen wir die Kasbah Ait ben Haddou (Aufnahme in das Weltkulturerbe), in der mehrere amerikanische Filme gedreht wurden, wie z.B. &#8220;Der Gladiator&#8221;, &#8220;Asterix und Obelix&#8221;, danach nehmen wir eine Nebenstra\u00dfe zur Kasbah von Telouet, die heute in Ruinen liegt, nachdem der letzte Pascha sie nach dem Abzug der Franzosen verlassen hat, und \u00fcberqueren die Gebirgskette des Hohen Atlas \u00fcber den Tizin-Tichka, den h\u00f6chsten schmalen Weg des Landes. Ankunft in Marrakech.<\/p>\n<h4>Tag 6: Marrakesch-Casablanca-Rabat<\/h4>\n<p>Nach dem Fr\u00fchst\u00fcck fahren Sie um 9 Uhr \u00fcber Casablanca und besichtigen die wichtigsten Sehensw\u00fcrdigkeiten der Stadt, den Platz Mohamed V., den Platz der Vereinten Nationen und schlie\u00dflich die Moschee Hassan II. Erbaut am Meer, ihr Minarett ist 200m hoch, so dass es das h\u00f6chste religi\u00f6se Geb\u00e4ude der Welt.stop fur Mittagessen, danach weiter \u00fcber Rabat, besuchen Sie die administrative Hauptstadt und Sitz der Regierung, seine Denkm\u00e4ler wurde von der Kasbah von alwadaya, ein historischer Ort in der N\u00e4he des Ozeans bekannt, dann der Turm von Hassan 2, die dazu bestimmt war, das gr\u00f6\u00dfte Minarett der Welt sein, zusammen mit der Moschee das moderne Mausoleum von Mohammed 5, alle zusammen bildet einen wichtigen historischen und touristischen Komplex in Rabat. Abendessen und \u00dcbernachtung im Hotel.<\/p>\n<h4>Tag 7: Rabat &#8211; Meknas &#8211; Fes<\/h4>\n<p>Morgens um 9 Uhr Weiterfahrt nach Meknes mit einem Zwischenstopp in Volubilis, um die r\u00f6mischen Ruinen zu besichtigen. Ankunft in der Stadt Moulay Ismail, Besichtigung des Mausoleums von Moulay Ismail, zahlreicher Geb\u00e4ude, G\u00e4rten, monumentaler Tore wie der Moschee Bab El-Mansour und gro\u00dfer Mauern.<\/p>\n","protected":false},"excerpt":{"rendered":"<p>Tag 1 : Fes -Ifrane-Azrou-Midelt Abholung von Ihrer Unterkunft in Fes um 8 Uhr morgens durch Ihren Fahrer\/Guide, Weiterfahrt \u00fcber Merzouga, vorbei an Ifrane bis zu<span class=\"excerpt-hellip\"> [\u2026]<\/span><\/p>\n","protected":false},"author":1,"featured_media":0,"parent":0,"menu_order":0,"comment_status":"closed","ping_status":"closed","template":"","meta":{"ngg_post_thumbnail":0},"_links":{"self":[{"href":"https:\/\/deafmoroccotours.com\/ger\/wp-json\/wp\/v2\/pages\/136"}],"collection":[{"href":"https:\/\/deafmoroccotours.com\/ger\/wp-json\/wp\/v2\/pages"}],"about":[{"href":"https:\/\/deafmoroccotours.com\/ger\/wp-json\/wp\/v2\/types\/page"}],"author":[{"embeddable":true,"href":"https:\/\/deafmoroccotours.com\/ger\/wp-json\/wp\/v2\/users\/1"}],"replies":[{"embeddable":true,"href":"https:\/\/deafmoroccotours.com\/ger\/wp-json\/wp\/v2\/comments?post=136"}],"version-history":[{"count":7,"href":"https:\/\/deafmoroccotours.com\/ger\/wp-json\/wp\/v2\/pages\/136\/revisions"}],"predecessor-version":[{"id":376,"href":"https:\/\/deafmoroccotours.com\/ger\/wp-json\/wp\/v2\/pages\/136\/revisions\/376"}],"wp:attachment":[{"href":"https:\/\/deafmoroccotours.com\/ger\/wp-json\/wp\/v2\/media?parent=136"}],"curies":[{"name":"wp","href":"https:\/\/api.w.org\/{rel}","templated":true}]}}