{"id":139,"date":"2019-09-27T17:22:39","date_gmt":"2019-09-27T17:22:39","guid":{"rendered":"https:\/\/deafmoroccotours.com\/wp\/?page_id=139"},"modified":"2022-08-29T15:29:43","modified_gmt":"2022-08-29T15:29:43","slug":"5-tage-tour-von-casablanca-nach-marrakesch-wuste","status":"publish","type":"page","link":"https:\/\/deafmoroccotours.com\/ger\/5-tage-tour-von-casablanca-nach-marrakesch-wuste\/","title":{"rendered":"5 Tage Tour von Casablanca nach Marrakesch &#038; W\u00fcste"},"content":{"rendered":"<h4>TAG 1: VON CASABLANCA NACH MARRAKECH<\/h4>\n<p>Unsere Reise beginnt mit der Abholung vom Flughafen in Casablanca, wo Sie unseren Fahrer und unsere Mitarbeiter treffen, die Sie auf dieser Reise begleiten werden. Sie werden direkt in die wundersch\u00f6ne rote Stadt &#8220;Marrakesch&#8221; gebracht, wo Sie nach Ihrer Ankunft zu Mittag essen und in Ihr Hotel einchecken werden. Danach werden wir Sie auf eine private Tour zu den unheimlichsten Sehensw\u00fcrdigkeiten der Stadt mitnehmen, beginnend mit der sch\u00f6nen alten Medina und ihrem alten Gew\u00fcrzmarkt, der Ihre Nase mit einer Mischung aus herrlichen Ger\u00fcchen verwirren wird; Gleich danach besichtigen Sie die majest\u00e4tische Koutoubia-Moschee, die gr\u00f6\u00dfte und \u00e4lteste Moschee der Stadt, mit ihrer verfallenen Minara, die sich in den Himmel von Marrakesch gr\u00e4bt, und nicht weit von der Moschee entfernt besuchen Sie die Menara-G\u00e4rten; nach einem ruhigen Aufenthalt erkunden Sie den Bahia-Palast, ein echtes Beispiel f\u00fcr ein marokkanisches Riad, mit seiner einzigartigen Architektur und seiner Dekoration; nachdem Sie ein wenig die Sonne geschw\u00e4nzt haben, besuchen Sie die pr\u00e4chtige St\u00e4tte der Saadier-Gr\u00e4ber. Am Abend lassen Sie den Tag auf dem bezaubernden Platz Jamaa Lefna ausklingen, wo Musiker, Wahrsager und Akrobaten um Ihre Aufmerksamkeit buhlen. Abendessen und \u00dcbernachtung im Hotel.<\/p>\n<h4>TAG 2 : MARRAKESCH &#8211; DADES-SCHLUCHTEN<\/h4>\n<p>Auf dem Weg nach Ouarzazate \u00fcberqueren Sie den h\u00f6chsten Bergpass Nordafrikas, die Tizi n&#8217;Tichka-Stra\u00dfe, durch das Dades-Tal, das Ihnen einen Panoramablick auf das hohe Atlasgebirge bietet, bis Sie die ber\u00fchmte Kasbah von Ait Benhaddou erreichen; ein Weltkulturerbe und Marokkos architektonischer Stolz im S\u00fcden, der Menschen und Produzenten aus der ganzen Welt anlockte, um ihn in ihren Filmen (mehr als 20 Universalfilme) wie &#8220;Son of God&#8221;, &#8220;Prince of Persia&#8221;, &#8220;Jesus von Nazareth&#8221; usw. zu verwenden.<\/p>\n<p>Danach geht es weiter in die Stadt Ouarzazate, die auch als &#8220;Ouallywood&#8221; bekannt ist, da hier eines der gr\u00f6\u00dften Filmstudios der Welt, die &#8220;Atlas Studios&#8221;, beheimatet ist. Dort werden Sie eine F\u00fchrung bekommen, um die Kulissen zu erkunden und mehr \u00fcber die Filme zu erfahren, die dort gedreht wurden. Nach einem ruhigen Aufenthalt in der Gegend setzen wir unsere Reise in das Dades-Tal fort, wo Sie die Nacht in einer lokalen Kasbah verbringen werden, Abendessen inklusive.<\/p>\n<h4>TAG 3 : DADES-SCHLUCHTEN UND MERZOUGA-W\u00dcSTE<\/h4>\n<p>Morgens fr\u00fchst\u00fccken Sie in der wundersch\u00f6nen Dades-Region und machen danach eine kleine Runde, um die ber\u00fchmten Affenzehenberge zu entdecken. Danach geht es weiter zu einer der spektakul\u00e4rsten Schluchten der Welt, die wundersch\u00f6n zwischen den Bergen liegt, die Todgha-Schlucht&#8221;, wo Sie die Gelegenheit haben, zu wandern und den Weg mit den Einheimischen und ihren Lasttieren zu teilen, die in freundlicher Stimmung die Aussicht von oben genie\u00dfen. Am sp\u00e4ten Nachmittag erreichen wir die Stadt Merzouga, wo Sie in einem Hotel in der N\u00e4he der D\u00fcnen einchecken, um sich zu erholen und Ihre Biwakausr\u00fcstung vorzubereiten. Danach f\u00fchrt Sie unser Reiseleiter auf Kamelen durch die lockeren Sandd\u00fcnen von Erg Echebbi und bringt Sie zu unserem traditionellen Lager, wo Sie den wundersch\u00f6nen Sonnenuntergang genie\u00dfen k\u00f6nnen. Sp\u00e4ter erreichen wir das Lager, wo Sie von lokalen Musikern empfangen werden, die Sie bei einer warmen Tasse Tee genie\u00dfen k\u00f6nnen, bevor Ihnen ein traditionelles Abendessen am Lagerfeuer serviert wird. \u00dcbernachtung in Zelten unter freiem Himmel.<\/p>\n<h4>TAG 4 : W\u00dcSTE VON MERZOUGA NACH FES<\/h4>\n<p>Am Morgen weckt Sie unser Reiseleiter fr\u00fch, damit Sie das Naturwunder des Sonnenaufgangs in Merzouga beobachten k\u00f6nnen. W\u00e4hrend die Sonne scheint und unsere Haut w\u00e4rmt, genie\u00dfen Sie ein traditionelles Fr\u00fchst\u00fcck. Danach steigen wir wieder in unser Fahrzeug und setzen unsere Reise fort, indem wir die kleine Stadt Rissani besuchen, den Geburtsort des Gr\u00fcnders der Alaouisten-Dynastie &#8220;Moulay Ali Cherif&#8221;, wo Sie einen Spaziergang machen k\u00f6nnen.<\/p>\n<p>Danach setzen wir unsere Tour fort, vorbei am Ziz-Fluss, wo das Gr\u00fcn der sch\u00f6nen Palmenhaine und Oasen die Gegend s\u00e4umt; gleich danach \u00fcberqueren wir den zweith\u00f6chsten Bergpass Marokkos, die Tizi n&#8217;Talghamt Stra\u00dfe, die Ihnen gro\u00dfartige Ausblicke auf das hohe Atlasgebirge bietet; bis wir Midelt erreichen, wo Sie zu Mittag essen k\u00f6nnen. Nach dem Mittagessen fahren wir weiter in Richtung der kulturellen Hauptstadt Marokkos, der Stadt Fes, und durchqueren dabei die wundersch\u00f6nen Berge des Mittleren Atlas und die gro\u00dfen Zedernw\u00e4lder.<\/p>\n<p>Am Abend kommen wir in Fes an, wo Sie die Nacht verbringen werden.<\/p>\n<h4>TAG 5 : FES &#8211; CASABLANCA<\/h4>\n<p>Nach dem Fr\u00fchst\u00fcck f\u00fchrt Sie unser Reiseleiter auf einer privaten Tour durch die historischen Seiten von Fes mit ihren majest\u00e4tischen Monumenten und alten Gassen.<\/p>\n<p>Gegen Mittag fahren wir zur\u00fcck nach Casablanca, wo wir uns bei Ihnen daf\u00fcr bedanken, dass Sie sich f\u00fcr unser Unternehmen entschieden haben, um diese Reise mit uns zu teilen, und wo unsere Reise leider endet.<\/p>\n","protected":false},"excerpt":{"rendered":"<p>TAG 1: VON CASABLANCA NACH MARRAKECH Unsere Reise beginnt mit der Abholung vom Flughafen in Casablanca, wo Sie unseren Fahrer und unsere Mitarbeiter treffen, die Sie<span class=\"excerpt-hellip\"> [\u2026]<\/span><\/p>\n","protected":false},"author":1,"featured_media":0,"parent":0,"menu_order":0,"comment_status":"closed","ping_status":"closed","template":"","meta":{"ngg_post_thumbnail":0},"_links":{"self":[{"href":"https:\/\/deafmoroccotours.com\/ger\/wp-json\/wp\/v2\/pages\/139"}],"collection":[{"href":"https:\/\/deafmoroccotours.com\/ger\/wp-json\/wp\/v2\/pages"}],"about":[{"href":"https:\/\/deafmoroccotours.com\/ger\/wp-json\/wp\/v2\/types\/page"}],"author":[{"embeddable":true,"href":"https:\/\/deafmoroccotours.com\/ger\/wp-json\/wp\/v2\/users\/1"}],"replies":[{"embeddable":true,"href":"https:\/\/deafmoroccotours.com\/ger\/wp-json\/wp\/v2\/comments?post=139"}],"version-history":[{"count":5,"href":"https:\/\/deafmoroccotours.com\/ger\/wp-json\/wp\/v2\/pages\/139\/revisions"}],"predecessor-version":[{"id":363,"href":"https:\/\/deafmoroccotours.com\/ger\/wp-json\/wp\/v2\/pages\/139\/revisions\/363"}],"wp:attachment":[{"href":"https:\/\/deafmoroccotours.com\/ger\/wp-json\/wp\/v2\/media?parent=139"}],"curies":[{"name":"wp","href":"https:\/\/api.w.org\/{rel}","templated":true}]}}