{"id":141,"date":"2019-09-27T17:24:05","date_gmt":"2019-09-27T17:24:05","guid":{"rendered":"https:\/\/deafmoroccotours.com\/wp\/?page_id=141"},"modified":"2022-08-29T15:24:29","modified_gmt":"2022-08-29T15:24:29","slug":"6-tage-ab-casablanca-imperial-cities-tour","status":"publish","type":"page","link":"https:\/\/deafmoroccotours.com\/ger\/6-tage-ab-casablanca-imperial-cities-tour\/","title":{"rendered":"6 Tage ab Casablanca Imperial Cities Tour"},"content":{"rendered":"<h4>Tag 1 &#8211; Casablanca &#8211; Rabat &#8211; Meknes &#8211; Fes<\/h4>\n<p>Heute werden wir Sie vom Flughafen oder Ihrem Hotel abholen. Dann fahren wir in Richtung Fes, vorbei an Rabat, wo wir die Hassan II Moschee besichtigen k\u00f6nnen. Wir werden auch die Ruinen von Volubilis besuchen, dann Meknes, wo wir seine Denkm\u00e4ler und Attraktionen besichtigen k\u00f6nnen. In Fes \u00fcbernachten wir in einem lokalen Riad.<\/p>\n<h4>Tag 2 &#8211; Erkundung von Fes &#8211; Fes<\/h4>\n<p>Am zweiten Tag unserer privaten Marokko-Tour werden wir die Medina von Fes und den neuen Teil von Fes erkunden. In der Medina &#8211; dem alten Teil &#8211; werden Sie viele interessante Orte und Museen besuchen. Fes ist seit mehr als 300 Jahren die Hauptstadt von Marokko. Hier finden wir auch die Universit\u00e4t von Al Karaouine, die \u00e4lteste Universit\u00e4t der Welt. Wir werden auch das Mausoleum von Moulay Idriss besuchen. Ein wichtiger Teil der Stadt sind auch die Gerbereien, der K\u00f6nigspalast und das j\u00fcdische Viertel, die Mellah mit ihrer Synagoge. Unsere private Marokko Tour in Fes beinhaltet auch einen Besuch der Keramikfabrik. Sp\u00e4ter am Nachmittag haben Sie freies Programm, um die Medina von Fes auf eigene Faust zu entdecken. Wir \u00fcbernachten und essen in einem lokalen Hotel.<\/p>\n<h4>Tag 3 : Fes &#8211; Azrou &#8211; Midelt &#8211; Rissani &#8211; Merzouga-W\u00fcste<\/h4>\n<p>Unsere private Marokko-Tour beginnt mit der Fahrt nach Ifrane, einem wundersch\u00f6nen Bergdorf, das oft als die Schweiz Marokkos bezeichnet wird. Wir halten in der N\u00e4he des Zedernwaldes im mittleren Atlasgebirge, wo Sie Affen beobachten k\u00f6nnen, die ihre Freiheit genie\u00dfen. Wir setzen unsere Reise nach Azrou fort &#8211; einem Berberdorf im gr\u00f6\u00dften Zedernwald Marokkos. Dann besuchen wir die Stadt Midelt, die f\u00fcr ihre Mineralien und das k\u00fchle Wetter im Sommer bekannt ist. Wir fahren durch das Ziz-Tal und besuchen dann Erfoud mit seinen Fossilienprodukten. In Rissani k\u00f6nnen wir den \u00f6rtlichen Souk besuchen und Berber-Pizza essen. Sp\u00e4ter erreichen wir die W\u00fcste von Merzouga und \u00fcbernachten in einem W\u00fcstenhotel.<\/p>\n<h4>Tag 4 : Merzouga W\u00fcste 4\u00d74 Tour und Kamel-Trekking<\/h4>\n<p>Dieser Tag ist der Erkundung der W\u00fcste Sahara mit einem 4\u00d74 Fahrzeug gewidmet. Nach dem Fr\u00fchst\u00fcck machen wir eine Tour durch die D\u00fcnen und besuchen einige Oasen in der W\u00fcste sowie das Dorf Khamlia, das f\u00fcr seine Musik &#8211; die Gnaoua-Musik &#8211; bekannt ist. Sp\u00e4ter auf unserer privaten Marokko-Tour besuchen wir Berber-Nomaden in der W\u00fcste und wir verbringen kurze Zeit mit ihnen. Dann reiten wir auf Kamelen in die W\u00fcste und verbringen diese Nacht im W\u00fcstencamp in Zelten. Wir werden zu Abend essen und Berbermusik am Lagerfeuer h\u00f6ren. Dies wird eine erstaunliche Erfahrung auf Ihrer privaten Marokko-Tour sein, die Sie nie vergessen werden.<\/p>\n<h4>Tag 5 : Merzouga-W\u00fcste &#8211; Todra-Schluchten &#8211; Dades-Tal<\/h4>\n<p>Heute werden wir fr\u00fchmorgens den Sonnenaufgang von der hohen D\u00fcne aus beobachten und dann mit dem Kameltrekking zu unserem Hotel in Merzouga fortfahren. Nach dem Fr\u00fchst\u00fcck und der Dusche setzen wir unsere private Marokkotour in Richtung Rissani und Erfoud fort, wo wir eine Fabrik f\u00fcr fossilen Marmor und Gesch\u00e4fte besuchen k\u00f6nnen. Dann passieren wir Tinjdad, Tinghir und unser n\u00e4chstes Ziel ist die Todra-Schlucht. Sie ist ein Paradies f\u00fcr Kletterer und Sie werden Zeit haben, sie auf eigene Faust zu erkunden. Am Nachmittag geht es weiter ins Dades-Tal, wo wir zu Abend essen und in einem \u00f6rtlichen Riad\/Hotel \u00fcbernachten werden.<\/p>\n<h4>Tag 6 : Dades-Tal &#8211; Ouarzazate -Ait Ben Haddou &#8211; Marrakech<\/h4>\n<p>Am letzten Tag Ihrer privaten Marokko-Tour fahren wir nach Marrakesch und besuchen Ouarzazatte. Hier k\u00f6nnen wir Filmstudios und eine Kasbah besichtigen. Wir setzen unsere private Marokko-Tour nach Ait Ben Haddou fort, um das ber\u00fchmte Dorf und die Kasbah zu besuchen. Viele ber\u00fchmte Filme wurden hier gedreht. Dann fahren wir weiter durch die Mounains des Hohen Atlas \u00fcber den Tizi n Tichka-Pass. Nachdem wir Marrakesch erreicht haben, bringen wir Sie zu Ihrem Hotel oder Flughafen.<\/p>\n","protected":false},"excerpt":{"rendered":"<p>Tag 1 &#8211; Casablanca &#8211; Rabat &#8211; Meknes &#8211; Fes Heute werden wir Sie vom Flughafen oder Ihrem Hotel abholen. Dann fahren wir in Richtung Fes,<span class=\"excerpt-hellip\"> [\u2026]<\/span><\/p>\n","protected":false},"author":1,"featured_media":0,"parent":0,"menu_order":0,"comment_status":"closed","ping_status":"closed","template":"","meta":{"ngg_post_thumbnail":0},"_links":{"self":[{"href":"https:\/\/deafmoroccotours.com\/ger\/wp-json\/wp\/v2\/pages\/141"}],"collection":[{"href":"https:\/\/deafmoroccotours.com\/ger\/wp-json\/wp\/v2\/pages"}],"about":[{"href":"https:\/\/deafmoroccotours.com\/ger\/wp-json\/wp\/v2\/types\/page"}],"author":[{"embeddable":true,"href":"https:\/\/deafmoroccotours.com\/ger\/wp-json\/wp\/v2\/users\/1"}],"replies":[{"embeddable":true,"href":"https:\/\/deafmoroccotours.com\/ger\/wp-json\/wp\/v2\/comments?post=141"}],"version-history":[{"count":5,"href":"https:\/\/deafmoroccotours.com\/ger\/wp-json\/wp\/v2\/pages\/141\/revisions"}],"predecessor-version":[{"id":358,"href":"https:\/\/deafmoroccotours.com\/ger\/wp-json\/wp\/v2\/pages\/141\/revisions\/358"}],"wp:attachment":[{"href":"https:\/\/deafmoroccotours.com\/ger\/wp-json\/wp\/v2\/media?parent=141"}],"curies":[{"name":"wp","href":"https:\/\/api.w.org\/{rel}","templated":true}]}}