{"id":143,"date":"2019-09-27T17:24:56","date_gmt":"2019-09-27T17:24:56","guid":{"rendered":"https:\/\/deafmoroccotours.com\/wp\/?page_id=143"},"modified":"2022-08-29T15:37:26","modified_gmt":"2022-08-29T15:37:26","slug":"7-tage-von-casablanca-nach-merzouga-wuste","status":"publish","type":"page","link":"https:\/\/deafmoroccotours.com\/ger\/7-tage-von-casablanca-nach-merzouga-wuste\/","title":{"rendered":"7 Tage von Casablanca nach Merzouga W\u00fcste"},"content":{"rendered":"<h4>Tag 1: Ankunft in Casablanca &#8211; Marrakech<\/h4>\n<p>Unser Fahrer wird Sie am Flughafen von Casablanca abholen. Wir besichtigen kurz die Stadt Casablanca &#8211; die Hassan II Moschee, das Ebach-Viertel und fahren dann nach Marrakesch. Sie werden Gelegenheit haben, diese Stadt auf eigene Faust zu erkunden. Wir \u00fcbernachten in einem lokalen Riad.<\/p>\n<h4>Tag 2: Marrakech gef\u00fchrte Tour<\/h4>\n<p>Heute werden wir eine private F\u00fchrung durch die Medina von Marrakesch mit einem offiziellen F\u00fchrer machen. Sie sehen die ber\u00fchmte Moschee von Koutubia, die Medina und ihre Souks, und wir erkunden einige weitere Geheimnisse Marrakeschs &#8211; die Koranschule Ali Ben Youssef, den Saadian, den Bahia-Palast und die Majorelle-G\u00e4rten. Auch diese Nacht verbringen wir in einem lokalen Riad in der Medina.<\/p>\n<h4>Tag 3: Marrakech &#8211; Ait Ben Haddou &#8211; Dades-Schluchten<\/h4>\n<p>Heute verlassen wir Marrakech und \u00fcberqueren den Tizi n Tichka-Pass des Hohen Atlasgebirges. Wir besuchen das UNESCO-Weltkulturerbe in Ait Ben Haddou. Wir fahren weiter, um das Dades-Tal und seine ber\u00fchmten Schluchten zu erkunden und erreichen die Dades-Schluchten, wo wir zu Abend essen und in einem lokalen Riad in den Bergen \u00fcbernachten werden.<\/p>\n<h4>Tag 4: Dades-Schluchten &#8211; Erg Chebbi in der W\u00fcste Sahara<\/h4>\n<p>Heute besichtigen wir die Todra-Schlucht, den beeindruckendsten Canyon Marokkos. Dann fahren wir weiter nach Erfoud und Rissani und erreichen am Nachmittag ein charmantes W\u00fcstenhotel im Erg Chebbi, wo Sie zu Abend essen werden.<\/p>\n<h4>Tag 5: Erg Chebbi in der W\u00fcste Sahara<\/h4>\n<p>Heute haben Sie den ganzen Tag Zeit, die W\u00fcste Erg Chebbi zu erkunden. Sie besuchen das Musikdorf Khamlia und genie\u00dfen einen Tee bei einer Nomadenfamilie. Dann bereiten wir uns auf ein Kameltrekking in der W\u00fcste vor. Wir halten an, um den Sonnenuntergang zu beobachten, und genie\u00dfen das Abendessen unter dem Sternenhimmel in einem Berberzelt, in dem wir auch eine Nacht verbringen werden.<\/p>\n<h4>Tag 6 : Erg Chebbi &#8211; Ziz-Tal &#8211; Ifrane | Fes<\/h4>\n<p>Nach dem fr\u00fchen Aufwachen werden wir den Sonnenaufgang beobachten und einen Kameltrekking zur\u00fcck zum Hotel machen. Danach fahren wir in das Ziz-Tal und das Mittlere Atlasgebirge, passieren Midelt und Ifrane, die &#8220;Schweiz Marokkos&#8221;, und werden schlie\u00dflich an unserem Hotel in Fes abgesetzt.<\/p>\n<h4>Tag 7: Fes gef\u00fchrte Tour<\/h4>\n<p>Heute erkunden Sie die UNESCO-gesch\u00fctzte Medina von Fes mit einem offiziellen F\u00fchrer. Die Medina von Fes ist die \u00e4lteste und sch\u00f6nste in Marokko und wurde zum Weltkulturerbe der Menschheit erkl\u00e4rt. Die Universit\u00e4t von Fes ist die \u00e4lteste der Welt. Wir werden auch die Gerber besuchen und eine Terrasse mit Blick auf die Gerberei entdecken.<\/p>\n","protected":false},"excerpt":{"rendered":"<p>Tag 1: Ankunft in Casablanca &#8211; Marrakech Unser Fahrer wird Sie am Flughafen von Casablanca abholen. Wir besichtigen kurz die Stadt Casablanca &#8211; die Hassan II<span class=\"excerpt-hellip\"> [\u2026]<\/span><\/p>\n","protected":false},"author":1,"featured_media":0,"parent":0,"menu_order":0,"comment_status":"closed","ping_status":"closed","template":"","meta":{"ngg_post_thumbnail":0},"_links":{"self":[{"href":"https:\/\/deafmoroccotours.com\/ger\/wp-json\/wp\/v2\/pages\/143"}],"collection":[{"href":"https:\/\/deafmoroccotours.com\/ger\/wp-json\/wp\/v2\/pages"}],"about":[{"href":"https:\/\/deafmoroccotours.com\/ger\/wp-json\/wp\/v2\/types\/page"}],"author":[{"embeddable":true,"href":"https:\/\/deafmoroccotours.com\/ger\/wp-json\/wp\/v2\/users\/1"}],"replies":[{"embeddable":true,"href":"https:\/\/deafmoroccotours.com\/ger\/wp-json\/wp\/v2\/comments?post=143"}],"version-history":[{"count":4,"href":"https:\/\/deafmoroccotours.com\/ger\/wp-json\/wp\/v2\/pages\/143\/revisions"}],"predecessor-version":[{"id":374,"href":"https:\/\/deafmoroccotours.com\/ger\/wp-json\/wp\/v2\/pages\/143\/revisions\/374"}],"wp:attachment":[{"href":"https:\/\/deafmoroccotours.com\/ger\/wp-json\/wp\/v2\/media?parent=143"}],"curies":[{"name":"wp","href":"https:\/\/api.w.org\/{rel}","templated":true}]}}