{"id":145,"date":"2019-09-27T17:25:34","date_gmt":"2019-09-27T17:25:34","guid":{"rendered":"https:\/\/deafmoroccotours.com\/wp\/?page_id=145"},"modified":"2022-08-29T15:35:38","modified_gmt":"2022-08-29T15:35:38","slug":"8-tage-von-casablanca-nach-marrakech","status":"publish","type":"page","link":"https:\/\/deafmoroccotours.com\/ger\/8-tage-von-casablanca-nach-marrakech\/","title":{"rendered":"8 Tage von Casablanca nach Marrakech"},"content":{"rendered":"<h4>Tag 1: Casablanca-Rabat-Meknes-Fes.<\/h4>\n<p>Wir holen Sie vom Flughafen in Casablanca ab und beginnen die 8-t\u00e4gige Casablanca-Tour in Marrakesch mit der Fahrt nach Fes durch die Hassan-Moschee. Sp\u00e4ter geht es weiter nach Rabat oder in die Verwaltungsstadt\/Hauptstadt, wo wir den Hassan-Turm besuchen werden. Sowie nach Fez.<\/p>\n<h4>Tag2: Fes-Besichtigung.<\/h4>\n<p>Nach dem Fr\u00fchst\u00fcck treffen wir uns mit einem lokalen F\u00fchrer und verbringen den gr\u00f6\u00dften Teil des Tages in der Medina (Altstadt) mit einer ganzt\u00e4gigen F\u00fchrung, die es Ihnen erm\u00f6glicht, viele historische Momente wie das j\u00fcdische Viertel, den K\u00f6nigspalast, die alten Souks und die Gerbereien zu entdecken.<\/p>\n<h4>Tag3: Fes- Zedernwald-Medilt-Ziz-Tal-Sahara-W\u00fcste.<\/h4>\n<p>Abfahrt um 08:00 Uhr zur W\u00fcste durch Ifrane und den Zedernwald von Azrou, wo sich die wilden Affen aufhalten. Au\u00dferdem k\u00f6nnen wir die Affen beim Klettern auf den B\u00e4umen beobachten. Sp\u00e4ter fahren wir weiter zur W\u00fcste \u00fcber das Ziz-Tal und Erfoud, das f\u00fcr seine Marmorfossilien bekannt ist. So fahren wir nach Merzouga durch Rissani oder Handelsplatz, wo viele St\u00e4mme kommen, um Waren zu verkaufen und zu kaufen. Au\u00dferdem kommen wir in der W\u00fcste an.<\/p>\n<h4>Tag 4: Tour um Nomaden mit 4\u00d74-Kamelfahrt-\u00dcbernachtung im W\u00fcstencamp.<\/h4>\n<p>Ein Teil unserer 8-t\u00e4gigen Casablanca Tour Marrakech wird um Erg Chebbi D\u00fcnen sein, wo Nomaden noch leben, beginnend mit Khamlia oder traditioneller Gnawa Musik. Sp\u00e4ter besuchen wir einige verlassene Minen und Palmenoasen. Danach kehren wir zum G\u00e4stehaus zur\u00fcck, um auf Kamelen in den Sandd\u00fcnen zu reiten und die W\u00fcste zu entdecken.<\/p>\n<h4>Tag 5: W\u00fcste &#8211; Alter Souk &#8211; Erfoud &#8211; Toudra-Schluchten &#8211; Dades.<\/h4>\n<p>Nachdem wir unvergessliche Fotos vom Sonnenaufgang gemacht haben, kehren wir zum G\u00e4stehaus zur\u00fcck, um zu fr\u00fchst\u00fccken und zu duschen. Danach beginnen wir unsere Reise in das Dades-Tal und fahren durch Erfoud, das f\u00fcr seine Marmorfossilien bekannt ist, und Jorf, wo die Bew\u00e4sserung stattfindet. Weiter geht es zur Todra-Schlucht, die eine der beeindruckendsten Schluchten des Dades enth\u00e4lt.<\/p>\n<h4>Tag6: Dades-Skoura Oase-Kasbah Taourirt-Ouarzazate-Marrakech.<\/h4>\n<p>Nach dem Fr\u00fchst\u00fcck fahren wir auf unserer 8-t\u00e4gigen Casablanca-Tour weiter in Richtung Ouarzazate durch Berberd\u00f6rfer, die aus Lehm gebaut sind, und weiter nach Skoura, das f\u00fcr seine Palmen bekannt ist. Danach geht es weiter nach Ouarzazate oder dem marokkanischen Hollywood und wir besuchen eine der alten Kasbahs. Danach verlassen wir Ouarzazate und fahren nach Marrakesch.<\/p>\n<h4>Tag 7: Marrakech Besichtigung.<\/h4>\n<p>Um 09:00 Uhr werden Sie den gr\u00f6\u00dften Teil des Tages in der Medina, dem alten Teil der Stadt (Rote Stadt), mit einer ganzt\u00e4gigen F\u00fchrung verbringen. Dann werden Sie eine der besten historischen Momente, die in der N\u00e4he von Jemaa el fna Platz, El Koutobia, Saidian Gr\u00e4ber, Menara&#8230; und Majorelle Garten.<\/p>\n<h4>Tag 8: Marrakech zum Flughafen.<\/h4>\n<p>Unsere 8 Tage Casablanca Tour Marrakech endet mit dem Transfer zum Flughafen.<\/p>\n","protected":false},"excerpt":{"rendered":"<p>Tag 1: Casablanca-Rabat-Meknes-Fes. Wir holen Sie vom Flughafen in Casablanca ab und beginnen die 8-t\u00e4gige Casablanca-Tour in Marrakesch mit der Fahrt nach Fes durch die Hassan-Moschee.<span class=\"excerpt-hellip\"> [\u2026]<\/span><\/p>\n","protected":false},"author":1,"featured_media":0,"parent":0,"menu_order":0,"comment_status":"closed","ping_status":"closed","template":"","meta":{"ngg_post_thumbnail":0},"_links":{"self":[{"href":"https:\/\/deafmoroccotours.com\/ger\/wp-json\/wp\/v2\/pages\/145"}],"collection":[{"href":"https:\/\/deafmoroccotours.com\/ger\/wp-json\/wp\/v2\/pages"}],"about":[{"href":"https:\/\/deafmoroccotours.com\/ger\/wp-json\/wp\/v2\/types\/page"}],"author":[{"embeddable":true,"href":"https:\/\/deafmoroccotours.com\/ger\/wp-json\/wp\/v2\/users\/1"}],"replies":[{"embeddable":true,"href":"https:\/\/deafmoroccotours.com\/ger\/wp-json\/wp\/v2\/comments?post=145"}],"version-history":[{"count":4,"href":"https:\/\/deafmoroccotours.com\/ger\/wp-json\/wp\/v2\/pages\/145\/revisions"}],"predecessor-version":[{"id":369,"href":"https:\/\/deafmoroccotours.com\/ger\/wp-json\/wp\/v2\/pages\/145\/revisions\/369"}],"wp:attachment":[{"href":"https:\/\/deafmoroccotours.com\/ger\/wp-json\/wp\/v2\/media?parent=145"}],"curies":[{"name":"wp","href":"https:\/\/api.w.org\/{rel}","templated":true}]}}