{"id":147,"date":"2019-09-27T17:29:12","date_gmt":"2019-09-27T17:29:12","guid":{"rendered":"https:\/\/deafmoroccotours.com\/wp\/?page_id=147"},"modified":"2022-08-29T15:37:55","modified_gmt":"2022-08-29T15:37:55","slug":"7-tage-tour-von-tanger-zur-wuste-von-merzouga","status":"publish","type":"page","link":"https:\/\/deafmoroccotours.com\/ger\/7-tage-tour-von-tanger-zur-wuste-von-merzouga\/","title":{"rendered":"7 Tage Tour von Tanger zur W\u00fcste von Merzouga"},"content":{"rendered":"<h4>TAG 1 TANGER &#8211; RIF-GEBIRGE &#8211; CHEFCHAOUEN<\/h4>\n<p>Marokko Touren und Ausfl\u00fcge ab Tanger Treffen Sie unseren Reiseleiter am Hafen von Tanger und machen Sie sich auf den Weg nach Chefchaouen im Rifgebirge, Besichtigung von Chefchaouen : (oder Chaouen) im Rifgebirge, gegr\u00fcndet von den Muslimen und Juden, die im 15. Jahrhundert von den Christen verdr\u00e4ngt wurden. Die Stadt war bis zum 20. Jahrhundert nicht bekannt und war 500 Jahre lang relativ unver\u00e4ndert geblieben. Man sagt, dass sie den bestm\u00f6glichen Eindruck davon vermittelt, wie eine andalusische Stadt zur Zeit der Mauren aussah. Die Stadt hat sich zu einem touristischen Ziel entwickelt. Die engen Medinastra\u00dfen, die wei\u00df und blau gestrichenen H\u00e4user und die wundersch\u00f6ne Lage inmitten der Berge machen sie einzigartig. Auto: 1 Stunde &#8211; Spaziergang: 3 Stunden<\/p>\n<h4>TAG 2 CHEFCHAOUEN- VOLUBILIS-FEZ<\/h4>\n<p>Abreise nach Fes um 10:00 Uhr. Wir fahren durch gr\u00fcne H\u00fcgel, offene weite Felder und Weizenfelder. Wir halten zum Mittagessen in der N\u00e4he von Ouazane und fahren weiter nach Volubilis. Es handelt sich um die am besten erhaltenen r\u00f6mischen Ruinen in Marokko. Bei einer F\u00fchrung durch die r\u00f6mische St\u00e4tte werden Sie durch die atemberaubenden Mosaike, Stra\u00dfen, S\u00e4ulen und B\u00e4der in die Mythen Roms zur\u00fcckversetzt. Nicht weit entfernt liegt das alte Dorf Moulay-Driss-Zerhoune, wo der Gr\u00fcnder der ersten arabisch-islamischen Dynastie in Marokko begraben liegt. Wenn es die Zeit erlaubt, k\u00f6nnen wir in dieser Stadt einen Minztee trinken, bevor wir nach Fes weiterfahren.Hotel\/ Riad. Auto : 5 Stunden &#8211; Spaziergang : 1 Stunde Reisezeit : 5 Stunden<\/p>\n<h4>TAG 3 GEF\u00dcHRTE BESICHTIGUNG DER MEDINA VON FEZ<\/h4>\n<p>Nach dem Fr\u00fchst\u00fcck werden Sie um 10:00 Uhr eine gef\u00fchrte Besichtigung der Medina von Fes machen. Wir beginnen mit dem s\u00fcdlichen Turm und der Festung aus dem 16. Jahrhundert, die sich mit dem n\u00f6rdlichen Turm gegen\u00fcberstehen und einen Panoramablick auf die mittelalterliche Stadt bieten. Wir werden eine angenehme T\u00f6pfergenossenschaft besuchen. Sie werden Ihr Wissen \u00fcber die Herstellung des marokkanischen Mosaiks &#8220;zellij&#8221; und der blauen T\u00f6pferei von Fes erweitern. Eine wahre labyrinthische alte Stadt aus dem 8. Sie werden eine Zeitreise in die mittelalterliche Epoche der Stadt unternehmen, in der die Menschen noch immer in den engen Gassen arbeiten, in der es viele kleine St\u00e4nde mit allen Arten von traditionellem Handwerk gibt und in der Esel mit Vorr\u00e4ten in den Stra\u00dfen der Medina auf und ab gehen. Sie werden f\u00fcr eine Weile kein Gef\u00fchl f\u00fcr Richtung und Zeit haben. Die Medina von Fes ist reich an islamischen Denkm\u00e4lern: die faszinierenden alten Moscheen, die Universit\u00e4t von El-Karaouiyine und ihre Bibliotheken. All diese Elemente machen Fez zur spirituellen und kulturellen Hauptstadt des Landes. Erg\u00e4nzen Sie den Tag durch ein optionales Abendessen mit Baucht\u00e4nzerinnen. Auto: 1 Stunde &#8211; Spaziergang: 4 Stunden<\/p>\n<h4>TAG 4 FEZ &#8211; ERFOUD &#8211; ERG CHEBBI W\u00dcSTENCAMP<\/h4>\n<p>Morgens Fahrt durch das Gebirge des Mittleren Atlas. Es ist die Heimat der Berberaffen, die in den Zedernw\u00e4ldern des Mittleren Atlas beheimatet sind, genannt &#8220;Themaggot&#8221;. Eine Pause in Ifrantown wird sehr gesch\u00e4tzt werden. Es ist ein ber\u00fchmter Ort f\u00fcr Skigebiete in Marokko und wurde w\u00e4hrend des franz\u00f6sischen Protektorats gegr\u00fcndet. Wir essen in Medilt zu Mittag, das f\u00fcr seine beste Apfelproduktion in Marokko bekannt ist. Fotostopp im Ziz-Tal, wo die Palmenhaine und Datteln beginnen. Erfoud ist die Hauptstadt der Fossilien in Marokko, so dass Sie die Chance haben, eine der Fabriken zu besuchen, wo sie sch\u00f6ne Artikel aus Marmor machen.und gleich danach besuchen wir das Mausoleum von Mouay Ali Chref in Rissanithe Gr\u00fcnder der aktuellenAlaouite Dynastie von Marokko im 17. Wir treffen uns mit den Kamelen f\u00fcr einen Kamelritt und gehen zu den D\u00fcnen, um den Sonnenuntergang zu beobachten, und \u00fcbernachten in einem Berberzelt. Auto:7 Stunden -Wanderung: 2 Stunden<\/p>\n<h4>TAG 5 FREIER TAG W\u00dcSTEND\u00dcNEN ENTDECKUNG:<\/h4>\n<p>Treffen mit Nomaden<br \/>\nGnaoua Musik<br \/>\nFreie Zeit<br \/>\nAuto: 4 Stunden &#8211; Spaziergang: 2 Stunden<\/p>\n<h4>TAG 6 W\u00dcSTENCAMP &#8211; ALNIF &#8211; TOBRA-SCHLUCHT<\/h4>\n<p>Fr\u00fches Aufstehen f\u00fcr den Sonnenaufgang und Kamelritt zur\u00fcck zur D\u00fcnenlinie. Zeit zum Fr\u00fchst\u00fccken und Duschen, danach fahren wir nach Tinjidad und halten an, um das alte unterirdische Bew\u00e4sserungssystem &#8220;Khatarat&#8221; zu sehen, das in der Oase von Jorf noch immer benutzt wird. Mittagessen im Toudra-Tal. Es hat sch\u00f6ne Kasbahs und Berge entlang 15 km von Palmenhainen. Die spektakul\u00e4ren Schluchten von 300 m H\u00f6he zu erreichen und einen kleinen Spaziergang in der N\u00e4he des Flusses von Toudra zu genie\u00dfen. \u00dcbernachtung im Kasbah-Hotel. Auto: 4 Stunden -Wanderung: 2 Stunden<\/p>\n<h4>TAG 7 TODGHA-SCHLUCHT &#8211; DADES &#8211; SKOURA &#8211; OUARZAZATE<\/h4>\n<p>Wir fahren in das Dades-Tal, um die sch\u00f6nen Formationen des Hohen Atlas-Gebirges und seiner tausend Kasbahs zu sehen. Gr\u00fcne Felder mit Feigen, Mandeln, Aprikosen, Pfirsich-, Walnuss- und Granatapfelb\u00e4umen. Das n\u00e4chste Ziel ist das Rosental, ber\u00fchmt f\u00fcr das Rosenwasser und die Sch\u00f6nheitscremes, die aus der Damaszener Rose gewonnen werden und in einigen teuren Parf\u00fcms, Haut- und K\u00f6rperpflegeprodukten, Kosmetika, Haarpflegemitteln, Medikamenten usw. enthalten sind. Die Frauen m\u00fcssen die Bl\u00fcten in aller Fr\u00fche pfl\u00fccken. Im Mai feiern die Einheimischen die Ernte der Rosen mit einem Fest. Auf beiden Seiten der Stra\u00dfe sieht man Kinder, die Halsketten aus Rosen verkaufen. \u00dcber den alten Palmenhain von Skoura erreichen Sie Ouarzazate. Auto : 3 Stunden &#8211; Spaziergang : 2 Stunden<\/p>\n<h4>Tag 8 Ouarzazate &#8211; Ait Ben Haddou Kasbah &#8211; Marrakech.<\/h4>\n<p>Ouarzazate hat 3 Kinostudios und sch\u00f6ne Kasbahs. Optionaler Besuch von Taourert Kasbah Dann fahren wir nach Ait ben Haddou Dorf. Wir erkunden das am besten erhaltene Dorf im S\u00fcden des Landes, das 1987 von der UNISCO als Weltkulturerbe eingestuft wurde und in dem eine Reihe von Filmen gedreht wurden: Gladiator, Prince of Persia &#8230; Wir unternehmen einen Spaziergang innerhalb des Dorfes und fahren weiter durch das Ounila-Tal bis zur Kasbah von Telouet, einer gro\u00dfen Festung des Pacha, der der m\u00e4chtigste Mann des S\u00fcdens war. Wir \u00fcberqueren den spektakul\u00e4ren Pass des Hohen Atlasgebirges (Tizi-n-Tichka 2260 m ALT) und erreichen Marrakesch.<\/p>\n","protected":false},"excerpt":{"rendered":"<p>TAG 1 TANGER &#8211; RIF-GEBIRGE &#8211; CHEFCHAOUEN Marokko Touren und Ausfl\u00fcge ab Tanger Treffen Sie unseren Reiseleiter am Hafen von Tanger und machen Sie sich auf<span class=\"excerpt-hellip\"> [\u2026]<\/span><\/p>\n","protected":false},"author":1,"featured_media":0,"parent":0,"menu_order":0,"comment_status":"closed","ping_status":"closed","template":"","meta":{"ngg_post_thumbnail":0},"_links":{"self":[{"href":"https:\/\/deafmoroccotours.com\/ger\/wp-json\/wp\/v2\/pages\/147"}],"collection":[{"href":"https:\/\/deafmoroccotours.com\/ger\/wp-json\/wp\/v2\/pages"}],"about":[{"href":"https:\/\/deafmoroccotours.com\/ger\/wp-json\/wp\/v2\/types\/page"}],"author":[{"embeddable":true,"href":"https:\/\/deafmoroccotours.com\/ger\/wp-json\/wp\/v2\/users\/1"}],"replies":[{"embeddable":true,"href":"https:\/\/deafmoroccotours.com\/ger\/wp-json\/wp\/v2\/comments?post=147"}],"version-history":[{"count":5,"href":"https:\/\/deafmoroccotours.com\/ger\/wp-json\/wp\/v2\/pages\/147\/revisions"}],"predecessor-version":[{"id":375,"href":"https:\/\/deafmoroccotours.com\/ger\/wp-json\/wp\/v2\/pages\/147\/revisions\/375"}],"wp:attachment":[{"href":"https:\/\/deafmoroccotours.com\/ger\/wp-json\/wp\/v2\/media?parent=147"}],"curies":[{"name":"wp","href":"https:\/\/api.w.org\/{rel}","templated":true}]}}