{"id":150,"date":"2019-09-27T17:30:28","date_gmt":"2019-09-27T17:30:28","guid":{"rendered":"https:\/\/deafmoroccotours.com\/wp\/?page_id=150"},"modified":"2022-08-29T15:36:15","modified_gmt":"2022-08-29T15:36:15","slug":"8-tage-tour-von-tanger-nach-marrakech","status":"publish","type":"page","link":"https:\/\/deafmoroccotours.com\/ger\/8-tage-tour-von-tanger-nach-marrakech\/","title":{"rendered":"8 Tage Tour von Tanger nach Marrakech"},"content":{"rendered":"<h4>Tag 1: Tanger &#8211; Tetauan &#8211; Chefchaouen<\/h4>\n<p>Tanger nach MarrakeschWir werden vom Flughafen, der F\u00e4hre oder Ihrer Unterkunft abgeholt. Wir fahren durch das Rifgebirge und die Stadt Tetoun, um die Aussicht auf die sch\u00f6nen Berge zu genie\u00dfen, bis wir nach Chefchaouan kommen, einem der sch\u00f6nsten D\u00f6rfer am Fu\u00dfe des Rifgebirges. Die Medina von Chefchaouen hat einen Platz im spanischen Stil, der von vielen flippigen Kunsthandwerksl\u00e4den, Dachrestaurants und Caf\u00e9s umgeben ist, wo Sie die Nacht an einem sch\u00f6nen Ort verbringen werden, um die Brise und die Sch\u00f6nheit der Natur zu genie\u00dfen.<\/p>\n<h4>Tag 2: Chefchaouen &#8211; Volubilis &#8211; Meknes &#8211; Fes<\/h4>\n<p>Nach dem Fr\u00fchst\u00fcck fahren wir \u00fcber das Rif-Gebirge, Volubilis und Meknes nach Fes. In Volubilistangier nach Marrakesch besichtigen wir die r\u00f6mischen Ruinen von Volubilis (Unesco-Weltkulturerbe), die wichtigsten r\u00f6mischen Ruinen Marokkos, danach besuchen wir Mouly Idriss, eine der heiligsten St\u00e4dte des Landes. Weiterfahrt nach Meknes, der 4. kaiserlichen Stadt Marokkos. Am Nachmittag besichtigen wir die wichtigsten Monumente der Stadt: Bab El Mansour, Lahdim-Platz und Mouly Isma\u00efl-Museum. Dann fahren wir weiter nach Fes zu Ihrer Unterkunft. Abendessen und \u00dcbernachtung in einem Riad in der Medina von Fes.<\/p>\n<h4>Tag 3: Fes-Besichtigungen<\/h4>\n<p>Tanger nach MarrakeschHeute entdecken wir eine der \u00e4ltesten und sch\u00f6nsten K\u00f6nigsst\u00e4dte Marokkos, die geistige Hauptstadt des Landes. Am Vormittag besichtigen wir die wichtigsten Sehensw\u00fcrdigkeiten dieser Stadt: die Medressen (religi\u00f6se Universit\u00e4ten), den Najarine-Platz, die Moschee von Karaouine, das Museum von Mouly Idriss. Das Mittagessen wird in der Medina (der alten Stadt) serviert. Am Nachmittag besichtigen wir Fes El-Jedid, den K\u00f6nigspalast, die Koranschule, das j\u00fcdische Viertel und den Souk. Weiter geht es zum Riad in Medina f\u00fcr das Abendessen und die \u00dcbernachtung.<\/p>\n<h4>Tag 4: Fes &#8211; Ifrane &#8211; Midelt &#8211; Rissani &#8211; Merzouga (Kameltrek &amp; \u00dcbernachtung im W\u00fcstencamp)<\/h4>\n<p>Am Morgen brechen wir in Richtung S\u00fcden durch das Mittlere Atlasgebirge auf; wir fahren durch die Zedernw\u00e4lder von Azrou, durch Berberd\u00f6rfer nach Marrakesch und weiter in die W\u00fcste Sahara. Auf halbem Weg machen wir eine Mittagspause in der Stadt Midelt, ber\u00fchmt f\u00fcr seine Fossilien und Mineralien. Wir setzen unsere Reise durch die Berge fort und genie\u00dfen die sch\u00f6ne Aussicht auf das Ziz-Tal mit seinen Palmenhainen und Kasbahs. Gegen 16:00 Uhr erreichen wir Merzouga, wo Sie einen Kamelritt durch die W\u00fcste machen k\u00f6nnen. Zum Abendessen wird Ihnen eine traditionelle Berber-Tagine serviert. Die Nacht verbringen Sie in einem Berberzelt unter dem Sternenhimmel.<\/p>\n<h4>Tag 5: Merzouga -Todra-Schlucht &#8211; Rosental -Ouarzazate<\/h4>\n<p>Wir wachen fr\u00fch auf, um einen spektakul\u00e4ren Sonnenaufgang \u00fcber den D\u00fcnen zu erleben, und kehren zum Fr\u00fchst\u00fcck und einer kurzen Dusche ins Hotel zur\u00fcck. Dann fahren wir Richtung Ouarzazate durch Tinghir. Kurz vor Tinghir biegen wir rechts ab und besichtigen die Todra-Schlucht. Bevor wir Ouarzazate erreichen, fahren wir durch Kalaat Magouna und das Rosental. Wir essen zu Abend und verbringen die Nacht in Ouarzazate.<\/p>\n<h4>Tag 6: Ouarzazate &#8211; Kasbah A\u00eft Ben Haddou &#8211; Marrakeshtangier nach Marrakesch<\/h4>\n<p>Nach dem Fr\u00fchst\u00fcck fahren wir durch Ouarzazate in das Atlasgebirge. Wir passieren das rosa Tal und die Oasen von Skoura. Wir besuchen das ber\u00fchmte Atlas-Filmstudio und die sch\u00f6nste Kasbah Marokkos, Kasbah A\u00eft Ben Haddou &#8211; ein Unesco-Weltkulturerbe &#8211; und fahren weiter nach Marrakesch. Wir essen zu Abend und bleiben \u00fcber Nacht in Marrakesch.<\/p>\n<h4>Tag 7: Marrakesch<\/h4>\n<p>Heute lernen Sie die Stadt Marrakesch, die Perle des S\u00fcdens, kennen. Nach dem Fr\u00fchst\u00fcck besichtigen Sie in Begleitung eines franz\u00f6sisch- und englischsprachigen F\u00fchrers die Koutoubia-Moschee, den Palast der Bahia und die Menara. Am Nachmittag besuchen Sie den Jemaa-El-Fna-Platz (das pulsierende Herz von Marrakesch) und die bunten und duftenden Gassen des Souk. Das Abendessen wird in Jemaa-El-Fna serviert.<\/p>\n<h4>Tag 8: Marrakesch \/Reiseende<\/h4>\n<p>Transfer zum Flughafen von Marrakesch oder Casablanca, je nach Abflugzeit Ihres Fluges.<\/p>\n","protected":false},"excerpt":{"rendered":"<p>Tag 1: Tanger &#8211; Tetauan &#8211; Chefchaouen Tanger nach MarrakeschWir werden vom Flughafen, der F\u00e4hre oder Ihrer Unterkunft abgeholt. Wir fahren durch das Rifgebirge und die<span class=\"excerpt-hellip\"> [\u2026]<\/span><\/p>\n","protected":false},"author":1,"featured_media":0,"parent":0,"menu_order":0,"comment_status":"closed","ping_status":"closed","template":"","meta":{"ngg_post_thumbnail":0},"_links":{"self":[{"href":"https:\/\/deafmoroccotours.com\/ger\/wp-json\/wp\/v2\/pages\/150"}],"collection":[{"href":"https:\/\/deafmoroccotours.com\/ger\/wp-json\/wp\/v2\/pages"}],"about":[{"href":"https:\/\/deafmoroccotours.com\/ger\/wp-json\/wp\/v2\/types\/page"}],"author":[{"embeddable":true,"href":"https:\/\/deafmoroccotours.com\/ger\/wp-json\/wp\/v2\/users\/1"}],"replies":[{"embeddable":true,"href":"https:\/\/deafmoroccotours.com\/ger\/wp-json\/wp\/v2\/comments?post=150"}],"version-history":[{"count":5,"href":"https:\/\/deafmoroccotours.com\/ger\/wp-json\/wp\/v2\/pages\/150\/revisions"}],"predecessor-version":[{"id":370,"href":"https:\/\/deafmoroccotours.com\/ger\/wp-json\/wp\/v2\/pages\/150\/revisions\/370"}],"wp:attachment":[{"href":"https:\/\/deafmoroccotours.com\/ger\/wp-json\/wp\/v2\/media?parent=150"}],"curies":[{"name":"wp","href":"https:\/\/api.w.org\/{rel}","templated":true}]}}