{"id":153,"date":"2019-09-27T17:31:42","date_gmt":"2019-09-27T17:31:42","guid":{"rendered":"https:\/\/deafmoroccotours.com\/wp\/?page_id=153"},"modified":"2022-08-29T15:34:41","modified_gmt":"2022-08-29T15:34:41","slug":"9-tage-ab-tanger-abenteuer-des-nordens","status":"publish","type":"page","link":"https:\/\/deafmoroccotours.com\/ger\/9-tage-ab-tanger-abenteuer-des-nordens\/","title":{"rendered":"9 Tage ab Tanger Abenteuer des Nordens"},"content":{"rendered":"<h4>Tag 1 Tanger<\/h4>\n<p>Unabh\u00e4ngig davon, ob Sie mit dem Schiff oder mit dem Flugzeug ankommen, warten wir auf Sie, um Sie in die Stadt TANGER zum Hotel zu bringen, in dem sie untergebracht sind.<br \/>\nDie Stadt befindet sich am westlichen Ende der Stra\u00dfe von Gibraltar.<br \/>\nWie alle St\u00e4dte in Marokko ist sie in die Altstadt (Medina) und in die ville nouvelle unterteilt.<br \/>\nDie ummauerte Medina von TANGER enth\u00e4lt alle Elemente des alten Viertels der marokkanischen St\u00e4dte, aber mit einem gewissen kosmopolitischen Touch. Ein Spaziergang ist ein faszinierendes Erlebnis. Im obersten Bereich befindet sich die alte Kasbah.<br \/>\nSie k\u00f6nnen durch den gro\u00dfen Souk und den Platz des 9. April 1947 und den Park der Mendubia schlendern, in dessen Garten Sie hundertj\u00e4hrige Dragos und eine Sammlung von SXVII-Kanonen der spanischen und portugiesischen Flotte finden.<br \/>\nIn dieser Stadt gibt es viel zu sehen, da sie im Laufe der Geschichte zahlreiche Einf\u00e4lle erlebt hat: Ph\u00f6nizier, Griechen, R\u00f6mer, Vandalen, Byzantiner, Berber, Araber, Fatimiden, Almoraviden, Almohaden, Meriniden, Portugiesen, Spanier, Engl\u00e4nder, Franzosen und nat\u00fcrlich Marokkaner. Jeder hat irgendeine Erinnerung hinterlassen.<\/p>\n<h4>Tag 2 Cabo Espartel<\/h4>\n<p>Nach dem Fr\u00fchst\u00fcck k\u00f6nnen Sie die Stadt TANGER besichtigen. Seine Moscheen, seine Madraza, seine katholische Kirche, &#8230; auf der Terrasse im Bab el Bahr (Tor des Meeres) zu entspannen, wo sie einen weiten Blick auf TANGER und das Meer betrachten werden.<br \/>\nWir werden in TANGER zu Mittag essen.<br \/>\nAm Nachmittag fahren wir zum Kap Esparthel. Bevor wir dort ankommen, fahren wir am Sommerpalast von K\u00f6nig Hassan II. vorbei, einer Wohngegend, in der die H\u00e4user von einer \u00fcppigen Vegetation umgeben sind. Wir halten am Aussichtspunkt von Perdicaris, von wo aus Sie eine herrliche Aussicht genie\u00dfen k\u00f6nnen.<br \/>\nWenn das Wetter es zul\u00e4sst, k\u00f6nnen Sie am Robinson Beach baden.<br \/>\nWir besichtigen die H\u00f6hlen des Herkules: Diese H\u00f6hlen waren seit pr\u00e4historischen Zeiten bewohnt. Die Natur hat hier eine Vielzahl von kreisrunden Erosionen geschaffen, die durch ein seltsames Fenster zum Meer hin an die Silhouette des afrikanischen Kontinents erinnern.<br \/>\nEtwa 200 Meter von den H\u00f6hlen entfernt befindet sich die r\u00f6mische Stadt Cotta mit den \u00dcberresten eines Tempels, einiger B\u00e4der und einer Garum-Fabrik (die Fischsauce, die die R\u00f6mer verzehrten), die damals die tragende S\u00e4ule der Wirtschaft der Stadt war.<br \/>\nWir werden anhalten, um den Sonnenuntergang zu beobachten.<br \/>\nR\u00fcckkehr nach TANGER, Abendessen und \u00dcbernachtung in Ihrem Hotel.<\/p>\n<h4>Tag 3 Tetouan &#8211; Chefchaouen<\/h4>\n<p>Am Morgen fahren wir nach TETOUAN, wir fahren entlang der K\u00fcstenstra\u00dfe nach CEUTA.<br \/>\nWir werden eine gute Aussicht auf das Meer haben, wir werden anhalten, um auf den Jebel Musa zu steigen, vor dem Felsen von Gibraltar.<br \/>\nWir werden das Rif im Hintergrund sehen, die Stadt TETOUAN mit ihren wei\u00dfen H\u00e4usern, die sich auf dem H\u00fcgel erheben. Die Stadt hat einen andalusischen Touch, da sie von den Spaniern erbaut wurde.<br \/>\nHier werden wir zu Mittag essen und die sch\u00f6nsten Pl\u00e4tze der Medina besichtigen, wie den Platz Hassan II, den K\u00f6nigspalast, die Gro\u00dfe Moschee und nat\u00fcrlich die Souks.<br \/>\nAuf der Weiterfahrt halten wir am Fischereihafen von CABO NEGRO.<br \/>\nAm Abend kommen wir in CHEFCHAUEN an, wo wir im Hotel \u00fcbernachten werden.<\/p>\n<h4>Tag 4 Chefchaouen<\/h4>\n<p>Es gibt nur wenige Orte auf der Welt, die so charismatisch und verf\u00fchrerisch sind wie die Stadt CHEFCHAUEN.<br \/>\nDie Stadt ist durch die imposanten Mauern des Rif von der realen Welt abgeschirmt. Ihre H\u00e4user und Stra\u00dfen sind blau gestrichen. Der ruhige und fr\u00f6hliche Geist ist in der ganzen Stadt und in jedem ihrer magischen Winkel pr\u00e4sent.<br \/>\nWir werden den ganzen Tag und die ganze Nacht in CHAUEN bleiben. Ein Spaziergang durch diese Stadt ist zu jeder Tages- und Nachtzeit ein gro\u00dfes visuelles Abenteuer.<\/p>\n<h4>Tag 5 Das Rif-Fez-Gebirge<\/h4>\n<p>Wir verlassen die Stadt in Richtung FEZ und durchqueren das Rif-Gebirge.<br \/>\nWir werden einen gro\u00dfen Teil dieses ausgedehnten Gebirgszuges durchqueren.<br \/>\nDie Landschaft ist wirklich erstaunlich, W\u00e4lder von Eichen, Korkeichen, Zedern und Ihr.<br \/>\nIn versteckten T\u00e4lern werden wir gro\u00dfe Haschisch-Plantagen finden.<br \/>\nWir werden unterwegs anhalten, um zu Mittag zu essen und am Abend werden wir in FEZ ankommen.<\/p>\n<h4>Tag 6 Fez<\/h4>\n<p>Nach dem Fr\u00fchst\u00fcck besuchen wir FEZ.<br \/>\nFes, eine Stadt voller Geheimnisse und Pracht, ist die vollst\u00e4ndigste mittelalterliche Medina der arabischen Welt, mit weltber\u00fchmten Denkm\u00e4lern, Tausenden von verwinkelten Gassen und Hunderten von Pal\u00e4sten und Herrenh\u00e4usern. Die UNESCO hat die FEZ zum Weltkulturerbe erkl\u00e4rt.<br \/>\nWir werden unter anderem die Attarine-Madrassa, die Karaouine-Moschee, die Gerber, die Meridin-Gr\u00e4ber und die Souks besuchen.<br \/>\nWir werden den ganzen Tag in FEZ verbringen und auch die Nacht. Sie werden sehen, es lohnt sich.<\/p>\n<h4>Tag 7 Meknes<\/h4>\n<p>Nach dem Fr\u00fchst\u00fcck fahren wir in die Stadt MEKNES.<br \/>\nWir werden MEKNES besichtigen. Sehr ruhige Stadt, sehr sch\u00f6n und aufgeteilt in die ville nouvelle, die von den Franzosen gebaut wurde und den alten Teil, wo die Medina und die kaiserliche Stadt von Mulay Ismail.<br \/>\nMEKNES war die Hauptstadt Marokkos w\u00e4hrend der 55 Jahre, die Sultan Mulay Ismail herrschte.<br \/>\nWir besichtigen die Medina, das Bab-Mansour-Tor, den Jedim-Platz, die Gro\u00dfe Moschee, die Bou-Inania-Madrassa und das Mausoleum von Mulay Ismail, und nat\u00fcrlich machen wir einen Rundgang durch die Souks.<br \/>\nNach dem Mittagessen fahren wir nach VOLUP. Es ist die wichtigste arch\u00e4ologische St\u00e4tte des Landes. Heutzutage erlaubt VOLUCABILIS wie nur wenige Orte auf der Welt, sich das Leben der R\u00f6mer im Detail vorzustellen.<br \/>\nAm Abend \u00fcbernachten wir in MEKNES in einem Hotel Ihrer Wahl.<\/p>\n<h4>Tag 8 R\u00fcckkehr nach Tanger<\/h4>\n<p>Wir \u00fcberqueren erneut das Rif-Gebirge in Richtung TANGER.<br \/>\nUnterwegs halten wir zum Mittagessen in KSAR-EL KABIR.<br \/>\nAm Abend sind wir in Tanger.<br \/>\nSie werden Zeit haben, sich in dieser gro\u00dfartigen Mittelmeerstadt zu verirren.<\/p>\n<h4>Tag 9 Tanger<\/h4>\n<p>Nach einem leckeren Fr\u00fchst\u00fcck begleiten wir Sie zum Flughafen oder zum Hafen und &#8230;<br \/>\n.bis bald Jungs&#8230;.!<\/p>\n","protected":false},"excerpt":{"rendered":"<p>Tag 1 Tanger Unabh\u00e4ngig davon, ob Sie mit dem Schiff oder mit dem Flugzeug ankommen, warten wir auf Sie, um Sie in die Stadt TANGER zum<span class=\"excerpt-hellip\"> [\u2026]<\/span><\/p>\n","protected":false},"author":1,"featured_media":0,"parent":0,"menu_order":0,"comment_status":"closed","ping_status":"closed","template":"","meta":{"ngg_post_thumbnail":0},"_links":{"self":[{"href":"https:\/\/deafmoroccotours.com\/ger\/wp-json\/wp\/v2\/pages\/153"}],"collection":[{"href":"https:\/\/deafmoroccotours.com\/ger\/wp-json\/wp\/v2\/pages"}],"about":[{"href":"https:\/\/deafmoroccotours.com\/ger\/wp-json\/wp\/v2\/types\/page"}],"author":[{"embeddable":true,"href":"https:\/\/deafmoroccotours.com\/ger\/wp-json\/wp\/v2\/users\/1"}],"replies":[{"embeddable":true,"href":"https:\/\/deafmoroccotours.com\/ger\/wp-json\/wp\/v2\/comments?post=153"}],"version-history":[{"count":5,"href":"https:\/\/deafmoroccotours.com\/ger\/wp-json\/wp\/v2\/pages\/153\/revisions"}],"predecessor-version":[{"id":367,"href":"https:\/\/deafmoroccotours.com\/ger\/wp-json\/wp\/v2\/pages\/153\/revisions\/367"}],"wp:attachment":[{"href":"https:\/\/deafmoroccotours.com\/ger\/wp-json\/wp\/v2\/media?parent=153"}],"curies":[{"name":"wp","href":"https:\/\/api.w.org\/{rel}","templated":true}]}}