{"id":159,"date":"2019-09-27T17:37:48","date_gmt":"2019-09-27T17:37:48","guid":{"rendered":"https:\/\/deafmoroccotours.com\/wp\/?page_id=159"},"modified":"2022-08-29T15:32:15","modified_gmt":"2022-08-29T15:32:15","slug":"2-nachte-kameltrekking-in-der-wuste-von-erg-chebbi","status":"publish","type":"page","link":"https:\/\/deafmoroccotours.com\/ger\/2-nachte-kameltrekking-in-der-wuste-von-erg-chebbi\/","title":{"rendered":"2 N\u00e4chte Kameltrekking in der W\u00fcste von Erg Chebbi"},"content":{"rendered":"<p>Diese Reise beginnt am Abend, und wir organisieren den Kamelritt f\u00fcr die Nacht in der W\u00fcste von einem Hotel in der N\u00e4he der Sandd\u00fcnen. Unsere Kamele werden mit Lebensmitteln, Decken und allem, was f\u00fcr unsere Reise wichtig ist, beladen. Der Treck beginnt direkt in der W\u00fcste und dauert 1,30 Stunden.<\/p>\n<p>Die Nacht verbringen wir in einem ausgestatteten Camp mit Trommelmusik mitten in der Sahara. Dies ist eine gro\u00dfartige Gelegenheit, um perfekte Bilder vom Sonnenuntergang und Sonnenaufgang zu machen. Wenn wir im Camp ankommen, gehen wir zu den hohen D\u00fcnen, um den Sonnenuntergang zu sehen. Es wird eine gro\u00dfartige Nacht sein, wenn der Himmel klar ist und die Sterne intensiv funkeln.<\/p>\n<p>In dieser ersten Nacht werden wir das Abendessen am Lagerfeuer einnehmen und die Nacht in Berberzelten verbringen. Am n\u00e4chsten Tag reiten wir morgens nach dem Fr\u00fchst\u00fcck im Camp auf den Kamelen zu den Nomadenv\u00f6lkern und essen dort zu Mittag. Wenn wir das Lager erreichen, lassen wir die Kamele stehen und nehmen die Sandbretter, um nach Sonnenuntergang zu den hohen Sandd\u00fcnen in der N\u00e4he des Lagers zu wandern. Am n\u00e4chsten Tag reiten wir morgens nach Sonnenaufgang auf den Kamelen zur\u00fcck und fr\u00fchst\u00fccken und duschen im Hotel in Merzouga.<\/p>\n","protected":false},"excerpt":{"rendered":"<p>Diese Reise beginnt am Abend, und wir organisieren den Kamelritt f\u00fcr die Nacht in der W\u00fcste von einem Hotel in der N\u00e4he der Sandd\u00fcnen. Unsere Kamele<span class=\"excerpt-hellip\"> [\u2026]<\/span><\/p>\n","protected":false},"author":1,"featured_media":0,"parent":0,"menu_order":0,"comment_status":"closed","ping_status":"closed","template":"","meta":{"ngg_post_thumbnail":0},"_links":{"self":[{"href":"https:\/\/deafmoroccotours.com\/ger\/wp-json\/wp\/v2\/pages\/159"}],"collection":[{"href":"https:\/\/deafmoroccotours.com\/ger\/wp-json\/wp\/v2\/pages"}],"about":[{"href":"https:\/\/deafmoroccotours.com\/ger\/wp-json\/wp\/v2\/types\/page"}],"author":[{"embeddable":true,"href":"https:\/\/deafmoroccotours.com\/ger\/wp-json\/wp\/v2\/users\/1"}],"replies":[{"embeddable":true,"href":"https:\/\/deafmoroccotours.com\/ger\/wp-json\/wp\/v2\/comments?post=159"}],"version-history":[{"count":2,"href":"https:\/\/deafmoroccotours.com\/ger\/wp-json\/wp\/v2\/pages\/159\/revisions"}],"predecessor-version":[{"id":331,"href":"https:\/\/deafmoroccotours.com\/ger\/wp-json\/wp\/v2\/pages\/159\/revisions\/331"}],"wp:attachment":[{"href":"https:\/\/deafmoroccotours.com\/ger\/wp-json\/wp\/v2\/media?parent=159"}],"curies":[{"name":"wp","href":"https:\/\/api.w.org\/{rel}","templated":true}]}}