{"id":161,"date":"2019-09-27T17:42:58","date_gmt":"2019-09-27T17:42:58","guid":{"rendered":"https:\/\/deafmoroccotours.com\/wp\/?page_id=161"},"modified":"2022-08-29T15:40:14","modified_gmt":"2022-08-29T15:40:14","slug":"kameltrekking-3-nachte-in-den-dunen-von-erg-chebbi","status":"publish","type":"page","link":"https:\/\/deafmoroccotours.com\/ger\/kameltrekking-3-nachte-in-den-dunen-von-erg-chebbi\/","title":{"rendered":"Kameltrekking 3 N\u00e4chte in den D\u00fcnen von Erg Chebbi"},"content":{"rendered":"<p>Diese Reise beginnt nach einem entspannten Mittagessen (je nachdem, wann Sie ankommen). Unsere Kamele werden mit Essen, Decken und allen notwendigen Dingen, die wir f\u00fcr unsere Reise ben\u00f6tigen, bepackt. Die Wanderung beginnt mitten in der W\u00fcste. Die Route f\u00fchrt uns zu einer kleinen Oase mitten in den D\u00fcnen. Hier werden wir die Nacht in einem Nomadenzelt verbringen.<\/p>\n<p>Es wird eine wirklich magische Nacht, wenn der Himmel klar ist und von Sternen bedeckt ist, die intensiv leuchten. In der ersten Nacht werden wir ein wunderbares Abendessen am Lagerfeuer genie\u00dfen.<\/p>\n<p>Am Morgen, nach dem Fr\u00fchst\u00fcck, fahren wir etwa 2 Stunden zu unserem n\u00e4chsten Ziel. Wir halten zum Mittagessen neben einem W\u00fcstenbaum &#8216;Tamariske&#8217; f\u00fcr etwa 1,5 Stunden. Im Schatten dieses Baumes werden wir ein schmackhaftes W\u00fcstenmittagessen zu uns nehmen und uns dann auf den Weg zum Haus einer Nomadenfamilie machen, bei der Sie die zweite Nacht verbringen werden und einige Zeit mit dieser Nomadenfamilie verbringen werden. Am n\u00e4chsten Tag, nach dem Fr\u00fchst\u00fcck mit den Berbern, fahren wir zu einer weiteren kleinen Oase inmitten der W\u00fcste.<\/p>\n<p>Bevor wir das Camp erreichen, halten wir unterwegs f\u00fcr ein W\u00fcstenmittagessen an. Ihre letzte (dritte) Nacht verbringen Sie bei einer Berbernomadenfamilie, die in dieser Oase lebt. W\u00e4hrend des Abendessens werden wir eine fantastische Trommelmusik-Party unter dem Sternenhimmel der W\u00fcste erleben. Nach dem Fr\u00fchst\u00fcck fahren wir zur\u00fcck in das Dorf Merzouga oder in Ihr Riad\/Hotel\/Auberge.<\/p>\n","protected":false},"excerpt":{"rendered":"<p>Diese Reise beginnt nach einem entspannten Mittagessen (je nachdem, wann Sie ankommen). Unsere Kamele werden mit Essen, Decken und allen notwendigen Dingen, die wir f\u00fcr unsere<span class=\"excerpt-hellip\"> [\u2026]<\/span><\/p>\n","protected":false},"author":1,"featured_media":0,"parent":0,"menu_order":0,"comment_status":"closed","ping_status":"closed","template":"","meta":{"ngg_post_thumbnail":0},"_links":{"self":[{"href":"https:\/\/deafmoroccotours.com\/ger\/wp-json\/wp\/v2\/pages\/161"}],"collection":[{"href":"https:\/\/deafmoroccotours.com\/ger\/wp-json\/wp\/v2\/pages"}],"about":[{"href":"https:\/\/deafmoroccotours.com\/ger\/wp-json\/wp\/v2\/types\/page"}],"author":[{"embeddable":true,"href":"https:\/\/deafmoroccotours.com\/ger\/wp-json\/wp\/v2\/users\/1"}],"replies":[{"embeddable":true,"href":"https:\/\/deafmoroccotours.com\/ger\/wp-json\/wp\/v2\/comments?post=161"}],"version-history":[{"count":2,"href":"https:\/\/deafmoroccotours.com\/ger\/wp-json\/wp\/v2\/pages\/161\/revisions"}],"predecessor-version":[{"id":347,"href":"https:\/\/deafmoroccotours.com\/ger\/wp-json\/wp\/v2\/pages\/161\/revisions\/347"}],"wp:attachment":[{"href":"https:\/\/deafmoroccotours.com\/ger\/wp-json\/wp\/v2\/media?parent=161"}],"curies":[{"name":"wp","href":"https:\/\/api.w.org\/{rel}","templated":true}]}}