{"id":378,"date":"2024-09-26T13:45:54","date_gmt":"2024-09-26T13:45:54","guid":{"rendered":"https:\/\/deafmoroccotours.com\/ger\/?page_id=378"},"modified":"2024-09-26T13:45:54","modified_gmt":"2024-09-26T13:45:54","slug":"15-tage-reise-durch-marokko-ab-marrakech","status":"publish","type":"page","link":"https:\/\/deafmoroccotours.com\/ger\/15-tage-reise-durch-marokko-ab-marrakech\/","title":{"rendered":"15 Tage Reise durch Marokko ab Marrakech"},"content":{"rendered":"<p>15-Tage-Reise durch Marokko: Von Marrakesch zur W\u00fcste, den Bergen und der K\u00fcste<\/p>\n<h4>Tag 1: Ankunft in Marrakech<\/h4>\n<p>Ihr Abenteuer beginnt in der pulsierenden Stadt Marrakesch, wo Sie landen und Ihr Quartier beziehen. Verbringen Sie den Nachmittag mit der Erkundung des Jemaa el-Fnaa-Platzes und der Medina, verirren Sie sich in den Souks und genie\u00dfen Sie das pulsierende Stra\u00dfenleben. Verpassen Sie nicht den Blick auf den Sonnenuntergang \u00fcber dem Platz bei einem Pfefferminztee.<\/p>\n<h4>Tag 2: Marrakesch &#8211; Ouarzazate<\/h4>\n<p>Am Morgen machen Sie sich auf den Weg nach Ouarzazate \u00fcber den atemberaubenden Tizi n&#8217;Tichka-Pass im Atlasgebirge. Auf dem Weg dorthin besuchen Sie das historische Ait Ben Haddou, ein UNESCO-Weltkulturerbe, das f\u00fcr seine ikonischen Kasbahs bekannt ist. Ouarzazate, oft als \u201eTor zur Sahara\u201c bezeichnet, ist ber\u00fchmt f\u00fcr seine Filmstudios und die Kasbah Taourirt.<\/p>\n<h4>Tag 3: Ouarzazate &#8211; Dades-Schluchten<\/h4>\n<p>Fahren Sie in Richtung Dades-Tal, das oft als \u201eTal der tausend Kasbahs\u201c bezeichnet wird. Sie fahren durch malerische Berberd\u00f6rfer und oasenreiche T\u00e4ler. Die Dades-Schluchten bieten spektakul\u00e4re Ausblicke, besonders bei Sonnenuntergang, wenn die Felsformationen in Rot- und Oranget\u00f6nen leuchten.<\/p>\n<h4>Tag 4: Dades, Todra-Schluchten und Merzouga<\/h4>\n<p>Verlassen Sie Dades und fahren Sie zu den beeindruckenden Todra-Schluchten, die f\u00fcr ihre steilen, hoch aufragenden Klippen bekannt sind. Nach einer Wanderung durch die Schlucht setzen Sie Ihre Reise in die W\u00fcste fort und erreichen am Abend Merzouga. Hier bereiten Sie sich auf einen Kameltrek in die D\u00fcnen von Erg Chebbi vor, wo Sie die Nacht in einem W\u00fcstencamp unter dem Sternenhimmel verbringen.<\/p>\n<h4>Tag 5: Erkundung der W\u00fcste von Merzouga<\/h4>\n<p>Wachen Sie fr\u00fch auf, um den Sonnenaufgang \u00fcber den D\u00fcnen zu erleben, und fr\u00fchst\u00fccken Sie anschlie\u00dfend im Camp. Verbringen Sie den Tag damit, die W\u00fcste zu erkunden, eine einheimische Nomadenfamilie zu besuchen und eine 4\u00d74-Tour durch die D\u00fcnen zu unternehmen. Am Abend genie\u00dfen Sie eine weitere ruhige Nacht in der Sahara.<\/p>\n<h4>Tag 6: Merzouga nach Midelt<\/h4>\n<p>Sie fahren in Richtung Norden nach Midelt, einer kleinen Stadt zwischen dem Mittleren Atlas und dem Hohen Atlasgebirge. Auf dem Weg dorthin durchqueren Sie das Ziz-Tal, das f\u00fcr seine \u00fcppigen Palmenhaine und atemberaubenden Landschaften bekannt ist. Midelt ist ein idealer Ort, um sich auszuruhen und die k\u00fchlere Bergluft zu genie\u00dfen.<\/p>\n<h4>Tag 7: Midelt &#8211; Fes<\/h4>\n<p>Weiterfahrt nach Fes, dem kulturellen und spirituellen Zentrum Marokkos. Diese alte Stadt ist bekannt f\u00fcr ihre gut erhaltene mittelalterliche Architektur und die belebten Souks. Verbringen Sie den Nachmittag mit der Erkundung der Medina von Fes, die zum UNESCO-Weltkulturerbe geh\u00f6rt, und besuchen Sie die Al Quaraouiyine-Universit\u00e4t, eine der \u00e4ltesten der Welt.<\/p>\n<h4>Tag 8: Erkundung von Fes<\/h4>\n<p>Nehmen Sie sich einen Tag Zeit, um die Wunder von Fes zu erkunden. Besuchen Sie die Bou Inania Madrasa, das Dar Batha Museum und die Chouara Gerberei, wo Sie die traditionellen Techniken der Lederherstellung kennen lernen k\u00f6nnen. Fes ist ein Labyrinth aus Geschichte und Kultur, das darauf wartet, erkundet zu werden.<\/p>\n<h4>Tag 9: Fes nach Chefchaouen<\/h4>\n<p>Verlassen Sie Fes und machen Sie sich auf den Weg in die blau gestrichene Stadt Chefchaouen, die im Rif-Gebirge liegt. Chefchaouen ist bekannt f\u00fcr seine malerischen Gassen und die leuchtend blauen Mauern und ist der perfekte Ort, um zu bummeln, zu entspannen und Fotos von dieser fotogenen Stadt zu machen.<\/p>\n<h4>Tag 10: Chefchaouen &#8211; Tanger<\/h4>\n<p>Nach einem gem\u00fctlichen Vormittag in Chefchaouen fahren Sie nach Tanger, das an der Nordspitze Marokkos liegt. Diese K\u00fcstenstadt ist seit langem ein Tor zwischen Afrika und Europa. Besuchen Sie das Kasbah-Museum, erkunden Sie den Grand Socco und genie\u00dfen Sie den Blick auf die Stra\u00dfe von Gibraltar.<\/p>\n<h4>Tag 11: Tanger nach Rabat<\/h4>\n<p>Weiterfahrt entlang der Atlantikk\u00fcste nach Rabat, der Hauptstadt Marokkos. In Rabat k\u00f6nnen Sie den Hassan-Turm und das Mausoleum von Mohammed V. besichtigen und durch die wundersch\u00f6nen Andalusischen G\u00e4rten schlendern. Rabat ist eine friedliche Stadt mit einer faszinierenden Mischung aus Geschichte und Modernit\u00e4t.<\/p>\n<h4>Tag 12: Rabat &#8211; Casablanca<\/h4>\n<p>Fahrt nach Casablanca, Marokkos gr\u00f6\u00dfter Stadt und wirtschaftlichem Zentrum. Besuchen Sie die beeindruckende Hassan-II-Moschee mit dem h\u00f6chsten Minarett der Welt, die direkt am Atlantik liegt. Verbringen Sie den Abend damit, die pulsierende Corniche zu erkunden und die kosmopolitische Atmosph\u00e4re Casablancas zu genie\u00dfen.<\/p>\n<h4>Tag 13: Casablanca &#8211; Essaouira<\/h4>\n<p>Sie verlassen Casablanca und fahren in die K\u00fcstenstadt Essaouira, die f\u00fcr ihre entspannte Atmosph\u00e4re, ihre historische Medina und ihre sch\u00f6nen Str\u00e4nde bekannt ist. Erkunden Sie die Skala de la Ville, die Festungsmauern und den lebhaften Fischmarkt. Die entspannte Atmosph\u00e4re von Essaouira ist der perfekte Ort zum Entspannen.<\/p>\n<h4>Tag 14: Essaouira nach Marrakesch \u00fcber das Ourika-Tal und Setti Fatma<\/h4>\n<p>Verlassen Sie Essaouira fr\u00fch und fahren Sie zur\u00fcck nach Marrakesch, wo Sie einen Zwischenstopp im Ourika-Tal einlegen. Erkunden Sie das \u00fcppige Tal und besuchen Sie die Wasserf\u00e4lle von Setti Fatma, ein beliebtes Wanderziel. Weiterfahrt nach Marrakesch f\u00fcr die Nacht.<\/p>\n<h4>Tag 15: Tagesausflug zu den Ouzoud-Wasserf\u00e4llen und R\u00fcckkehr nach Marrakesch<\/h4>\n<p>An Ihrem letzten Tag unternehmen Sie einen Tagesausflug zu den ber\u00fchmten Ouzoud-Wasserf\u00e4llen, die zu den h\u00f6chsten in Nordafrika geh\u00f6ren. Die F\u00e4lle st\u00fcrzen in eine tiefe Schlucht und sind von \u00fcppigen Olivenhainen umgeben. Nach einem erfrischenden Tag in Ouzoud kehren Sie f\u00fcr Ihren letzten Abend in dieser magischen Stadt nach Marrakesch zur\u00fcck.<\/p>\n<p>Diese 15-t\u00e4gige Reise zeigt das Beste von Marokko, von den pulsierenden St\u00e4dten und ruhigen W\u00fcsten bis hin zu den majest\u00e4tischen Bergen und entspannenden K\u00fcstenst\u00e4dten. Sie bekommen einen Vorgeschmack auf alles, was dieses Land so fesselnd macht &#8211; Geschichte, Kultur, Natur und Abenteuer.<\/p>\n","protected":false},"excerpt":{"rendered":"<p>15-Tage-Reise durch Marokko: Von Marrakesch zur W\u00fcste, den Bergen und der K\u00fcste Tag 1: Ankunft in Marrakech Ihr Abenteuer beginnt in der pulsierenden Stadt Marrakesch, wo<span class=\"excerpt-hellip\"> [\u2026]<\/span><\/p>\n","protected":false},"author":1,"featured_media":0,"parent":0,"menu_order":0,"comment_status":"closed","ping_status":"closed","template":"","meta":{"ngg_post_thumbnail":0},"_links":{"self":[{"href":"https:\/\/deafmoroccotours.com\/ger\/wp-json\/wp\/v2\/pages\/378"}],"collection":[{"href":"https:\/\/deafmoroccotours.com\/ger\/wp-json\/wp\/v2\/pages"}],"about":[{"href":"https:\/\/deafmoroccotours.com\/ger\/wp-json\/wp\/v2\/types\/page"}],"author":[{"embeddable":true,"href":"https:\/\/deafmoroccotours.com\/ger\/wp-json\/wp\/v2\/users\/1"}],"replies":[{"embeddable":true,"href":"https:\/\/deafmoroccotours.com\/ger\/wp-json\/wp\/v2\/comments?post=378"}],"version-history":[{"count":1,"href":"https:\/\/deafmoroccotours.com\/ger\/wp-json\/wp\/v2\/pages\/378\/revisions"}],"predecessor-version":[{"id":379,"href":"https:\/\/deafmoroccotours.com\/ger\/wp-json\/wp\/v2\/pages\/378\/revisions\/379"}],"wp:attachment":[{"href":"https:\/\/deafmoroccotours.com\/ger\/wp-json\/wp\/v2\/media?parent=378"}],"curies":[{"name":"wp","href":"https:\/\/api.w.org\/{rel}","templated":true}]}}