{"id":113,"date":"2019-09-27T17:07:05","date_gmt":"2019-09-27T17:07:05","guid":{"rendered":"https:\/\/deafmoroccotours.com\/wp\/?page_id=113"},"modified":"2022-08-29T15:12:43","modified_gmt":"2022-08-29T15:12:43","slug":"tour-di-un-giorno-da-marrakech-ad-ait-ben-haddou","status":"publish","type":"page","link":"https:\/\/deafmoroccotours.com\/it\/tour-di-un-giorno-da-marrakech-ad-ait-ben-haddou\/","title":{"rendered":"Tour di un giorno da Marrakech ad Ait Ben Haddou"},"content":{"rendered":"<p>a sua escursione di un giorno verso ait ben haddou e ouarzazate, attraverser\u00e0 completamente la catena dell&#8217;Alto Atlante per la via del Tizi n&#8217;Tichka, passando per la strada pi\u00f9 alta dell&#8217;Africa; ammirerete le montagne dei bellissimi e tradizionali villaggi berberi.<\/p>\n<p>Noterete la differenza tra i due lati della catena: il nord mantiene un chiaro carattere mediterraneo, mentre il sud \u00e8 molto pi\u00f9 arido e sahariano. Questo \u00e8 marcato nella vegetazione, ma anche nel modo di costruire le abitazioni tradizionali che tengono conto di condizioni climatiche molto diverse.<\/p>\n","protected":false},"excerpt":{"rendered":"<p>a sua escursione di un giorno verso ait ben haddou e ouarzazate, attraverser\u00e0 completamente la catena dell&#8217;Alto Atlante per la via del Tizi n&#8217;Tichka, passando per<span class=\"excerpt-hellip\"> [\u2026]<\/span><\/p>\n","protected":false},"author":1,"featured_media":0,"parent":0,"menu_order":0,"comment_status":"closed","ping_status":"closed","template":"","meta":{"ngg_post_thumbnail":0},"_links":{"self":[{"href":"https:\/\/deafmoroccotours.com\/it\/wp-json\/wp\/v2\/pages\/113"}],"collection":[{"href":"https:\/\/deafmoroccotours.com\/it\/wp-json\/wp\/v2\/pages"}],"about":[{"href":"https:\/\/deafmoroccotours.com\/it\/wp-json\/wp\/v2\/types\/page"}],"author":[{"embeddable":true,"href":"https:\/\/deafmoroccotours.com\/it\/wp-json\/wp\/v2\/users\/1"}],"replies":[{"embeddable":true,"href":"https:\/\/deafmoroccotours.com\/it\/wp-json\/wp\/v2\/comments?post=113"}],"version-history":[{"count":3,"href":"https:\/\/deafmoroccotours.com\/it\/wp-json\/wp\/v2\/pages\/113\/revisions"}],"predecessor-version":[{"id":350,"href":"https:\/\/deafmoroccotours.com\/it\/wp-json\/wp\/v2\/pages\/113\/revisions\/350"}],"wp:attachment":[{"href":"https:\/\/deafmoroccotours.com\/it\/wp-json\/wp\/v2\/media?parent=113"}],"curies":[{"name":"wp","href":"https:\/\/api.w.org\/{rel}","templated":true}]}}